{"id":15317,"date":"2024-10-06T18:02:50","date_gmt":"2024-10-06T16:02:50","guid":{"rendered":"https:\/\/9play.de\/shop\/produkt\/retro-kinder-waage\/"},"modified":"2024-10-06T18:02:52","modified_gmt":"2024-10-06T16:02:52","slug":"retro-kinder-waage","status":"publish","type":"product","link":"https:\/\/9play.de\/shop\/produkt\/retro-kinder-waage\/","title":{"rendered":"Retro Kinder Waage"},"content":{"rendered":"<p>SIMBA &#8211; Junior Waage &#8211;&nbsp;Mechanische Waage Inklusive 5 Papiert\u00fcten<\/p>\n<p>Jetzt wird im Kaufladen alles abgewogen. Mit der tollen Junior Waage von Simba Toys wird nun von Obst und Gem\u00fcse das Gewicht ermittelt.<\/p>\n<p>Die Waage verf\u00fcgt \u00fcber eine Skalaeinteilung bis 275 g, eine abnehmbare Waagschale, 5 T\u00fcten sowie eine Halterung.<\/p>\n<p>Die Waage ist 25cm hoch und f\u00fcr Kinder ab 3 Jahren geeignet.<\/p>\n<p>&nbsp;<\/p>\n<p>Material: Kunststoff<br \/>Besonderheit: mechanisch<br \/>Material: Kunststoff<br \/>Altersempfehlung: ab 3 Jahre<br \/>Marke: Simba<br \/>Spielzeugrichtlinie Sprache: deutsch<br \/>Artikelgewicht 499 g&nbsp;<br \/>Produktabmessungen ca. 17 x 25 x 3 cm&nbsp;<\/p>\n<p>Achtung! Nicht f\u00fcr Kinder unter 3 Jahren geeignet.<\/p>\n<p>Achtung: Benutzung unter unmittelbarer Aufsicht von Erwachsenen.<\/p>\n","protected":false},"excerpt":{"rendered":"<p>Dieses Junior Waage von Simba darf in keinem Einkaufsladen fehlen.<\/p>\n","protected":false},"featured_media":15318,"comment_status":"closed","ping_status":"open","template":"","meta":[],"product_brand":[],"product_cat":[442],"product_tag":[],"class_list":{"0":"post-15317","1":"product","2":"type-product","3":"status-publish","4":"has-post-thumbnail","6":"product_cat-rollenspielzeug","8":"first","9":"instock","10":"shipping-taxable","11":"purchasable","12":"product-type-simple"},"_links":{"self":[{"href":"https:\/\/9play.de\/shop\/wp-json\/wp\/v2\/product\/15317","targetHints":{"allow":["GET"]}}],"collection":[{"href":"https:\/\/9play.de\/shop\/wp-json\/wp\/v2\/product"}],"about":[{"href":"https:\/\/9play.de\/shop\/wp-json\/wp\/v2\/types\/product"}],"replies":[{"embeddable":true,"href":"https:\/\/9play.de\/shop\/wp-json\/wp\/v2\/comments?post=15317"}],"wp:featuredmedia":[{"embeddable":true,"href":"https:\/\/9play.de\/shop\/wp-json\/wp\/v2\/media\/15318"}],"wp:attachment":[{"href":"https:\/\/9play.de\/shop\/wp-json\/wp\/v2\/media?parent=15317"}],"wp:term":[{"taxonomy":"product_brand","embeddable":true,"href":"https:\/\/9play.de\/shop\/wp-json\/wp\/v2\/product_brand?post=15317"},{"taxonomy":"product_cat","embeddable":true,"href":"https:\/\/9play.de\/shop\/wp-json\/wp\/v2\/product_cat?post=15317"},{"taxonomy":"product_tag","embeddable":true,"href":"https:\/\/9play.de\/shop\/wp-json\/wp\/v2\/product_tag?post=15317"}],"curies":[{"name":"wp","href":"https:\/\/api.w.org\/{rel}","templated":true}]}}