{"id":15321,"date":"2024-10-06T18:02:50","date_gmt":"2024-10-06T16:02:50","guid":{"rendered":"https:\/\/9play.de\/shop\/produkt\/van-dael-bowl-of-flowers-1000-puzzleteile\/"},"modified":"2024-10-06T18:02:55","modified_gmt":"2024-10-06T16:02:55","slug":"van-dael-bowl-of-flowers-1000-puzzleteile","status":"publish","type":"product","link":"https:\/\/9play.de\/shop\/produkt\/van-dael-bowl-of-flowers-1000-puzzleteile\/","title":{"rendered":"Van Dael Bowl of Flowers &#8211; 1000 Puzzleteile"},"content":{"rendered":"<p><b>Museum Collection &#8211; Van Dael: Blumenvase<\/b><\/p>\n<p>The Great Museums &#8211; Louvre<br \/>Louvre, das ber\u00fchmteste Museum der Welt, ist heute ein exklusives Markenzeichen der Clementoni-Puzzles. Die bekanntesten Bilder sind heute in einer eleganten Verpackung erh\u00e4ltlich, die die Auswahl der Clementoni-Puzzles noch hochwertiger gestaltet.<\/p>\n<p>Seit Jahren tritt Clementoni bereits erfolgreich f\u00fcr die perfekte Beziehung zwischen Kunst und Puzzle ein.<br \/>Aus diesem Grund hat das Unternehmen entschieden, ein Projekt von hohem Wert und Ansehen zu pr\u00e4sentieren, um sich in der Welt dieses Spiels noch st\u00e4rker zu behaupten<br \/>Diese gro\u00dfe Kunstreihe wird die sch\u00f6nsten und ber\u00fchmtesten, in den bekanntesten und meist besuchten Museen der Welt ausgestellten Werke enthalten.<br \/>Jede Puzzle-Kollektion ist durch ihre Ausma\u00dfe, Farben und goldene Drucktechnik elegant gestaltet und enth\u00e4lt Anmerkungen \u00fcber den jeweiligen K\u00fcnstler und sein Werk.<br \/>Vom Louvre bis zum Centre Pompidou, von Leonardo da Vinci bis zu Picasso verwandelt die Reihe &#8222;Museum Collection&#8220; zeitlose Kunst in exklusive Puzzles.<\/p>\n<p>Clementoni Puzzles bestechen durch Materialien in h\u00f6chster Qualit\u00e4t, wundersch\u00f6ne Bilder, exklusive Kollektionen, hochwertige Drucke, sowie Puzzleteile von pr\u00e4ziser Passform. Eine kluge Produktionstechnik macht ein perfektes Ineinanderpassen m\u00f6glich. Die Puzzle-Sortimente werden h\u00f6chsten Anspr\u00fcchen gerecht und nicht zuletzt dadurch ist Clementoni in vielen L\u00e4ndern Europas Marktf\u00fchrer. Die HIGH QUALITY COLLECTION zeichnet sich durch beeindruckende Motive, Qualit\u00e4tsdruck, pr\u00e4zises Einpassen und robustes Material aus. Eine elegante Puzzlereihe f\u00fcr Liebhaber von Besonderheiten. Die Firma Clementoni verwendet ausschlie\u00dflich umweltfreundliches Herstellungsmaterial.<\/p>\n<p>&nbsp;<\/p>\n<p>Alter: ab 12 Jahre<br \/>Puzzleteile: &nbsp;1000-teilig<br \/>Puzzlema\u00dfe: 67,7 x 47,7 cm<\/p>\n<p>&nbsp;<\/p>\n<p>Warnhinweis:Achtung! Nicht f\u00fcr Kinder unter 36 Monaten geeignet<\/p>\n","protected":false},"excerpt":{"rendered":"<p>Clementoni Puzzles bestechen durch Materialien in h\u00f6chster Qualit\u00e4t, wundersch\u00f6ne Bilder, exklusive Kollektionen, hochwertige Drucke, sowie Puzzleteile von pr\u00e4ziser Passform.<\/p>\n","protected":false},"featured_media":15322,"comment_status":"closed","ping_status":"open","template":"","meta":[],"product_brand":[],"product_cat":[443],"product_tag":[],"class_list":{"0":"post-15321","1":"product","2":"type-product","3":"status-publish","4":"has-post-thumbnail","6":"product_cat-klassiker","8":"first","9":"instock","10":"shipping-taxable","11":"purchasable","12":"product-type-simple"},"_links":{"self":[{"href":"https:\/\/9play.de\/shop\/wp-json\/wp\/v2\/product\/15321","targetHints":{"allow":["GET"]}}],"collection":[{"href":"https:\/\/9play.de\/shop\/wp-json\/wp\/v2\/product"}],"about":[{"href":"https:\/\/9play.de\/shop\/wp-json\/wp\/v2\/types\/product"}],"replies":[{"embeddable":true,"href":"https:\/\/9play.de\/shop\/wp-json\/wp\/v2\/comments?post=15321"}],"wp:featuredmedia":[{"embeddable":true,"href":"https:\/\/9play.de\/shop\/wp-json\/wp\/v2\/media\/15322"}],"wp:attachment":[{"href":"https:\/\/9play.de\/shop\/wp-json\/wp\/v2\/media?parent=15321"}],"wp:term":[{"taxonomy":"product_brand","embeddable":true,"href":"https:\/\/9play.de\/shop\/wp-json\/wp\/v2\/product_brand?post=15321"},{"taxonomy":"product_cat","embeddable":true,"href":"https:\/\/9play.de\/shop\/wp-json\/wp\/v2\/product_cat?post=15321"},{"taxonomy":"product_tag","embeddable":true,"href":"https:\/\/9play.de\/shop\/wp-json\/wp\/v2\/product_tag?post=15321"}],"curies":[{"name":"wp","href":"https:\/\/api.w.org\/{rel}","templated":true}]}}