{"id":15327,"date":"2024-10-06T18:02:50","date_gmt":"2024-10-06T16:02:50","guid":{"rendered":"https:\/\/9play.de\/shop\/produkt\/leopard-im-dschungel-2000-puzzleteile\/"},"modified":"2024-10-06T18:02:59","modified_gmt":"2024-10-06T16:02:59","slug":"leopard-im-dschungel-2000-puzzleteile","status":"publish","type":"product","link":"https:\/\/9play.de\/shop\/produkt\/leopard-im-dschungel-2000-puzzleteile\/","title":{"rendered":"Leopard im Dschungel &#8211; 2000 Puzzleteile"},"content":{"rendered":"<p><b>Puzzle Leopard 2000 Teile<\/b><\/p>\n<p>Das Clementoni Puzzle \u00bbLeopard\u00ab aus der High Quality Collection begeistert mit besonders guter Qualit\u00e4t. Die Puzzleteile \u00fcberzeugen mit ihrer pr\u00e4zisen Passform und hochwertigem Druck. Eine kluge Produktionstechnik macht ein perfektes Ineinanderpassen m\u00f6glich. Der hochwertige Druck setzt den Leoparden beim Trinken im Dschungel besonders in Szene. Mit 2000 Teilen ist das Puzzle eine besondere Herausforderung f\u00fcr Puzzlefans ab 9 Jahren. Das Clementoni Puzzle \u00bbLeopard\u00ab in guter Qualit\u00e4t ist ein lang anhaltender Zeitvertreib, der viel Freude macht.<br \/>&nbsp;<\/p>\n<p>&nbsp;<\/p>\n<p>Puzzle \u00bbLeopard\u00ab mit 2000 Teilen<br \/>Ab 9 Jahren<br \/>Wilder Leopard im Dschungel beim Trinken<br \/>B\/H: ca. 98\/67 cm<br \/>Aus der High Quality Collection<\/p>\n<p>Warnhinweis: Achtung! Nicht f\u00fcr Kinder unter 3 Jahren geeignet. Es besteht Erstickungsgefahr wegen verschluckbarer Kleinteile!<\/p>\n","protected":false},"excerpt":{"rendered":"<p>Die Puzzleteile \u00fcberzeugen mit ihrer pr\u00e4zisen Passform und hochwertigem Druck.<\/p>\n","protected":false},"featured_media":15328,"comment_status":"closed","ping_status":"open","template":"","meta":[],"product_brand":[],"product_cat":[443],"product_tag":[],"class_list":{"0":"post-15327","1":"product","2":"type-product","3":"status-publish","4":"has-post-thumbnail","6":"product_cat-klassiker","8":"first","9":"instock","10":"shipping-taxable","11":"purchasable","12":"product-type-simple"},"_links":{"self":[{"href":"https:\/\/9play.de\/shop\/wp-json\/wp\/v2\/product\/15327","targetHints":{"allow":["GET"]}}],"collection":[{"href":"https:\/\/9play.de\/shop\/wp-json\/wp\/v2\/product"}],"about":[{"href":"https:\/\/9play.de\/shop\/wp-json\/wp\/v2\/types\/product"}],"replies":[{"embeddable":true,"href":"https:\/\/9play.de\/shop\/wp-json\/wp\/v2\/comments?post=15327"}],"wp:featuredmedia":[{"embeddable":true,"href":"https:\/\/9play.de\/shop\/wp-json\/wp\/v2\/media\/15328"}],"wp:attachment":[{"href":"https:\/\/9play.de\/shop\/wp-json\/wp\/v2\/media?parent=15327"}],"wp:term":[{"taxonomy":"product_brand","embeddable":true,"href":"https:\/\/9play.de\/shop\/wp-json\/wp\/v2\/product_brand?post=15327"},{"taxonomy":"product_cat","embeddable":true,"href":"https:\/\/9play.de\/shop\/wp-json\/wp\/v2\/product_cat?post=15327"},{"taxonomy":"product_tag","embeddable":true,"href":"https:\/\/9play.de\/shop\/wp-json\/wp\/v2\/product_tag?post=15327"}],"curies":[{"name":"wp","href":"https:\/\/api.w.org\/{rel}","templated":true}]}}