{"id":15333,"date":"2024-10-06T18:02:50","date_gmt":"2024-10-06T16:02:50","guid":{"rendered":"https:\/\/9play.de\/shop\/produkt\/grosser-doktorkoffer\/"},"modified":"2024-10-06T18:03:03","modified_gmt":"2024-10-06T16:03:03","slug":"grosser-doktorkoffer","status":"publish","type":"product","link":"https:\/\/9play.de\/shop\/produkt\/grosser-doktorkoffer\/","title":{"rendered":"Gro\u00dfer Doktorkoffer"},"content":{"rendered":"<p>Gro\u00dfer Doktorkoffer 10 tlg. Arzt spielen Doktor.<br \/>Super geeignet f\u00fcr alle kleinen \u00c4rztinnen und \u00c4rzte.<br \/>In diesem Koffer findet Ihr Kind alles, um seine kleinen Lieblinge und Freunde zu versorgen. Vom Stethoskop bis zur Spritze ist alles Notwendige dabei.<br \/>Damit steht der schnellen Genesung nichts mehr im Wege.<br \/>Mit diesem Doktor-Koffer von Simbasind kleine \u00c4rzte und \u00c4rztinnen immer f\u00fcr den Notfallger\u00fcstet!<br \/>Dem Teddy tut der Arm weh, er ist hingefallen und blutet, Du musst Ihm schnell ein Pflaster draufkleben.<br \/>Die arme Puppe ist ganz hei\u00df und hat bestimmt die Grippe&#8230;als erstes solltest Du in Ihre Ohren schauen, danach muss nochFieber gemessen werden und ganz wichtig ist, Sie abzuhorchen.<br \/>Allen Deinen kleinen Patienten, kannst Du danachein Rezept ausstellen, damit Sie schnell wieder gesund werden.<br \/>Rollenspiele f\u00f6rdern die Phantasie und Kreativit\u00e4t und sind f\u00fcr die Entwicklung von Kindern besonders wichtig.<br \/>&nbsp;<\/p>\n<p>&nbsp;<\/p>\n<p>Material: 100 % Kunststoff<br \/>Altersempfehlung: ab 3 Jahre<br \/>Farbe: transparenter Koffer mit buntem Zubeh\u00f6r und Tragegriff<br \/>Gr\u00f6\u00dfe: ca. 28 x 28 x 10 cm<br \/>Verpackung: ca. 37 x 28 x 12 cm<\/p>\n<p>Achtung: Nicht f\u00fcr Kinder unter 36 Monaten geeignet. Enth\u00e4lt verschluckbare Kleinteile.<\/p>\n<p>Achtung: Benutzung unter unmittelbarer Aufsicht von Erwachsenen.<\/p>\n","protected":false},"excerpt":{"rendered":"<p>In diesem Koffer findet Ihr Kind alles, um seine kleinen Lieblinge und Freunde zu versorgen.<\/p>\n","protected":false},"featured_media":15334,"comment_status":"closed","ping_status":"open","template":"","meta":[],"product_brand":[],"product_cat":[444],"product_tag":[],"class_list":{"0":"post-15333","1":"product","2":"type-product","3":"status-publish","4":"has-post-thumbnail","6":"product_cat-arzt","8":"first","9":"instock","10":"shipping-taxable","11":"purchasable","12":"product-type-simple"},"_links":{"self":[{"href":"https:\/\/9play.de\/shop\/wp-json\/wp\/v2\/product\/15333","targetHints":{"allow":["GET"]}}],"collection":[{"href":"https:\/\/9play.de\/shop\/wp-json\/wp\/v2\/product"}],"about":[{"href":"https:\/\/9play.de\/shop\/wp-json\/wp\/v2\/types\/product"}],"replies":[{"embeddable":true,"href":"https:\/\/9play.de\/shop\/wp-json\/wp\/v2\/comments?post=15333"}],"wp:featuredmedia":[{"embeddable":true,"href":"https:\/\/9play.de\/shop\/wp-json\/wp\/v2\/media\/15334"}],"wp:attachment":[{"href":"https:\/\/9play.de\/shop\/wp-json\/wp\/v2\/media?parent=15333"}],"wp:term":[{"taxonomy":"product_brand","embeddable":true,"href":"https:\/\/9play.de\/shop\/wp-json\/wp\/v2\/product_brand?post=15333"},{"taxonomy":"product_cat","embeddable":true,"href":"https:\/\/9play.de\/shop\/wp-json\/wp\/v2\/product_cat?post=15333"},{"taxonomy":"product_tag","embeddable":true,"href":"https:\/\/9play.de\/shop\/wp-json\/wp\/v2\/product_tag?post=15333"}],"curies":[{"name":"wp","href":"https:\/\/api.w.org\/{rel}","templated":true}]}}