{"id":15337,"date":"2024-10-06T18:02:50","date_gmt":"2024-10-06T16:02:50","guid":{"rendered":"https:\/\/9play.de\/shop\/produkt\/antike-landkarte-2000-teile\/"},"modified":"2024-10-06T18:03:05","modified_gmt":"2024-10-06T16:03:05","slug":"antike-landkarte-2000-teile","status":"publish","type":"product","link":"https:\/\/9play.de\/shop\/produkt\/antike-landkarte-2000-teile\/","title":{"rendered":"Antike Landkarte, 2000 Teile"},"content":{"rendered":"<p><b>Puzzle&nbsp; Antike Landkarte 2000 Teile<\/b><\/p>\n<p>Clementoni Puzzles heben sich durch Materialien in h\u00f6chster Qualit\u00e4t, wundersch\u00f6ne Bilder, exklusive Kollektionen, hochwertige Drucke, sowie Puzzleteile von pr\u00e4ziser Passform ab. Die Puzzle werden h\u00f6chsten Anspr\u00fcchen gerecht und nicht zuletzt dadurch ist Clementoni in vielen L\u00e4ndern Europas Marktf\u00fchrer. Die HIGH QUALITY COLLECTION zeichnet sich durch beeindruckende Motive, Qualit\u00e4tsdruck, pr\u00e4zises Einpassen und robustes Material aus. Die Firma Clementoni verwendet ausschlie\u00dflich umweltfreundliches Herstellungsmaterial.<br \/>&nbsp;<\/p>\n<p>&nbsp;<\/p>\n<p>Bezeichnung: &nbsp;&nbsp; Clementoni Puzzle High Quality Collection Alte Karte 1000 Teile<br \/>Marke: &nbsp;&nbsp; Clementoni<br \/>Material:&nbsp; &nbsp; Karton<br \/>Gewicht: &nbsp;&nbsp; 865 Gramm<br \/>Packma\u00df:&nbsp; (L\u00e4nge x Breite x H\u00f6he)&nbsp;&nbsp;&nbsp; 39.6 x 6 x 27.8 CM<\/p>\n<p>&nbsp;<\/p>\n<p>Achtung: Nicht f\u00fcr Kinder unter 36 Monaten geeignet wegen verschluckbarer Kleinteile, Erstickungsgefahr.<\/p>\n","protected":false},"excerpt":{"rendered":"<p>Die HIGH QUALITY COLLECTION zeichnet sich durch beeindruckende Motive, Qualit\u00e4tsdruck, pr\u00e4zises Einpassen und robustes Material aus.<\/p>\n","protected":false},"featured_media":15338,"comment_status":"closed","ping_status":"open","template":"","meta":[],"product_brand":[],"product_cat":[443],"product_tag":[],"class_list":{"0":"post-15337","1":"product","2":"type-product","3":"status-publish","4":"has-post-thumbnail","6":"product_cat-klassiker","8":"first","9":"instock","10":"shipping-taxable","11":"purchasable","12":"product-type-simple"},"_links":{"self":[{"href":"https:\/\/9play.de\/shop\/wp-json\/wp\/v2\/product\/15337","targetHints":{"allow":["GET"]}}],"collection":[{"href":"https:\/\/9play.de\/shop\/wp-json\/wp\/v2\/product"}],"about":[{"href":"https:\/\/9play.de\/shop\/wp-json\/wp\/v2\/types\/product"}],"replies":[{"embeddable":true,"href":"https:\/\/9play.de\/shop\/wp-json\/wp\/v2\/comments?post=15337"}],"wp:featuredmedia":[{"embeddable":true,"href":"https:\/\/9play.de\/shop\/wp-json\/wp\/v2\/media\/15338"}],"wp:attachment":[{"href":"https:\/\/9play.de\/shop\/wp-json\/wp\/v2\/media?parent=15337"}],"wp:term":[{"taxonomy":"product_brand","embeddable":true,"href":"https:\/\/9play.de\/shop\/wp-json\/wp\/v2\/product_brand?post=15337"},{"taxonomy":"product_cat","embeddable":true,"href":"https:\/\/9play.de\/shop\/wp-json\/wp\/v2\/product_cat?post=15337"},{"taxonomy":"product_tag","embeddable":true,"href":"https:\/\/9play.de\/shop\/wp-json\/wp\/v2\/product_tag?post=15337"}],"curies":[{"name":"wp","href":"https:\/\/api.w.org\/{rel}","templated":true}]}}