{"id":15343,"date":"2024-10-06T18:02:50","date_gmt":"2024-10-06T16:02:50","guid":{"rendered":"https:\/\/9play.de\/shop\/produkt\/new-york-1500-puzzleteile\/"},"modified":"2024-10-06T18:03:08","modified_gmt":"2024-10-06T16:03:08","slug":"new-york-1500-puzzleteile","status":"publish","type":"product","link":"https:\/\/9play.de\/shop\/produkt\/new-york-1500-puzzleteile\/","title":{"rendered":"New York &#8211; 1500 Puzzleteile"},"content":{"rendered":"<p><b>Puzzle New York 1500 Teile<\/b><\/p>\n<p>Clementoni New Yorker Puzzlespiel<\/p>\n<p>Clementoni Puzzles bestechen durch Materialien in h\u00f6chster Qualit\u00e4t, wundersch\u00f6ne Bilder, exklusive Kollektionen, hochwertige Drucke, sowie Puzzleteile von pr\u00e4ziser Passform. Eine kluge Produktionstechnik macht ein perfektes Ineinanderpassen m\u00f6glich. Die Puzzle-Sortimente werden h\u00f6chsten Anspr\u00fcchen&nbsp;gerecht und nicht zuletzt dadurch ist Clementoni in vielen L\u00e4ndern Europas Marktf\u00fchrer.<\/p>\n<p>&nbsp;<\/p>\n<p>Sammlung: HQ-Sammlung<br \/>Geschlecht: unisex<br \/>Material: Karton<br \/>Anzahl der St\u00fccke: 1500<br \/>Abmessungen des Puzzles: 84 x 60 cm (LxB)<br \/>Paketgr\u00f6\u00dfe: 37 x 28 x 6 cm (LxBxH)<br \/>Alter: 12 Jahre und \u00e4lter<\/p>\n<p>Achtung: Nicht f\u00fcr Kinder unter 36 Monaten geeignet wegen verschluckbarer Kleinteile, Erstickungsgefahr.<\/p>\n","protected":false},"excerpt":{"rendered":"<p>Schaffe dieses 1500 Puzzleteile und entdecken ein sch\u00f6nes Bild der Stadt New York.<\/p>\n","protected":false},"featured_media":15344,"comment_status":"closed","ping_status":"open","template":"","meta":[],"product_brand":[],"product_cat":[443],"product_tag":[],"class_list":{"0":"post-15343","1":"product","2":"type-product","3":"status-publish","4":"has-post-thumbnail","6":"product_cat-klassiker","8":"first","9":"instock","10":"shipping-taxable","11":"purchasable","12":"product-type-simple"},"_links":{"self":[{"href":"https:\/\/9play.de\/shop\/wp-json\/wp\/v2\/product\/15343","targetHints":{"allow":["GET"]}}],"collection":[{"href":"https:\/\/9play.de\/shop\/wp-json\/wp\/v2\/product"}],"about":[{"href":"https:\/\/9play.de\/shop\/wp-json\/wp\/v2\/types\/product"}],"replies":[{"embeddable":true,"href":"https:\/\/9play.de\/shop\/wp-json\/wp\/v2\/comments?post=15343"}],"wp:featuredmedia":[{"embeddable":true,"href":"https:\/\/9play.de\/shop\/wp-json\/wp\/v2\/media\/15344"}],"wp:attachment":[{"href":"https:\/\/9play.de\/shop\/wp-json\/wp\/v2\/media?parent=15343"}],"wp:term":[{"taxonomy":"product_brand","embeddable":true,"href":"https:\/\/9play.de\/shop\/wp-json\/wp\/v2\/product_brand?post=15343"},{"taxonomy":"product_cat","embeddable":true,"href":"https:\/\/9play.de\/shop\/wp-json\/wp\/v2\/product_cat?post=15343"},{"taxonomy":"product_tag","embeddable":true,"href":"https:\/\/9play.de\/shop\/wp-json\/wp\/v2\/product_tag?post=15343"}],"curies":[{"name":"wp","href":"https:\/\/api.w.org\/{rel}","templated":true}]}}