{"id":15346,"date":"2024-10-06T18:02:50","date_gmt":"2024-10-06T16:02:50","guid":{"rendered":"https:\/\/9play.de\/shop\/produkt\/venedig-1500-puzzleteile\/"},"modified":"2024-10-06T18:03:10","modified_gmt":"2024-10-06T16:03:10","slug":"venedig-1500-puzzleteile","status":"publish","type":"product","link":"https:\/\/9play.de\/shop\/produkt\/venedig-1500-puzzleteile\/","title":{"rendered":"Venedig &#8211; 1500 Puzzleteile"},"content":{"rendered":"<p><b>Clementoni 1500 Teile Venedig<\/b><\/p>\n<p>Das Clementoni Puzzle \u00bbVenedig\u00ab aus der High Quality Collection begeistert mit besonders guter Qualit\u00e4t. Dabei erweist sich das Material als sehr robust, sodass die Elemente auch nach mehrfacher Verwendung noch gut erhalten bleiben. Ein weiterer Pluspunkt ist der hochwertige Druck, der das Motiv des kleinen Restaurants am Rande eines Kanals besonders sch\u00f6n in Szene setzt. Mit insgesamt 1500 Teilen ist es eine richtige Herausforderung f\u00fcr Puzzlefans ab 9 Jahren. Anschlie\u00dfend kann es auf eine Fl\u00e4che geklebt und als sch\u00f6nes Wandbild genutzt werden. Das Clementoni Puzzle \u00bbVenedig\u00ab in guter Qualit\u00e4t ist ein lang anhaltender Zeitvertreib, der viel Freude macht.<\/p>\n<p>&nbsp;<\/p>\n<p>Puzzle \u00bbVenedig\u00ab mit 1500 Teilen<br \/>Alter: Ab 9 Jahren<br \/>Motiv: Zeigt ein kleines Restaurant am Rande eines Kanals<br \/>Puzzlegr\u00f6sse: B\/H: ca. 59\/84 cm<br \/>Aus der High Quality Collection<\/p>\n<p>&nbsp;<\/p>\n<p>Achtung : Nicht f\u00fcr Kinder unter 3 Jahren geeignet &#8211; enth\u00e4lt verschluckbare Kleinteile !<\/p>\n","protected":false},"excerpt":{"rendered":"<p>Clementoni 1500 Teile Venedig Das Clementoni Puzzle \u00bbVenedig\u00ab aus der High Quality Collection begeistert mit besonders guter Qualit\u00e4t. Dabei erweist sich das Material als sehr robust, sodass die Elemente auch nach mehrfacher Verwendung noch gut erhalten bleiben. Ein weiterer Pluspunkt ist der hochwertige Druck, der das Motiv des kleinen Restaurants am Rande eines Kanals besonders [&hellip;]<\/p>\n","protected":false},"featured_media":15347,"comment_status":"closed","ping_status":"open","template":"","meta":[],"product_brand":[],"product_cat":[443],"product_tag":[],"class_list":{"0":"post-15346","1":"product","2":"type-product","3":"status-publish","4":"has-post-thumbnail","6":"product_cat-klassiker","8":"first","9":"instock","10":"shipping-taxable","11":"purchasable","12":"product-type-simple"},"_links":{"self":[{"href":"https:\/\/9play.de\/shop\/wp-json\/wp\/v2\/product\/15346","targetHints":{"allow":["GET"]}}],"collection":[{"href":"https:\/\/9play.de\/shop\/wp-json\/wp\/v2\/product"}],"about":[{"href":"https:\/\/9play.de\/shop\/wp-json\/wp\/v2\/types\/product"}],"replies":[{"embeddable":true,"href":"https:\/\/9play.de\/shop\/wp-json\/wp\/v2\/comments?post=15346"}],"wp:featuredmedia":[{"embeddable":true,"href":"https:\/\/9play.de\/shop\/wp-json\/wp\/v2\/media\/15347"}],"wp:attachment":[{"href":"https:\/\/9play.de\/shop\/wp-json\/wp\/v2\/media?parent=15346"}],"wp:term":[{"taxonomy":"product_brand","embeddable":true,"href":"https:\/\/9play.de\/shop\/wp-json\/wp\/v2\/product_brand?post=15346"},{"taxonomy":"product_cat","embeddable":true,"href":"https:\/\/9play.de\/shop\/wp-json\/wp\/v2\/product_cat?post=15346"},{"taxonomy":"product_tag","embeddable":true,"href":"https:\/\/9play.de\/shop\/wp-json\/wp\/v2\/product_tag?post=15346"}],"curies":[{"name":"wp","href":"https:\/\/api.w.org\/{rel}","templated":true}]}}