{"id":15358,"date":"2024-10-06T18:02:50","date_gmt":"2024-10-06T16:02:50","guid":{"rendered":"https:\/\/9play.de\/shop\/produkt\/3er-set-ziehtier-ente-babyspielzeug-li-lu-und-la-spielzeug\/"},"modified":"2024-10-06T18:03:17","modified_gmt":"2024-10-06T16:03:17","slug":"3er-set-ziehtier-ente-babyspielzeug-li-lu-und-la-spielzeug","status":"publish","type":"product","link":"https:\/\/9play.de\/shop\/produkt\/3er-set-ziehtier-ente-babyspielzeug-li-lu-und-la-spielzeug\/","title":{"rendered":"3er SET Ziehtier Ente Babyspielzeug Li Lu und La Spielzeug"},"content":{"rendered":"<p>Ziehtier Ente Babyspielzeug Li, Lu &amp; La Spielzeug.<br \/>Niedliche Enten aus aus Holz und in sch\u00f6nen Farben lasiert, zockeln lustig hinter den Kindern her!<br \/>Farbliche Details verst\u00e4rken ihr fr\u00f6hlich s\u00fc\u00dfes Aussehen.<\/p>\n<p>&nbsp;<\/p>\n<p>Ma\u00dfe:&nbsp; &nbsp; ca. 12 x 5 x 11 cm<br \/>Marke:&nbsp; &nbsp; small foot<br \/>Material:&nbsp; &nbsp; Holz<br \/>Einstiegsalter:&nbsp; &nbsp; 12m+<br \/>Gewicht inkl. Verpackung (brutto):&nbsp; &nbsp; 0,49 kg<br \/>Inhalt:&nbsp; &nbsp; 3er Set<\/p>\n<p>Achtung: Benutzung unter unmittelbarer Aufsicht von Erwachsenen.<br \/>Achtung: Strangulationsgefahr durch lange Seile.<\/p>\n","protected":false},"excerpt":{"rendered":"<p>Niedliche Enten aus aus Holz und in sch\u00f6nen Farben lasiert, zockeln lustig hinter den Kindern her!<\/p>\n","protected":false},"featured_media":15359,"comment_status":"closed","ping_status":"open","template":"","meta":[],"product_brand":[],"product_cat":[447],"product_tag":[],"class_list":{"0":"post-15358","1":"product","2":"type-product","3":"status-publish","4":"has-post-thumbnail","6":"product_cat-zieh-schiebespielzeug-aus-holz","8":"first","9":"instock","10":"shipping-taxable","11":"purchasable","12":"product-type-simple"},"_links":{"self":[{"href":"https:\/\/9play.de\/shop\/wp-json\/wp\/v2\/product\/15358","targetHints":{"allow":["GET"]}}],"collection":[{"href":"https:\/\/9play.de\/shop\/wp-json\/wp\/v2\/product"}],"about":[{"href":"https:\/\/9play.de\/shop\/wp-json\/wp\/v2\/types\/product"}],"replies":[{"embeddable":true,"href":"https:\/\/9play.de\/shop\/wp-json\/wp\/v2\/comments?post=15358"}],"wp:featuredmedia":[{"embeddable":true,"href":"https:\/\/9play.de\/shop\/wp-json\/wp\/v2\/media\/15359"}],"wp:attachment":[{"href":"https:\/\/9play.de\/shop\/wp-json\/wp\/v2\/media?parent=15358"}],"wp:term":[{"taxonomy":"product_brand","embeddable":true,"href":"https:\/\/9play.de\/shop\/wp-json\/wp\/v2\/product_brand?post=15358"},{"taxonomy":"product_cat","embeddable":true,"href":"https:\/\/9play.de\/shop\/wp-json\/wp\/v2\/product_cat?post=15358"},{"taxonomy":"product_tag","embeddable":true,"href":"https:\/\/9play.de\/shop\/wp-json\/wp\/v2\/product_tag?post=15358"}],"curies":[{"name":"wp","href":"https:\/\/api.w.org\/{rel}","templated":true}]}}