{"id":15363,"date":"2024-10-06T18:02:50","date_gmt":"2024-10-06T16:02:50","guid":{"rendered":"https:\/\/9play.de\/shop\/produkt\/puzzle-haus-des-geldes-house-of-cards-1000-puzzleteile\/"},"modified":"2024-10-06T18:03:22","modified_gmt":"2024-10-06T16:03:22","slug":"puzzle-haus-des-geldes-house-of-cards-1000-puzzleteile","status":"publish","type":"product","link":"https:\/\/9play.de\/shop\/produkt\/puzzle-haus-des-geldes-house-of-cards-1000-puzzleteile\/","title":{"rendered":"Puzzle Haus des Geldes House of cards 1000 Puzzleteile"},"content":{"rendered":"<p>Clementoni Netflix Puzzle La Casa de Papel &#8211;&nbsp;House of cards<\/p>\n<p>Der Professor braucht Sie! Schlie\u00dfen Sie sich dem Team an und begeben Sie sich auf Ihre neueste Geheimmission. Das knifflige Puzzle aus 1000 Teilen wird Sie bis zum Beginn der neuen Saison besch\u00e4ftigen!<\/p>\n<p>&nbsp;<\/p>\n<p>&nbsp;<\/p>\n<p>Altersempfehlung: ab 12 Jahre<br \/>Material: Karton<br \/>Gr\u00f6\u00dfe: 69x50cm<br \/>Teileanzahl: 1000&nbsp;<br \/>Teile\u00a9 La Casa De Papel: TM\/\u00a9Netflix, INC. 2020.<\/p>\n<p>Achtung! Nicht f\u00fcr Kinder unter 3 Jahren geeignet. Es besteht Erstickungsgefahr wegen verschluckbarer Kleinteile!<\/p>\n","protected":false},"excerpt":{"rendered":"<p>Clementoni Netflix Puzzle La Casa de Papel &#8211;&nbsp;House of cards Der Professor braucht Sie! Schlie\u00dfen Sie sich dem Team an und begeben Sie sich auf Ihre neueste Geheimmission. Das knifflige Puzzle aus 1000 Teilen wird Sie bis zum Beginn der neuen Saison besch\u00e4ftigen! &nbsp; &nbsp; Altersempfehlung: ab 12 JahreMaterial: KartonGr\u00f6\u00dfe: 69x50cmTeileanzahl: 1000&nbsp;Teile\u00a9 La Casa De [&hellip;]<\/p>\n","protected":false},"featured_media":15364,"comment_status":"closed","ping_status":"open","template":"","meta":[],"product_brand":[],"product_cat":[443],"product_tag":[],"class_list":{"0":"post-15363","1":"product","2":"type-product","3":"status-publish","4":"has-post-thumbnail","6":"product_cat-klassiker","8":"first","9":"instock","10":"shipping-taxable","11":"purchasable","12":"product-type-simple"},"_links":{"self":[{"href":"https:\/\/9play.de\/shop\/wp-json\/wp\/v2\/product\/15363","targetHints":{"allow":["GET"]}}],"collection":[{"href":"https:\/\/9play.de\/shop\/wp-json\/wp\/v2\/product"}],"about":[{"href":"https:\/\/9play.de\/shop\/wp-json\/wp\/v2\/types\/product"}],"replies":[{"embeddable":true,"href":"https:\/\/9play.de\/shop\/wp-json\/wp\/v2\/comments?post=15363"}],"wp:featuredmedia":[{"embeddable":true,"href":"https:\/\/9play.de\/shop\/wp-json\/wp\/v2\/media\/15364"}],"wp:attachment":[{"href":"https:\/\/9play.de\/shop\/wp-json\/wp\/v2\/media?parent=15363"}],"wp:term":[{"taxonomy":"product_brand","embeddable":true,"href":"https:\/\/9play.de\/shop\/wp-json\/wp\/v2\/product_brand?post=15363"},{"taxonomy":"product_cat","embeddable":true,"href":"https:\/\/9play.de\/shop\/wp-json\/wp\/v2\/product_cat?post=15363"},{"taxonomy":"product_tag","embeddable":true,"href":"https:\/\/9play.de\/shop\/wp-json\/wp\/v2\/product_tag?post=15363"}],"curies":[{"name":"wp","href":"https:\/\/api.w.org\/{rel}","templated":true}]}}