{"id":15366,"date":"2024-10-06T18:02:50","date_gmt":"2024-10-06T16:02:50","guid":{"rendered":"https:\/\/9play.de\/shop\/produkt\/puzzle-alte-karte-1000-puzzleteile\/"},"modified":"2024-10-06T18:03:23","modified_gmt":"2024-10-06T16:03:23","slug":"puzzle-alte-karte-1000-puzzleteile","status":"publish","type":"product","link":"https:\/\/9play.de\/shop\/produkt\/puzzle-alte-karte-1000-puzzleteile\/","title":{"rendered":"Puzzle Alte Karte 1000 Puzzleteile"},"content":{"rendered":"<p><b>Clementoni Alte Karte, 1000 Puzzleteile<\/b><\/p>\n<p>Wundersch\u00f6ne und beeindruckende Darstellungen, Qualit\u00e4tsdruck, pr\u00e4zises Einpasses, robustes und wertvolles Material. Dies sind die Merkmale der High Quality Collection Clementoni. Eine elegante Puzzlereihe f\u00fcr die Liebhaber des Besonderen.<br \/>Clementoni ist seit jeher sensibel gegen\u00fcber den Problemen der Umweltverschmutzung und verwendet ausschlie\u00dflich umweltfreundliche Materialien.<\/p>\n<p>Clementoni Puzzles bestechen durch Materialien in h\u00f6chster Qualit\u00e4t, wundersch\u00f6ne Bilder, exklusive Kollektionen, hochwertige Drucke, sowie Puzzleteile von pr\u00e4ziser Passform. Eine kluge Produktionstechnik macht ein perfektes Ineinanderpassen m\u00f6glich. Die Puzzle-Sortimente werden h\u00f6chsten Anspr\u00fcchen gerecht und nicht zuletzt dadurch ist Clementoni in vielen L\u00e4ndern Europas Marktf\u00fchrer. Die HIGH QUALITY COLLECTION zeichnet sich durch beeindruckende Motive, Qualit\u00e4tsdruck, pr\u00e4zises Einpassen und robustes Material aus. Eine elegante Puzzlereihe f\u00fcr Liebhaber von Besonderheiten. Die Firma Clementoni verwendet ausschlie\u00dflich umweltfreundliches Herstellungsmaterial.<\/p>\n<p>&nbsp;<\/p>\n<p>&nbsp;<\/p>\n<p>Inhalt: 1000-teiliges Puzzle<br \/>Clementoni \u00abpuzzle Alte Karte 1000 St\u00fcck\u00bb<br \/>Kollektion: HQ-Kollektion<br \/>Alter: 12 Jahre und \u00e4lter<br \/>Material: Karton<br \/>St\u00fcckzahl: 1000<br \/>Abmessungen Puzzle: 50 x 69 cm (BxL)<\/p>\n<p>&nbsp;<\/p>\n<p>Achtung! Nicht f\u00fcr Kinder unter 3 Jahren geeignet. Es besteht Erstickungsgefahr wegen verschluckbarer Kleinteile!<\/p>\n","protected":false},"excerpt":{"rendered":"<p>Eine elegante Puzzlereihe f\u00fcr die Liebhaber des Besonderen.<\/p>\n","protected":false},"featured_media":15367,"comment_status":"closed","ping_status":"open","template":"","meta":[],"product_brand":[],"product_cat":[443],"product_tag":[],"class_list":{"0":"post-15366","1":"product","2":"type-product","3":"status-publish","4":"has-post-thumbnail","6":"product_cat-klassiker","8":"first","9":"instock","10":"shipping-taxable","11":"purchasable","12":"product-type-simple"},"_links":{"self":[{"href":"https:\/\/9play.de\/shop\/wp-json\/wp\/v2\/product\/15366","targetHints":{"allow":["GET"]}}],"collection":[{"href":"https:\/\/9play.de\/shop\/wp-json\/wp\/v2\/product"}],"about":[{"href":"https:\/\/9play.de\/shop\/wp-json\/wp\/v2\/types\/product"}],"replies":[{"embeddable":true,"href":"https:\/\/9play.de\/shop\/wp-json\/wp\/v2\/comments?post=15366"}],"wp:featuredmedia":[{"embeddable":true,"href":"https:\/\/9play.de\/shop\/wp-json\/wp\/v2\/media\/15367"}],"wp:attachment":[{"href":"https:\/\/9play.de\/shop\/wp-json\/wp\/v2\/media?parent=15366"}],"wp:term":[{"taxonomy":"product_brand","embeddable":true,"href":"https:\/\/9play.de\/shop\/wp-json\/wp\/v2\/product_brand?post=15366"},{"taxonomy":"product_cat","embeddable":true,"href":"https:\/\/9play.de\/shop\/wp-json\/wp\/v2\/product_cat?post=15366"},{"taxonomy":"product_tag","embeddable":true,"href":"https:\/\/9play.de\/shop\/wp-json\/wp\/v2\/product_tag?post=15366"}],"curies":[{"name":"wp","href":"https:\/\/api.w.org\/{rel}","templated":true}]}}