{"id":15373,"date":"2024-10-06T18:02:50","date_gmt":"2024-10-06T16:02:50","guid":{"rendered":"https:\/\/9play.de\/shop\/produkt\/baustelle-interaktives-holzbuch\/"},"modified":"2024-10-06T18:03:27","modified_gmt":"2024-10-06T16:03:27","slug":"baustelle-interaktives-holzbuch","status":"publish","type":"product","link":"https:\/\/9play.de\/shop\/produkt\/baustelle-interaktives-holzbuch\/","title":{"rendered":"Baustelle interaktives Holzbuch"},"content":{"rendered":"<p><b>Bilderbuch Baustelle, interaktiv, Holzbuch aus robustem Holz<\/b><\/p>\n<p>Viel zu entdecken auf der Baustelle! Mit diesem interaktiven Bilderbuch aus&nbsp;Holz lernen Kinder das turbulente Treiben auf einer Baustelle kennen. Mit dem gro\u00dfen Radlader und der gelben Walze geht es auf Entdeckungstour auf dem Bau. Mit den beigef\u00fcgten Figuren kann das Holzbuch immer wieder neu bespielt werden und regt dabei die Fantasie an. So k\u00f6nnen die Kleinen spielerisch die Baustelle entdecken und lernen ganz nebenbei, eigene Geschichten zu erz\u00e4hlen. Nach dem Ausflug werden die Baufahrzeuge ganz einfach an den praktischen Klettverschl\u00fcssen auf der R\u00fcckseite des Buches befestigt. Ein lehrreiches Buch, um spielerisch die Fantasie und das Geschichtenerz\u00e4hlen zu f\u00f6rdern. Dieser Artikel ist mit den anderen interaktiven Holzb\u00fcchern kombinierbar.<\/p>\n<p>&nbsp;<\/p>\n<p>Ma\u00dfe: &nbsp;&nbsp;&nbsp;Holzbuch ca. 18 x 15 x 2 cm, Bagger ca. 12 x 7 x 1 cm<br \/>Marke : &nbsp;&nbsp;small foot<br \/>Material : &nbsp;&nbsp;Holz, Stoff<br \/>Einstiegsalter: &nbsp;&nbsp;&nbsp;ab 12 Monate<br \/>Gewicht inkl. Verpackung (brutto) : &nbsp;&nbsp;0,4kg<\/p>\n<p>&nbsp;<\/p>\n<p>ACHTUNG! Nicht f\u00fcr Kinder unter 12 Monaten geeignet!<br \/>Bitte vor jedem Gebrauch auf Besch\u00e4digungen \u00fcberpr\u00fcfen!<\/p>\n","protected":false},"excerpt":{"rendered":"<p>Mit dem gro\u00dfen Radlader und der gelben Walze geht es auf Entdeckungstour auf dem Bau. Mit den beigef\u00fcgten Figuren kann das Holzbuch immer wieder neu bespielt werden und regt dabei die Fantasie an.<\/p>\n","protected":false},"featured_media":15374,"comment_status":"closed","ping_status":"open","template":"","meta":[],"product_brand":[],"product_cat":[448],"product_tag":[],"class_list":{"0":"post-15373","1":"product","2":"type-product","3":"status-publish","4":"has-post-thumbnail","6":"product_cat-buecher-aus-holz","8":"first","9":"instock","10":"shipping-taxable","11":"purchasable","12":"product-type-simple"},"_links":{"self":[{"href":"https:\/\/9play.de\/shop\/wp-json\/wp\/v2\/product\/15373","targetHints":{"allow":["GET"]}}],"collection":[{"href":"https:\/\/9play.de\/shop\/wp-json\/wp\/v2\/product"}],"about":[{"href":"https:\/\/9play.de\/shop\/wp-json\/wp\/v2\/types\/product"}],"replies":[{"embeddable":true,"href":"https:\/\/9play.de\/shop\/wp-json\/wp\/v2\/comments?post=15373"}],"wp:featuredmedia":[{"embeddable":true,"href":"https:\/\/9play.de\/shop\/wp-json\/wp\/v2\/media\/15374"}],"wp:attachment":[{"href":"https:\/\/9play.de\/shop\/wp-json\/wp\/v2\/media?parent=15373"}],"wp:term":[{"taxonomy":"product_brand","embeddable":true,"href":"https:\/\/9play.de\/shop\/wp-json\/wp\/v2\/product_brand?post=15373"},{"taxonomy":"product_cat","embeddable":true,"href":"https:\/\/9play.de\/shop\/wp-json\/wp\/v2\/product_cat?post=15373"},{"taxonomy":"product_tag","embeddable":true,"href":"https:\/\/9play.de\/shop\/wp-json\/wp\/v2\/product_tag?post=15373"}],"curies":[{"name":"wp","href":"https:\/\/api.w.org\/{rel}","templated":true}]}}