{"id":15378,"date":"2024-10-06T18:02:50","date_gmt":"2024-10-06T16:02:50","guid":{"rendered":"https:\/\/9play.de\/shop\/produkt\/lauflernwagen-tukan-steckspiel\/"},"modified":"2024-10-06T18:03:30","modified_gmt":"2024-10-06T16:03:30","slug":"lauflernwagen-tukan-steckspiel","status":"publish","type":"product","link":"https:\/\/9play.de\/shop\/produkt\/lauflernwagen-tukan-steckspiel\/","title":{"rendered":"Lauflernwagen Tukan + Steckspiel"},"content":{"rendered":"<p>Lauflernwagen Tukan<br \/>&nbsp;<br \/>&nbsp;&nbsp;&nbsp; &#8211; besonders stabil und kippsicher durch robuste Konstruktion und Dreiecksform<br \/>&nbsp;&nbsp;&nbsp; &#8211; gummierte R\u00e4der f\u00fcr leises, sicheres Rollen<br \/>&nbsp;&nbsp;&nbsp; &#8211; zus\u00e4tzliche Spielm\u00f6glichkeiten durch Holzbausteine, Steckspiel, Hupe, Drehklappen, Labyrinth und&nbsp;Zahnr\u00e4der<br \/>&nbsp;&nbsp;&nbsp; &#8211; \u201ePlatschf\u00fc\u00dfe\u201c erzeugen beim Fahren lustige Ger\u00e4usche<br \/>&nbsp;&nbsp;&nbsp; &#8211; Schnabel und Bodenablage dienen als praktische Aufbewahrungsorte<br \/>&nbsp;&nbsp;&nbsp; &#8211; Aufbewahrungskorb (Schnabel) aus pflegleichtem, leicht zu reinigendem Drachenstoff<br \/>&nbsp;&nbsp;&nbsp; &#8211; hoher sichtbarer Holzanteil<\/p>\n<p>So ein sch\u00f6ner Vogel! Auf drei bespielbaren Seiten bietet dieser au\u00dfergew\u00f6hnliche Lauflernwagen im Tukan-Look Laufanf\u00e4ngern eine F\u00fclle an Spiel- und Lernspa\u00df. Mit Hupe, Steckspiel, Schiebelabyrinth, Zahnr\u00e4dern und Drehklappen wird nebenbei die Feinmotorik trainiert. Der Schnabel bietet ebenso wie die Bodenablage Platz f\u00fcr Holzbausteine in Gefieder-Optik, Steckelemente oder weiteres Spielzeug. Gummierte R\u00e4der. Das Highlight: Watschelf\u00fc\u00dfe an den vorderen R\u00e4dern sorgen f\u00fcr lustige Ger\u00e4usche beim Schieben! Der Lauflernwagen \u00fcberzeugt durch einen hohen sichtbaren Holzanteil und punktet durch ein durchg\u00e4ngiges und durchdachtes Designkonzept. Die dreieckige Form und das Material aus Schicht- und Vollholz garantieren eine hohe Stabilit\u00e4t der Seitenteile und des Griffs. Der Stoff des Korbes kann gewaschen oder mit einem feuchten Tuch gereinigt werden. Ein praktischer Spielgef\u00e4hrte f\u00fcr Laufanf\u00e4nger, der durch sein ansprechendes und exotisches Design Gro\u00df und Klein \u00fcberzeugt.<br \/>Dieser vielseitige Lauflernwagen zieht alle Blicke auf sich und begeistert kleine Laufanf\u00e4nger. Eine au\u00dfergew\u00f6hnliche Lauflernhilfe, die es auf dem Markt kein zweites Mal gibt und die im Holzspielzeug-Sortiment nicht fehlen darf.<\/p>\n<p>&nbsp;<\/p>\n<p>Ma\u00dfe: &nbsp;&nbsp;&nbsp;ca. 35 x 32 x 49 cm, Griffh\u00f6he 45 cm<\/p>\n<p>Marke: &nbsp;&nbsp;&nbsp;small foot<\/p>\n<p>Material : &nbsp;&nbsp;Holz, Metall, Plastik, Stoff<\/p>\n<p>Einstiegsalter : &nbsp;&nbsp;12m+<\/p>\n<p>Gewicht inkl. Verpackung (brutto) : &nbsp;&nbsp;2,8 kg<\/p>\n<p>&nbsp;<\/p>\n<p>Achtung: Nur f\u00fcr den Hausgebrauch.<\/p>\n","protected":false},"excerpt":{"rendered":"<p>So ein sch\u00f6ner Vogel! Auf drei bespielbaren Seiten bietet dieser au\u00dfergew\u00f6hnliche Lauflernwagen im Tukan-Look Laufanf\u00e4ngern eine F\u00fclle an Spiel- und Lernspa\u00df.<\/p>\n","protected":false},"featured_media":15379,"comment_status":"closed","ping_status":"open","template":"","meta":[],"product_brand":[],"product_cat":[449],"product_tag":[],"class_list":{"0":"post-15378","1":"product","2":"type-product","3":"status-publish","4":"has-post-thumbnail","6":"product_cat-lauflernwagen","8":"first","9":"instock","10":"shipping-taxable","11":"purchasable","12":"product-type-simple"},"_links":{"self":[{"href":"https:\/\/9play.de\/shop\/wp-json\/wp\/v2\/product\/15378","targetHints":{"allow":["GET"]}}],"collection":[{"href":"https:\/\/9play.de\/shop\/wp-json\/wp\/v2\/product"}],"about":[{"href":"https:\/\/9play.de\/shop\/wp-json\/wp\/v2\/types\/product"}],"replies":[{"embeddable":true,"href":"https:\/\/9play.de\/shop\/wp-json\/wp\/v2\/comments?post=15378"}],"wp:featuredmedia":[{"embeddable":true,"href":"https:\/\/9play.de\/shop\/wp-json\/wp\/v2\/media\/15379"}],"wp:attachment":[{"href":"https:\/\/9play.de\/shop\/wp-json\/wp\/v2\/media?parent=15378"}],"wp:term":[{"taxonomy":"product_brand","embeddable":true,"href":"https:\/\/9play.de\/shop\/wp-json\/wp\/v2\/product_brand?post=15378"},{"taxonomy":"product_cat","embeddable":true,"href":"https:\/\/9play.de\/shop\/wp-json\/wp\/v2\/product_cat?post=15378"},{"taxonomy":"product_tag","embeddable":true,"href":"https:\/\/9play.de\/shop\/wp-json\/wp\/v2\/product_tag?post=15378"}],"curies":[{"name":"wp","href":"https:\/\/api.w.org\/{rel}","templated":true}]}}