{"id":15383,"date":"2024-10-06T18:03:36","date_gmt":"2024-10-06T16:03:36","guid":{"rendered":"https:\/\/9play.de\/shop\/produkt\/grosser-interaktiver-spielteppich-mike-der-ritter-mit-stift-fuer-kinder\/"},"modified":"2024-10-06T18:03:36","modified_gmt":"2024-10-06T16:03:36","slug":"grosser-interaktiver-spielteppich-mike-der-ritter-mit-stift-fuer-kinder","status":"publish","type":"product","link":"https:\/\/9play.de\/shop\/produkt\/grosser-interaktiver-spielteppich-mike-der-ritter-mit-stift-fuer-kinder\/","title":{"rendered":"Gro\u00dfer interaktiver Spielteppich Mike der Ritter mit Stift f\u00fcr Kinder"},"content":{"rendered":"<p>Vervollst\u00e4ndige den Teppich und l\u00f6se die Quizaufgaben mit dem elektronischen Stift von Mike!<br \/>2 in 1 Multifunktion: ein Riesenpuzzle mit 24 Teilen, die zu einem elektronischen Teppich zusammengesetzt werden. ca. 67,5 x 98 cm Inklusive einer interaktiven 3D Mike der Ritter Figur.<\/p>\n<p>Rubrik:Abenteuer, Spielgeschichten, Unterhaltung<\/p>\n<p>Sprache: Deutsch, Italienisch, Spanisch, Englisch, Franz\u00f6sisch<\/p>\n<p>Altersempfehlung: ab 4 Jahre<\/p>\n<p>Anzahl der Teile: 24&nbsp;<\/p>\n<p>Gr\u00f6\u00dfe: ca. 67,5 x 98 cm<\/p>\n<p>Ab 1 Spieler.<\/p>\n<p>Ben\u00f6tigt 2 L736\/LR41 Batterien zu 1,5 Volt (nicht enthalten)<\/p>\n<p>Verlag: Clementoni<\/p>\n<p>Gewicht:1601 g<\/p>\n<p>Achtung: Nicht f\u00fcr Kinder unter 36 Monaten geeignet.<\/p>\n","protected":false},"excerpt":{"rendered":"<p>Vervollst\u00e4ndige den Teppich und l\u00f6se die Quizaufgaben mit dem elektronischen Stift von Mike!.<\/p>\n","protected":false},"featured_media":15384,"comment_status":"closed","ping_status":"open","template":"","meta":[],"product_brand":[],"product_cat":[445],"product_tag":[],"class_list":{"0":"post-15383","1":"product","2":"type-product","3":"status-publish","4":"has-post-thumbnail","6":"product_cat-puzzle","8":"first","9":"instock","10":"shipping-taxable","11":"purchasable","12":"product-type-simple"},"_links":{"self":[{"href":"https:\/\/9play.de\/shop\/wp-json\/wp\/v2\/product\/15383","targetHints":{"allow":["GET"]}}],"collection":[{"href":"https:\/\/9play.de\/shop\/wp-json\/wp\/v2\/product"}],"about":[{"href":"https:\/\/9play.de\/shop\/wp-json\/wp\/v2\/types\/product"}],"replies":[{"embeddable":true,"href":"https:\/\/9play.de\/shop\/wp-json\/wp\/v2\/comments?post=15383"}],"wp:featuredmedia":[{"embeddable":true,"href":"https:\/\/9play.de\/shop\/wp-json\/wp\/v2\/media\/15384"}],"wp:attachment":[{"href":"https:\/\/9play.de\/shop\/wp-json\/wp\/v2\/media?parent=15383"}],"wp:term":[{"taxonomy":"product_brand","embeddable":true,"href":"https:\/\/9play.de\/shop\/wp-json\/wp\/v2\/product_brand?post=15383"},{"taxonomy":"product_cat","embeddable":true,"href":"https:\/\/9play.de\/shop\/wp-json\/wp\/v2\/product_cat?post=15383"},{"taxonomy":"product_tag","embeddable":true,"href":"https:\/\/9play.de\/shop\/wp-json\/wp\/v2\/product_tag?post=15383"}],"curies":[{"name":"wp","href":"https:\/\/api.w.org\/{rel}","templated":true}]}}