{"id":15411,"date":"2024-10-06T18:03:36","date_gmt":"2024-10-06T16:03:36","guid":{"rendered":"https:\/\/9play.de\/shop\/produkt\/kaninchen-kuscheltier-play-with-me\/"},"modified":"2024-10-06T18:03:58","modified_gmt":"2024-10-06T16:03:58","slug":"kaninchen-kuscheltier-play-with-me","status":"publish","type":"product","link":"https:\/\/9play.de\/shop\/produkt\/kaninchen-kuscheltier-play-with-me\/","title":{"rendered":"Kaninchen Kuscheltier Play With Me"},"content":{"rendered":"<p>Kaninchen Kuscheltier Play With Me&nbsp;<\/p>\n<p>Clementoni Play With Me gef\u00fclltes Kaninchen<br \/>&nbsp;<\/p>\n<p>Das superweiche Clementoni First Months &#8211; Kuscheltuch Kaninchen besteht aus hypoallergenem Fleece, das die Eigenschaft hat, Ger\u00fcche zu absorbieren. So kann die Mutter ihren eigenen Duft auf dem Schmusetuch \u201elassen\u201c, das dann den ganzen Tag beim Kind bleibt und schnell zum Lieblings-Schlaf- und Spiel-Kuscheltier wird. Das Kuscheltier wird mit einem Anh\u00e4nger aus weichem Kunststoff geliefert, den die Mutter bei sich tr\u00e4gt und an dem das Baby sp\u00e4ter kauen kann. Sie k\u00f6nnen den Anh\u00e4nger auch w\u00e4hrend des Stillens tragen, um die Feinmotorik des Kindes zu stimulieren. Das Clementoni First Months &#8211; Kuscheltuch Kaninchen ist bereits f\u00fcr Neugeborene geeignet.<\/p>\n<p>Spezifikationen:<\/p>\n<p>Produkttyp: Spielzeug-Hase<\/p>\n<p>Farbe: grau&nbsp;<\/p>\n<p>Material: Pl\u00fcsch<\/p>\n<p>L\u00e4nge: 29 cm<\/p>\n<p>Alter: ab 0 Monate<\/p>\n<p>Batterien ben\u00f6tigt: Nein<\/p>\n<p>Empfohlene Benutzung: Indoor<\/p>\n<p>Bei\u00dfring enthalten: Ja<\/p>\n<p>Menge pro Packung: 1 St\u00fcck(e)<\/p>\n<p>Abmessungen der Verpackung: 32 x 20 x 10 cm (L x B x T)<\/p>\n<p>Paketgewicht: 270 g<\/p>\n<p>Verpackungsart: Fensterbox<br \/>&nbsp;<\/p>\n","protected":false},"excerpt":{"rendered":"<p>Dieser wunderbar weiche Kuscheltuch Kaninchen hat einen Bei\u00dfring, mit dem die ersten Z\u00e4hne getestet werden k\u00f6nnen. Dieses Kuscheltier absorbiert guten Geruch, so dass das Baby nachts noch Ihren Duft riechen kann und sich sicher und ruhig f\u00fchlt.<\/p>\n","protected":false},"featured_media":15412,"comment_status":"closed","ping_status":"open","template":"","meta":[],"product_brand":[],"product_cat":[446],"product_tag":[],"class_list":{"0":"post-15411","1":"product","2":"type-product","3":"status-publish","4":"has-post-thumbnail","6":"product_cat-babyspielzeug","8":"first","9":"instock","10":"shipping-taxable","11":"purchasable","12":"product-type-simple"},"_links":{"self":[{"href":"https:\/\/9play.de\/shop\/wp-json\/wp\/v2\/product\/15411","targetHints":{"allow":["GET"]}}],"collection":[{"href":"https:\/\/9play.de\/shop\/wp-json\/wp\/v2\/product"}],"about":[{"href":"https:\/\/9play.de\/shop\/wp-json\/wp\/v2\/types\/product"}],"replies":[{"embeddable":true,"href":"https:\/\/9play.de\/shop\/wp-json\/wp\/v2\/comments?post=15411"}],"wp:featuredmedia":[{"embeddable":true,"href":"https:\/\/9play.de\/shop\/wp-json\/wp\/v2\/media\/15412"}],"wp:attachment":[{"href":"https:\/\/9play.de\/shop\/wp-json\/wp\/v2\/media?parent=15411"}],"wp:term":[{"taxonomy":"product_brand","embeddable":true,"href":"https:\/\/9play.de\/shop\/wp-json\/wp\/v2\/product_brand?post=15411"},{"taxonomy":"product_cat","embeddable":true,"href":"https:\/\/9play.de\/shop\/wp-json\/wp\/v2\/product_cat?post=15411"},{"taxonomy":"product_tag","embeddable":true,"href":"https:\/\/9play.de\/shop\/wp-json\/wp\/v2\/product_tag?post=15411"}],"curies":[{"name":"wp","href":"https:\/\/api.w.org\/{rel}","templated":true}]}}