{"id":15426,"date":"2024-10-06T18:03:36","date_gmt":"2024-10-06T16:03:36","guid":{"rendered":"https:\/\/9play.de\/shop\/produkt\/puzzle-mona-lisa-1000-puzzleteile\/"},"modified":"2024-10-06T18:04:08","modified_gmt":"2024-10-06T16:04:08","slug":"puzzle-mona-lisa-1000-puzzleteile","status":"publish","type":"product","link":"https:\/\/9play.de\/shop\/produkt\/puzzle-mona-lisa-1000-puzzleteile\/","title":{"rendered":"Puzzle Mona Lisa 1000 Puzzleteile"},"content":{"rendered":"<p><b>Clementoni Puzzle Museum Collection &#8211; Mona Lisa 1000 Puzzleteile<\/b><\/p>\n<p>Bauen Sie Ihre Puzzle &#8211; Sammlung mit diesem coolen Puzzle Clementoni . Machen Sie dieses Puzzle von 1.000 St\u00fcck und entdecken Sie die wundersch\u00f6ne und weltber\u00fchmte Mona Lisa von da Vinci.<br \/>Die Museum Collection ist die Kunstpuzzlereihe von Clementoni. Die gro\u00dfen, in den bedeutendsten Museen der Welt ausgestellten Meisterwerke der Geschichte sind heute in einer einzigartigen, eleganten und unnachahmlichen Reihe eindrucksvoller Puzzles enthalten. Exklusive Signierungen, unvergessliche Bilder, perfekte Puzzles: Clementoni Museum Collection, die Kunst ist Kunst!<\/p>\n<p>&nbsp;<\/p>\n<p>Sammlung: Museum Collection<br \/>Alter: 12 und \u00e4lter<br \/>Farbe: Mehrfarbig&nbsp;<br \/>Material: Karton<br \/>St\u00fcckzahl: 1000<br \/>Puzzle Dimension: 68 x 48cm<\/p>\n<p>&nbsp;<\/p>\n<p>Achtung! Nicht f\u00fcr Kinder unter 3 Jahren geeignet.Es besteht Erstickungsgefahr wegen verschluckbarer Kleinteile!&nbsp;<\/p>\n","protected":false},"excerpt":{"rendered":"<p>Machen Sie dieses Puzzle von 1.000 St\u00fcck und entdecken Sie die wundersch\u00f6ne und weltber\u00fchmte Mona Lisa von da Vinci.<\/p>\n","protected":false},"featured_media":15427,"comment_status":"closed","ping_status":"open","template":"","meta":[],"product_brand":[],"product_cat":[443],"product_tag":[],"class_list":{"0":"post-15426","1":"product","2":"type-product","3":"status-publish","4":"has-post-thumbnail","6":"product_cat-klassiker","8":"first","9":"instock","10":"shipping-taxable","11":"purchasable","12":"product-type-simple"},"_links":{"self":[{"href":"https:\/\/9play.de\/shop\/wp-json\/wp\/v2\/product\/15426","targetHints":{"allow":["GET"]}}],"collection":[{"href":"https:\/\/9play.de\/shop\/wp-json\/wp\/v2\/product"}],"about":[{"href":"https:\/\/9play.de\/shop\/wp-json\/wp\/v2\/types\/product"}],"replies":[{"embeddable":true,"href":"https:\/\/9play.de\/shop\/wp-json\/wp\/v2\/comments?post=15426"}],"wp:featuredmedia":[{"embeddable":true,"href":"https:\/\/9play.de\/shop\/wp-json\/wp\/v2\/media\/15427"}],"wp:attachment":[{"href":"https:\/\/9play.de\/shop\/wp-json\/wp\/v2\/media?parent=15426"}],"wp:term":[{"taxonomy":"product_brand","embeddable":true,"href":"https:\/\/9play.de\/shop\/wp-json\/wp\/v2\/product_brand?post=15426"},{"taxonomy":"product_cat","embeddable":true,"href":"https:\/\/9play.de\/shop\/wp-json\/wp\/v2\/product_cat?post=15426"},{"taxonomy":"product_tag","embeddable":true,"href":"https:\/\/9play.de\/shop\/wp-json\/wp\/v2\/product_tag?post=15426"}],"curies":[{"name":"wp","href":"https:\/\/api.w.org\/{rel}","templated":true}]}}