{"id":15437,"date":"2024-10-06T18:03:36","date_gmt":"2024-10-06T16:03:36","guid":{"rendered":"https:\/\/9play.de\/shop\/produkt\/spielesammlung-karten-wuerfelbox\/"},"modified":"2024-10-06T18:04:17","modified_gmt":"2024-10-06T16:04:17","slug":"spielesammlung-karten-wuerfelbox","status":"publish","type":"product","link":"https:\/\/9play.de\/shop\/produkt\/spielesammlung-karten-wuerfelbox\/","title":{"rendered":"Spielesammlung &#8211; Karten &#038; W\u00fcrfelbox"},"content":{"rendered":"<p>Produktinformationen &#8222;Karten &amp; W\u00fcrfelbox \/ Spieleset zum W\u00fcrfeln + Knobeln&#8220;<\/p>\n<p>Ganz egal ob gem\u00fctlich zu Hause , beim Treff mit Freunden oder spontan unterwegs beim Picknick &#8211; in der praktischen Spielebox sind immer die wichtigsten Dinge zum Spielen mit dabei. Eine ausf\u00fchrliche Beschreibung verschiedener W\u00fcrfel- und Kartenspiele komplettieren das Allround-Spieleset und der Spielspa\u00df kann beginnen!<\/p>\n<p>Inhalt: Skat, franz. Bild, 32 Blatt, 5 Pokerw\u00fcrfel, W\u00fcrfelbecher mit Filzeinlage, 6 W\u00fcrfel, Yatzy-Block, 31 Mikadost\u00e4bchen, 20 Knobelst\u00e4bchen, Spielanleitung.<\/p>\n<p>Hersteller:&nbsp;ASS Altenburger<\/p>\n<p>Spieleranzahl: ab 2<\/p>\n<p>Alter: ab 5 Jahre<\/p>\n<p>&nbsp;<\/p>\n<p>Achtung! Nicht f\u00fcr Kinder unter 3 Jahren geeignet, da Kleinteile verschluckt werden k\u00f6nnen. Erstickungsgefahr!<\/p>\n","protected":false},"excerpt":{"rendered":"<p>Ganz egal ob gem\u00fctlich zu Hause , beim Treff mit Freunden oder spontan unterwegs beim Picknick &#8211; in der praktischen Spielebox sind immer die wichtigsten Dinge zum Spielen mit dabei<\/p>\n","protected":false},"featured_media":15438,"comment_status":"closed","ping_status":"open","template":"","meta":[],"product_brand":[],"product_cat":[459],"product_tag":[],"class_list":{"0":"post-15437","1":"product","2":"type-product","3":"status-publish","4":"has-post-thumbnail","6":"product_cat-wuerfelspiele","8":"first","9":"instock","10":"shipping-taxable","11":"purchasable","12":"product-type-simple"},"_links":{"self":[{"href":"https:\/\/9play.de\/shop\/wp-json\/wp\/v2\/product\/15437","targetHints":{"allow":["GET"]}}],"collection":[{"href":"https:\/\/9play.de\/shop\/wp-json\/wp\/v2\/product"}],"about":[{"href":"https:\/\/9play.de\/shop\/wp-json\/wp\/v2\/types\/product"}],"replies":[{"embeddable":true,"href":"https:\/\/9play.de\/shop\/wp-json\/wp\/v2\/comments?post=15437"}],"wp:featuredmedia":[{"embeddable":true,"href":"https:\/\/9play.de\/shop\/wp-json\/wp\/v2\/media\/15438"}],"wp:attachment":[{"href":"https:\/\/9play.de\/shop\/wp-json\/wp\/v2\/media?parent=15437"}],"wp:term":[{"taxonomy":"product_brand","embeddable":true,"href":"https:\/\/9play.de\/shop\/wp-json\/wp\/v2\/product_brand?post=15437"},{"taxonomy":"product_cat","embeddable":true,"href":"https:\/\/9play.de\/shop\/wp-json\/wp\/v2\/product_cat?post=15437"},{"taxonomy":"product_tag","embeddable":true,"href":"https:\/\/9play.de\/shop\/wp-json\/wp\/v2\/product_tag?post=15437"}],"curies":[{"name":"wp","href":"https:\/\/api.w.org\/{rel}","templated":true}]}}