{"id":15441,"date":"2024-10-06T18:03:36","date_gmt":"2024-10-06T16:03:36","guid":{"rendered":"https:\/\/9play.de\/shop\/produkt\/unterwasserwelt-holzbuch\/"},"modified":"2024-10-06T18:04:19","modified_gmt":"2024-10-06T16:04:19","slug":"unterwasserwelt-holzbuch","status":"publish","type":"product","link":"https:\/\/9play.de\/shop\/produkt\/unterwasserwelt-holzbuch\/","title":{"rendered":"Unterwasserwelt &#8211; Holzbuch"},"content":{"rendered":"<p><b>Bilderbuch Unterwasserwelt, interaktiv, Holzbuch aus robustem Holz<\/b><\/p>\n<p>So viel los unter Wasser! Mit diesem interaktiven Bilderbuch aus Holz entdecken Kinder spielerisch die Welt der Meeresbewohner. Krebs und Fisch tauchen durch die \u00d6ffnungen der farbenfroh gestalteten Seiten, die immer wieder neu und fantasievoll bespielt werden k\u00f6nnen. Nach ihrem Ausflug k\u00f6nnen die beiden Freunde ganz einfach per Klett an der R\u00fcckseite des Buches befestigt werden.<\/p>\n<p>Ma\u00dfe : &nbsp; Holzbuch ca. 18 x 15 x 2 cm, Fisch ca. 8,5 x 7 x 1,5 cm<br \/>Marke : &nbsp; small foot<br \/>Einstiegsalter: &nbsp;&nbsp; ab 12 Monate<br \/>Gewicht inkl. Verpackung (brutto) : &nbsp; 0,36kg<\/p>\n<p>&nbsp;<\/p>\n<p>Achtung: Mindestalter 12 Monate.<\/p>\n","protected":false},"excerpt":{"rendered":"<p>Mit diesem interaktiven Bilderbuch aus Holz entdecken Kinder spielerisch die Welt der Meeresbewohner.<\/p>\n","protected":false},"featured_media":15442,"comment_status":"closed","ping_status":"open","template":"","meta":[],"product_brand":[],"product_cat":[460],"product_tag":[],"class_list":{"0":"post-15441","1":"product","2":"type-product","3":"status-publish","4":"has-post-thumbnail","6":"product_cat-babybuecher","8":"first","9":"instock","10":"shipping-taxable","11":"purchasable","12":"product-type-simple"},"_links":{"self":[{"href":"https:\/\/9play.de\/shop\/wp-json\/wp\/v2\/product\/15441","targetHints":{"allow":["GET"]}}],"collection":[{"href":"https:\/\/9play.de\/shop\/wp-json\/wp\/v2\/product"}],"about":[{"href":"https:\/\/9play.de\/shop\/wp-json\/wp\/v2\/types\/product"}],"replies":[{"embeddable":true,"href":"https:\/\/9play.de\/shop\/wp-json\/wp\/v2\/comments?post=15441"}],"wp:featuredmedia":[{"embeddable":true,"href":"https:\/\/9play.de\/shop\/wp-json\/wp\/v2\/media\/15442"}],"wp:attachment":[{"href":"https:\/\/9play.de\/shop\/wp-json\/wp\/v2\/media?parent=15441"}],"wp:term":[{"taxonomy":"product_brand","embeddable":true,"href":"https:\/\/9play.de\/shop\/wp-json\/wp\/v2\/product_brand?post=15441"},{"taxonomy":"product_cat","embeddable":true,"href":"https:\/\/9play.de\/shop\/wp-json\/wp\/v2\/product_cat?post=15441"},{"taxonomy":"product_tag","embeddable":true,"href":"https:\/\/9play.de\/shop\/wp-json\/wp\/v2\/product_tag?post=15441"}],"curies":[{"name":"wp","href":"https:\/\/api.w.org\/{rel}","templated":true}]}}