{"id":15446,"date":"2024-10-06T18:03:36","date_gmt":"2024-10-06T16:03:36","guid":{"rendered":"https:\/\/9play.de\/shop\/produkt\/stapelspielzeug-holzspielzeug-steck-frosch-motorikspielzeug\/"},"modified":"2024-10-06T18:04:22","modified_gmt":"2024-10-06T16:04:22","slug":"stapelspielzeug-holzspielzeug-steck-frosch-motorikspielzeug","status":"publish","type":"product","link":"https:\/\/9play.de\/shop\/produkt\/stapelspielzeug-holzspielzeug-steck-frosch-motorikspielzeug\/","title":{"rendered":"Stapelspielzeug Holzspielzeug Steck-Frosch Motorikspielzeug"},"content":{"rendered":"<p><b>Steck-Frosch aus robustem Holz, Motorikspielzeug, Stapelspielzeug<\/b><\/p>\n<p>Aus&nbsp;Holz gefertigt sind die vier gr\u00fcn lackierten Steckscheiben und der klar lackierte Kopf des Fliegenf\u00e4ngers.<br \/>Mit Stiften werden die einzelnen Teile \u00fcbereinander gesteckt und schulen die Motorik von Kinderh\u00e4nden.<\/p>\n<p>Ma\u00dfe : &nbsp; H\u00f6he: ca. 13 cm, \u00d8 ca. 7,5 cm<br \/>Marke: &nbsp;&nbsp; small foot<br \/>Einstiegsalter : &nbsp; 12m+<br \/>Gewicht inkl. Verpackung (brutto): &nbsp;&nbsp; 0,24 kg<\/p>\n<p>&nbsp;<\/p>\n<p>&nbsp;<\/p>\n<p>&nbsp;<\/p>\n<p>Achtung: Mindestalter 12 Monate.<\/p>\n","protected":false},"excerpt":{"rendered":"<p>Aus Holz gefertigt sind die vier gr\u00fcn lackierten Steckscheiben und der klar lackierte Kopf des Fliegenf\u00e4ngers.<\/p>\n","protected":false},"featured_media":15447,"comment_status":"closed","ping_status":"open","template":"","meta":[],"product_brand":[],"product_cat":[450],"product_tag":[],"class_list":{"0":"post-15446","1":"product","2":"type-product","3":"status-publish","4":"has-post-thumbnail","6":"product_cat-steckspielzeug","8":"first","9":"instock","10":"shipping-taxable","11":"purchasable","12":"product-type-simple"},"_links":{"self":[{"href":"https:\/\/9play.de\/shop\/wp-json\/wp\/v2\/product\/15446","targetHints":{"allow":["GET"]}}],"collection":[{"href":"https:\/\/9play.de\/shop\/wp-json\/wp\/v2\/product"}],"about":[{"href":"https:\/\/9play.de\/shop\/wp-json\/wp\/v2\/types\/product"}],"replies":[{"embeddable":true,"href":"https:\/\/9play.de\/shop\/wp-json\/wp\/v2\/comments?post=15446"}],"wp:featuredmedia":[{"embeddable":true,"href":"https:\/\/9play.de\/shop\/wp-json\/wp\/v2\/media\/15447"}],"wp:attachment":[{"href":"https:\/\/9play.de\/shop\/wp-json\/wp\/v2\/media?parent=15446"}],"wp:term":[{"taxonomy":"product_brand","embeddable":true,"href":"https:\/\/9play.de\/shop\/wp-json\/wp\/v2\/product_brand?post=15446"},{"taxonomy":"product_cat","embeddable":true,"href":"https:\/\/9play.de\/shop\/wp-json\/wp\/v2\/product_cat?post=15446"},{"taxonomy":"product_tag","embeddable":true,"href":"https:\/\/9play.de\/shop\/wp-json\/wp\/v2\/product_tag?post=15446"}],"curies":[{"name":"wp","href":"https:\/\/api.w.org\/{rel}","templated":true}]}}