{"id":15459,"date":"2024-10-06T18:04:30","date_gmt":"2024-10-06T16:04:30","guid":{"rendered":"https:\/\/9play.de\/shop\/produkt\/frozen-2-kindergeschirr-3er-set-elsa-anna\/"},"modified":"2024-10-06T18:04:30","modified_gmt":"2024-10-06T16:04:30","slug":"frozen-2-kindergeschirr-3er-set-elsa-anna","status":"publish","type":"product","link":"https:\/\/9play.de\/shop\/produkt\/frozen-2-kindergeschirr-3er-set-elsa-anna\/","title":{"rendered":"Frozen 2 Kindergeschirr &#8211; 3er Set Elsa Anna"},"content":{"rendered":"<p>Kinder Fr\u00fchst\u00fccksset aus dem Film Frozen 2,&nbsp;Die Eisk\u00f6nigin<\/p>\n<p>Die Kinderhelden aus dem Fernseher gibt es jetzt auch f\u00fcr den gedeckten Tisch und f\u00fcr Unterwegs!<\/p>\n<p>Die Fernsehenhelden aus dem Film Frozen 2 begleiten deine Kinder beim Fr\u00fchst\u00fccken und sorgen damit f\u00fcr einen gut gelaunten Start in den Tag.<br \/>Das Kindergeschirr besteht aus Polypropylen &#8211; das freut auch die Eltern, da Teller, Schale und Becher mikrowellengeeignet und bruchsicher sind, falls die Kinder mal wieder einem H\u00e4rtetest durchf\u00fchren sollten.&nbsp;<\/p>\n<p>Set besteht aus: 1x Teller tief, 1x M\u00fcslischale, 1x Becher<\/p>\n<p>Geschirr Fr\u00fchst\u00fcck Set &#8211;&nbsp;Frozen 2, Die Eisk\u00f6nigin&nbsp;<\/p>\n<p>Teller: Durchmesser: 20,0 cm<br \/>Sch\u00fcssel: Durchmesser: 14,5 cm<br \/>Trinkbecher: H\u00f6he: 9,0 cm<br \/>Fassungsverm\u00f6gen: 200 ml<\/p>\n<p>Altersempfehlung: ab 3 Jahre<\/p>\n<p>Material:&nbsp;Polypropylen<\/p>\n<p>Mikrowellengeeignet<\/p>\n<p>&nbsp;<\/p>\n<p>Achtung: Benutzung unter unmittelbarer Aufsicht von Erwachsenen.<\/p>\n","protected":false},"excerpt":{"rendered":"<p>Die Kinderhelden aus dem Fernseher gibt es jetzt auch f\u00fcr den gedeckten Tisch und f\u00fcr Unterwegs!<\/p>\n","protected":false},"featured_media":15460,"comment_status":"closed","ping_status":"open","template":"","meta":[],"product_brand":[],"product_cat":[461],"product_tag":[],"class_list":{"0":"post-15459","1":"product","2":"type-product","3":"status-publish","4":"has-post-thumbnail","6":"product_cat-geschirr-besteck","8":"first","9":"instock","10":"shipping-taxable","11":"purchasable","12":"product-type-simple"},"_links":{"self":[{"href":"https:\/\/9play.de\/shop\/wp-json\/wp\/v2\/product\/15459","targetHints":{"allow":["GET"]}}],"collection":[{"href":"https:\/\/9play.de\/shop\/wp-json\/wp\/v2\/product"}],"about":[{"href":"https:\/\/9play.de\/shop\/wp-json\/wp\/v2\/types\/product"}],"replies":[{"embeddable":true,"href":"https:\/\/9play.de\/shop\/wp-json\/wp\/v2\/comments?post=15459"}],"wp:featuredmedia":[{"embeddable":true,"href":"https:\/\/9play.de\/shop\/wp-json\/wp\/v2\/media\/15460"}],"wp:attachment":[{"href":"https:\/\/9play.de\/shop\/wp-json\/wp\/v2\/media?parent=15459"}],"wp:term":[{"taxonomy":"product_brand","embeddable":true,"href":"https:\/\/9play.de\/shop\/wp-json\/wp\/v2\/product_brand?post=15459"},{"taxonomy":"product_cat","embeddable":true,"href":"https:\/\/9play.de\/shop\/wp-json\/wp\/v2\/product_cat?post=15459"},{"taxonomy":"product_tag","embeddable":true,"href":"https:\/\/9play.de\/shop\/wp-json\/wp\/v2\/product_tag?post=15459"}],"curies":[{"name":"wp","href":"https:\/\/api.w.org\/{rel}","templated":true}]}}