{"id":15469,"date":"2024-10-06T18:04:30","date_gmt":"2024-10-06T16:04:30","guid":{"rendered":"https:\/\/9play.de\/shop\/produkt\/baby-rassel-set-abc\/"},"modified":"2024-10-06T18:04:35","modified_gmt":"2024-10-06T16:04:35","slug":"baby-rassel-set-abc","status":"publish","type":"product","link":"https:\/\/9play.de\/shop\/produkt\/baby-rassel-set-abc\/","title":{"rendered":"Baby Rassel Set &#8211; ABC"},"content":{"rendered":"<p>Mit ABC spielerisch die Welt entdecken!<br \/>ABC weckt mit altersgerechten Produkten die Neugierde von Babys und Kleinkindern von 3-36 Monaten und unterst\u00fctzt dabei die Entwicklung in den ersten Lebensjahren.<br \/>Spielerisch werden erste Lernziele erreicht, Formen und Strukturen entdeckt sowie Koordinationsmuster geschult. Das ABC Rassel Set bringt Kleinkindern besonders viel Freude.<br \/>Die 3 Rasseln mit unterschiedlichen Funktionen lassen sich von Kinderh\u00e4nden gut greifen und bespielen. Werden Teile der Rasseln gedreht oder gesch\u00fcttelt, bewegen sich die bunten B\u00e4llchen und ein Rasseln ert\u00f6nt.<br \/>Das Rasselset ist der perfekte, abwechslungsreiche Wegbegleiter.<\/p>\n<p>Marke: Simba Toys&nbsp;<br \/>Produktfarbe: Mehrfarbig&nbsp;<br \/>Empfohlenes Alter in Monaten: 3-36 Monate<br \/>Details Zielpublikum: Baby, Fr\u00fche Kindheit<br \/>St\u00fcckzahl: 3<br \/>H\u00f6he: 130 mm<br \/>Verpackungsbreite: 58 mm<br \/>Verpackungstiefe: 260 mm<br \/>Verpackungsh\u00f6he: 183 mm<br \/>Paketgewicht: 213 g<\/p>\n<p>&nbsp;<\/p>\n<p>Achtung: Benutzung unter unmittelbarer Aufsicht von Erwachsenen.<\/p>\n","protected":false},"excerpt":{"rendered":"<p>Mit ABC spielerisch die Welt entdecken!<\/p>\n","protected":false},"featured_media":15470,"comment_status":"closed","ping_status":"open","template":"","meta":[],"product_brand":[],"product_cat":[462],"product_tag":[],"class_list":{"0":"post-15469","1":"product","2":"type-product","3":"status-publish","4":"has-post-thumbnail","6":"product_cat-rasseln-greiflinge","8":"first","9":"instock","10":"shipping-taxable","11":"purchasable","12":"product-type-simple"},"_links":{"self":[{"href":"https:\/\/9play.de\/shop\/wp-json\/wp\/v2\/product\/15469","targetHints":{"allow":["GET"]}}],"collection":[{"href":"https:\/\/9play.de\/shop\/wp-json\/wp\/v2\/product"}],"about":[{"href":"https:\/\/9play.de\/shop\/wp-json\/wp\/v2\/types\/product"}],"replies":[{"embeddable":true,"href":"https:\/\/9play.de\/shop\/wp-json\/wp\/v2\/comments?post=15469"}],"wp:featuredmedia":[{"embeddable":true,"href":"https:\/\/9play.de\/shop\/wp-json\/wp\/v2\/media\/15470"}],"wp:attachment":[{"href":"https:\/\/9play.de\/shop\/wp-json\/wp\/v2\/media?parent=15469"}],"wp:term":[{"taxonomy":"product_brand","embeddable":true,"href":"https:\/\/9play.de\/shop\/wp-json\/wp\/v2\/product_brand?post=15469"},{"taxonomy":"product_cat","embeddable":true,"href":"https:\/\/9play.de\/shop\/wp-json\/wp\/v2\/product_cat?post=15469"},{"taxonomy":"product_tag","embeddable":true,"href":"https:\/\/9play.de\/shop\/wp-json\/wp\/v2\/product_tag?post=15469"}],"curies":[{"name":"wp","href":"https:\/\/api.w.org\/{rel}","templated":true}]}}