{"id":15482,"date":"2024-10-06T18:04:30","date_gmt":"2024-10-06T16:04:30","guid":{"rendered":"https:\/\/9play.de\/shop\/produkt\/marvel-avengers-brotdose-3-faecher\/"},"modified":"2024-10-06T18:04:42","modified_gmt":"2024-10-06T16:04:42","slug":"marvel-avengers-brotdose-3-faecher","status":"publish","type":"product","link":"https:\/\/9play.de\/shop\/produkt\/marvel-avengers-brotdose-3-faecher\/","title":{"rendered":"Marvel Avengers &#8211; Brotdose 3-F\u00e4cher"},"content":{"rendered":"<p>Marvel Avengers &#8211; Brotdose mit &nbsp;3 getrennte F\u00e4chern &#8211; Lunch to Go &#8211; Kinder Lunchbox<\/p>\n<p>F\u00fcr belegte Brote, Gem\u00fcse, M\u00fcsliriegel u.v.m.<br \/>Snack Box aus sehr stabilem Material.<br \/>So bleibt die Pausenverpflegung lecker und appetitlich!<\/p>\n<p>Brotdose mit drei praktischen F\u00e4chern, die einzeln durch kinderfreundliche Verrieglungen ge\u00f6ffnet werden k\u00f6nnen.<br \/>So kann das Obst oder Gem\u00fcse getrennt von dem Butterbrot verpackt werden und bleibt l\u00e4nger frisch.<\/p>\n<p>Verschluss: Click-Up<br \/>Material: Kunststoff<br \/>Au\u00dfenma\u00df: 18,0 x 13,0 x 5,5 cm<br \/>Innenma\u00df gro\u00dfes Fach: 12,5 x 7,5 x 5,0 cm<br \/>Innenma\u00df kleine F\u00e4cher: 6,0 x 8,0 x 5,0 cm<\/p>\n<p>Pflegehinweise: Handw\u00e4sche, nicht geeignet Mikrowelle &amp; Geschirrsp\u00fcler<br \/>&nbsp;<\/p>\n","protected":false},"excerpt":{"rendered":"<p>Marvel Avengers 3-fach Brotdose f\u00fcr belegte Brote, Gem\u00fcse, M\u00fcsliriegel u.v.m.<\/p>\n","protected":false},"featured_media":15483,"comment_status":"closed","ping_status":"open","template":"","meta":[],"product_brand":[],"product_cat":[463],"product_tag":[],"class_list":{"0":"post-15482","1":"product","2":"type-product","3":"status-publish","4":"has-post-thumbnail","6":"product_cat-brotdosen","8":"first","9":"instock","10":"shipping-taxable","11":"purchasable","12":"product-type-simple"},"_links":{"self":[{"href":"https:\/\/9play.de\/shop\/wp-json\/wp\/v2\/product\/15482","targetHints":{"allow":["GET"]}}],"collection":[{"href":"https:\/\/9play.de\/shop\/wp-json\/wp\/v2\/product"}],"about":[{"href":"https:\/\/9play.de\/shop\/wp-json\/wp\/v2\/types\/product"}],"replies":[{"embeddable":true,"href":"https:\/\/9play.de\/shop\/wp-json\/wp\/v2\/comments?post=15482"}],"wp:featuredmedia":[{"embeddable":true,"href":"https:\/\/9play.de\/shop\/wp-json\/wp\/v2\/media\/15483"}],"wp:attachment":[{"href":"https:\/\/9play.de\/shop\/wp-json\/wp\/v2\/media?parent=15482"}],"wp:term":[{"taxonomy":"product_brand","embeddable":true,"href":"https:\/\/9play.de\/shop\/wp-json\/wp\/v2\/product_brand?post=15482"},{"taxonomy":"product_cat","embeddable":true,"href":"https:\/\/9play.de\/shop\/wp-json\/wp\/v2\/product_cat?post=15482"},{"taxonomy":"product_tag","embeddable":true,"href":"https:\/\/9play.de\/shop\/wp-json\/wp\/v2\/product_tag?post=15482"}],"curies":[{"name":"wp","href":"https:\/\/api.w.org\/{rel}","templated":true}]}}