{"id":15486,"date":"2024-10-06T18:04:30","date_gmt":"2024-10-06T16:04:30","guid":{"rendered":"https:\/\/9play.de\/shop\/produkt\/marvel-avengers-brotdose-besteck\/"},"modified":"2024-10-06T18:04:45","modified_gmt":"2024-10-06T16:04:45","slug":"marvel-avengers-brotdose-besteck","status":"publish","type":"product","link":"https:\/\/9play.de\/shop\/produkt\/marvel-avengers-brotdose-besteck\/","title":{"rendered":"Marvel Avengers &#8211; Brotdose + Besteck"},"content":{"rendered":"<p>Das Set besteht aus einer Sandwichbox mit gro\u00dfem Fassungsverm\u00f6gen, ideal f\u00fcr die Snacks der Kleinen, wenn sie unterwegs sind. Dank der originellen Designs, die an einige der bekanntesten Film- und Fernsehfiguren angelehnt sind, werden die Kinder sie immer wieder gerne benutzen.<\/p>\n<p>H\u00f6he: ca. 6,26 cm<br \/>Breite: ca. 13,6 cm<br \/>Lenge: ca. 16 cm<br \/>Merkmal: aus Kunststoff, leicht zu reinigen, ideal f\u00fcr den Alltag<br \/>Material: Kunststoff<br \/>Lieferungsumfang: 1x Brotdose, 1x L\u00f6ffel, 1x Gabel<\/p>\n","protected":false},"excerpt":{"rendered":"<p>Avengers Kinder Lunchset aus Brotdose, Gabel &#038; L\u00f6ffel. Iron Man, Hulk und Thor !<\/p>\n","protected":false},"featured_media":15487,"comment_status":"closed","ping_status":"open","template":"","meta":[],"product_brand":[],"product_cat":[463],"product_tag":[],"class_list":{"0":"post-15486","1":"product","2":"type-product","3":"status-publish","4":"has-post-thumbnail","6":"product_cat-brotdosen","8":"first","9":"instock","10":"shipping-taxable","11":"purchasable","12":"product-type-simple"},"_links":{"self":[{"href":"https:\/\/9play.de\/shop\/wp-json\/wp\/v2\/product\/15486","targetHints":{"allow":["GET"]}}],"collection":[{"href":"https:\/\/9play.de\/shop\/wp-json\/wp\/v2\/product"}],"about":[{"href":"https:\/\/9play.de\/shop\/wp-json\/wp\/v2\/types\/product"}],"replies":[{"embeddable":true,"href":"https:\/\/9play.de\/shop\/wp-json\/wp\/v2\/comments?post=15486"}],"wp:featuredmedia":[{"embeddable":true,"href":"https:\/\/9play.de\/shop\/wp-json\/wp\/v2\/media\/15487"}],"wp:attachment":[{"href":"https:\/\/9play.de\/shop\/wp-json\/wp\/v2\/media?parent=15486"}],"wp:term":[{"taxonomy":"product_brand","embeddable":true,"href":"https:\/\/9play.de\/shop\/wp-json\/wp\/v2\/product_brand?post=15486"},{"taxonomy":"product_cat","embeddable":true,"href":"https:\/\/9play.de\/shop\/wp-json\/wp\/v2\/product_cat?post=15486"},{"taxonomy":"product_tag","embeddable":true,"href":"https:\/\/9play.de\/shop\/wp-json\/wp\/v2\/product_tag?post=15486"}],"curies":[{"name":"wp","href":"https:\/\/api.w.org\/{rel}","templated":true}]}}