{"id":15493,"date":"2024-10-06T18:04:30","date_gmt":"2024-10-06T16:04:30","guid":{"rendered":"https:\/\/9play.de\/shop\/produkt\/marvel-avengers-brotdose\/"},"modified":"2024-10-06T18:04:48","modified_gmt":"2024-10-06T16:04:48","slug":"marvel-avengers-brotdose","status":"publish","type":"product","link":"https:\/\/9play.de\/shop\/produkt\/marvel-avengers-brotdose\/","title":{"rendered":"Marvel Avengers &#8211; Brotdose"},"content":{"rendered":"<p>Avengers Brotdose&nbsp; &#8211; Lunch to Go &#8211; Kinder Lunchbox<\/p>\n<p>F\u00fcr belegte Brote, Gem\u00fcse, M\u00fcsliriegel u.v.m.<br \/>Snack Box aus sehr stabilem Material.<br \/>Die Pausenverpflegung&nbsp;bleibt lecker und appetitlich!<br \/>So bleibt das Obst oder Gem\u00fcse lange frisch.<\/p>\n<p>Marvel Avengers &#8211; Brotdose<\/p>\n<p>Material: Kunststoff<br \/>Ma\u00dfe: ca. 17,5 x 13,5 x 6 cm<\/p>\n","protected":false},"excerpt":{"rendered":"<p>Avengers Brotdose Brotbox Brotb\u00fcchse Lunchbox Iron Man Hulk Thor Pausenbox<\/p>\n","protected":false},"featured_media":15494,"comment_status":"closed","ping_status":"open","template":"","meta":[],"product_brand":[],"product_cat":[463],"product_tag":[],"class_list":{"0":"post-15493","1":"product","2":"type-product","3":"status-publish","4":"has-post-thumbnail","6":"product_cat-brotdosen","8":"first","9":"instock","10":"shipping-taxable","11":"purchasable","12":"product-type-simple"},"_links":{"self":[{"href":"https:\/\/9play.de\/shop\/wp-json\/wp\/v2\/product\/15493","targetHints":{"allow":["GET"]}}],"collection":[{"href":"https:\/\/9play.de\/shop\/wp-json\/wp\/v2\/product"}],"about":[{"href":"https:\/\/9play.de\/shop\/wp-json\/wp\/v2\/types\/product"}],"replies":[{"embeddable":true,"href":"https:\/\/9play.de\/shop\/wp-json\/wp\/v2\/comments?post=15493"}],"wp:featuredmedia":[{"embeddable":true,"href":"https:\/\/9play.de\/shop\/wp-json\/wp\/v2\/media\/15494"}],"wp:attachment":[{"href":"https:\/\/9play.de\/shop\/wp-json\/wp\/v2\/media?parent=15493"}],"wp:term":[{"taxonomy":"product_brand","embeddable":true,"href":"https:\/\/9play.de\/shop\/wp-json\/wp\/v2\/product_brand?post=15493"},{"taxonomy":"product_cat","embeddable":true,"href":"https:\/\/9play.de\/shop\/wp-json\/wp\/v2\/product_cat?post=15493"},{"taxonomy":"product_tag","embeddable":true,"href":"https:\/\/9play.de\/shop\/wp-json\/wp\/v2\/product_tag?post=15493"}],"curies":[{"name":"wp","href":"https:\/\/api.w.org\/{rel}","templated":true}]}}