{"id":15500,"date":"2024-10-06T18:04:30","date_gmt":"2024-10-06T16:04:30","guid":{"rendered":"https:\/\/9play.de\/shop\/produkt\/disney-frozen-brotdose-500ml-elsa-anna\/"},"modified":"2024-10-06T18:04:53","modified_gmt":"2024-10-06T16:04:53","slug":"disney-frozen-brotdose-500ml-elsa-anna","status":"publish","type":"product","link":"https:\/\/9play.de\/shop\/produkt\/disney-frozen-brotdose-500ml-elsa-anna\/","title":{"rendered":"Disney Frozen &#8211; Brotdose 500ML Elsa Anna"},"content":{"rendered":"<p>Disney Frozen&nbsp;&#8211; Brotdose &#8211; Lunch to Go &#8211; Kinder Lunchbox<\/p>\n<p>F\u00fcr belegte Brote, Gem\u00fcse, M\u00fcsliriegel u.v.m.<br \/>Snack Box aus sehr stabilem Material.<br \/>Die Pausenverpflegung&nbsp;bleibt lecker und appetitlich!<br \/>So bleibt das Obst oder Gem\u00fcse lange frisch.<\/p>\n<p>Marke: Stor<\/p>\n<p>Thema: Frozen<\/p>\n<p>Gr\u00f6\u00dfe:&nbsp;ca. 13x13x4,5cm<\/p>\n<p>Inhalt: 500ml<\/p>\n","protected":false},"excerpt":{"rendered":"<p>Disney Frozen Brotdose f\u00fcr belegte Brote, Gem\u00fcse, M\u00fcsliriegel u.v.m.<\/p>\n","protected":false},"featured_media":15501,"comment_status":"closed","ping_status":"open","template":"","meta":[],"product_brand":[],"product_cat":[463],"product_tag":[],"class_list":{"0":"post-15500","1":"product","2":"type-product","3":"status-publish","4":"has-post-thumbnail","6":"product_cat-brotdosen","8":"first","9":"instock","10":"shipping-taxable","11":"purchasable","12":"product-type-simple"},"_links":{"self":[{"href":"https:\/\/9play.de\/shop\/wp-json\/wp\/v2\/product\/15500","targetHints":{"allow":["GET"]}}],"collection":[{"href":"https:\/\/9play.de\/shop\/wp-json\/wp\/v2\/product"}],"about":[{"href":"https:\/\/9play.de\/shop\/wp-json\/wp\/v2\/types\/product"}],"replies":[{"embeddable":true,"href":"https:\/\/9play.de\/shop\/wp-json\/wp\/v2\/comments?post=15500"}],"wp:featuredmedia":[{"embeddable":true,"href":"https:\/\/9play.de\/shop\/wp-json\/wp\/v2\/media\/15501"}],"wp:attachment":[{"href":"https:\/\/9play.de\/shop\/wp-json\/wp\/v2\/media?parent=15500"}],"wp:term":[{"taxonomy":"product_brand","embeddable":true,"href":"https:\/\/9play.de\/shop\/wp-json\/wp\/v2\/product_brand?post=15500"},{"taxonomy":"product_cat","embeddable":true,"href":"https:\/\/9play.de\/shop\/wp-json\/wp\/v2\/product_cat?post=15500"},{"taxonomy":"product_tag","embeddable":true,"href":"https:\/\/9play.de\/shop\/wp-json\/wp\/v2\/product_tag?post=15500"}],"curies":[{"name":"wp","href":"https:\/\/api.w.org\/{rel}","templated":true}]}}