{"id":15522,"date":"2024-10-06T18:04:30","date_gmt":"2024-10-06T16:04:30","guid":{"rendered":"https:\/\/9play.de\/shop\/produkt\/paw-patrol-rucksack\/"},"modified":"2024-10-06T18:05:07","modified_gmt":"2024-10-06T16:05:07","slug":"paw-patrol-rucksack","status":"publish","type":"product","link":"https:\/\/9play.de\/shop\/produkt\/paw-patrol-rucksack\/","title":{"rendered":"Paw Patrol &#8211; Rucksack"},"content":{"rendered":"<p>Zusammen mit Paw Patrols pelzigen Freunden zur Schule, zum Sportverein oder zur Spielgruppe &#8230; wer w\u00fcrde das nicht wollen? Chase, Marshall und Rubble haben sich einen Platz in der runden roten Vordertasche mit Rei\u00dfverschluss gesichert, in dem Sie einige kleine Gegenst\u00e4nde aufbewahren k\u00f6nnen. Das gro\u00dfe Hauptfach bietet Platz f\u00fcr eine Brotdose, Getr\u00e4nke oder zus\u00e4tzliche Kleidung. Die rote Schlaufe oben ist n\u00fctzlich, um den Rucksack an der Garderobe aufzuh\u00e4ngen. Der Rucksack hat verstellbare Schultergurte und ist leicht zu reinigen. Immer griffbereit, wenn es um eine Tasse Getr\u00e4nk geht.<\/p>\n<p>Marke: Vadobag<br \/>Abmessungen (HxBxT in cm): 31cm x 25cm x 9cm<br \/>Material: 100% Polyester<\/p>\n<p>&nbsp;<\/p>\n<p>Achtung: Nicht f\u00fcr Kinder unter 36 Monaten geeignet wegen verschluckbarer Kleinteile, Erstickungsgefahr.<br \/>Achtung: Strangulationsgefahr durch lange Seile.<\/p>\n","protected":false},"excerpt":{"rendered":"<p>Paw Patrol Kinder Rucksack. Das gro\u00dfe Hauptfach bietet Platz f\u00fcr eine Brotdose, Getr\u00e4nke oder zus\u00e4tzliche Kleidung.<\/p>\n","protected":false},"featured_media":15523,"comment_status":"closed","ping_status":"open","template":"","meta":[],"product_brand":[],"product_cat":[465],"product_tag":[],"class_list":{"0":"post-15522","1":"product","2":"type-product","3":"status-publish","4":"has-post-thumbnail","6":"product_cat-rucksaecke-taschen","8":"first","9":"instock","10":"shipping-taxable","11":"purchasable","12":"product-type-simple"},"_links":{"self":[{"href":"https:\/\/9play.de\/shop\/wp-json\/wp\/v2\/product\/15522","targetHints":{"allow":["GET"]}}],"collection":[{"href":"https:\/\/9play.de\/shop\/wp-json\/wp\/v2\/product"}],"about":[{"href":"https:\/\/9play.de\/shop\/wp-json\/wp\/v2\/types\/product"}],"replies":[{"embeddable":true,"href":"https:\/\/9play.de\/shop\/wp-json\/wp\/v2\/comments?post=15522"}],"wp:featuredmedia":[{"embeddable":true,"href":"https:\/\/9play.de\/shop\/wp-json\/wp\/v2\/media\/15523"}],"wp:attachment":[{"href":"https:\/\/9play.de\/shop\/wp-json\/wp\/v2\/media?parent=15522"}],"wp:term":[{"taxonomy":"product_brand","embeddable":true,"href":"https:\/\/9play.de\/shop\/wp-json\/wp\/v2\/product_brand?post=15522"},{"taxonomy":"product_cat","embeddable":true,"href":"https:\/\/9play.de\/shop\/wp-json\/wp\/v2\/product_cat?post=15522"},{"taxonomy":"product_tag","embeddable":true,"href":"https:\/\/9play.de\/shop\/wp-json\/wp\/v2\/product_tag?post=15522"}],"curies":[{"name":"wp","href":"https:\/\/api.w.org\/{rel}","templated":true}]}}