{"id":15526,"date":"2024-10-06T18:04:30","date_gmt":"2024-10-06T16:04:30","guid":{"rendered":"https:\/\/9play.de\/shop\/produkt\/peppa-wutz-kinderrucksack\/"},"modified":"2024-10-06T18:05:10","modified_gmt":"2024-10-06T16:05:10","slug":"peppa-wutz-kinderrucksack","status":"publish","type":"product","link":"https:\/\/9play.de\/shop\/produkt\/peppa-wutz-kinderrucksack\/","title":{"rendered":"Peppa Wutz &#8211; Kinderrucksack"},"content":{"rendered":"<p>Peppa steht auf dieser Peppa Pig-Tasche im Rampenlicht.<br \/>Liebt Ihr Kind diese Figur aus den Zeichentrickserien und -filmen?<br \/>Dann ist dieser Rucksack bestimmt sein neues Lieblingsst\u00fcck!<br \/>Die Tasche ist rosa mit sch\u00f6nen hellrosa Details und ist mit dem beliebten Schwein aus den Peppa Pig Filmen und Serien abgebildet.<br \/>Durch den 3D-Effekt sieht es so aus, als k\u00e4me das Ferkel wirklich aus dem Sack.<br \/>Das Hauptfach ist gro\u00df genug f\u00fcr eine Brotdose und einen Becher f\u00fcr das Schulessen.<br \/>Der Rucksack hat verstellbare Schultergurte und kann auch an der hellrosa Schlaufe getragen werden.&nbsp;<\/p>\n<p>Marke: Vadobag<br \/>Abmessungen (HxBxT in cm): 32cm x 26cm x 11cm<br \/>Material: 100% Polyester<\/p>\n<p>Achtung: Nicht f\u00fcr Kinder unter 36 Monaten geeignet wegen verschluckbarer Kleinteile, Erstickungsgefahr.<br \/>Achtung: Strangulationsgefahr durch lange Seile.<\/p>\n","protected":false},"excerpt":{"rendered":"<p>Kinderrucksack Peppa Wutz mit sch\u00f6nen hellrosa Details und ist mit dem beliebten Schwein aus den Peppa Pig Filmen und Serien abgebildet.<\/p>\n","protected":false},"featured_media":15527,"comment_status":"closed","ping_status":"open","template":"","meta":[],"product_brand":[],"product_cat":[465],"product_tag":[],"class_list":{"0":"post-15526","1":"product","2":"type-product","3":"status-publish","4":"has-post-thumbnail","6":"product_cat-rucksaecke-taschen","8":"first","9":"instock","10":"shipping-taxable","11":"purchasable","12":"product-type-simple"},"_links":{"self":[{"href":"https:\/\/9play.de\/shop\/wp-json\/wp\/v2\/product\/15526","targetHints":{"allow":["GET"]}}],"collection":[{"href":"https:\/\/9play.de\/shop\/wp-json\/wp\/v2\/product"}],"about":[{"href":"https:\/\/9play.de\/shop\/wp-json\/wp\/v2\/types\/product"}],"replies":[{"embeddable":true,"href":"https:\/\/9play.de\/shop\/wp-json\/wp\/v2\/comments?post=15526"}],"wp:featuredmedia":[{"embeddable":true,"href":"https:\/\/9play.de\/shop\/wp-json\/wp\/v2\/media\/15527"}],"wp:attachment":[{"href":"https:\/\/9play.de\/shop\/wp-json\/wp\/v2\/media?parent=15526"}],"wp:term":[{"taxonomy":"product_brand","embeddable":true,"href":"https:\/\/9play.de\/shop\/wp-json\/wp\/v2\/product_brand?post=15526"},{"taxonomy":"product_cat","embeddable":true,"href":"https:\/\/9play.de\/shop\/wp-json\/wp\/v2\/product_cat?post=15526"},{"taxonomy":"product_tag","embeddable":true,"href":"https:\/\/9play.de\/shop\/wp-json\/wp\/v2\/product_tag?post=15526"}],"curies":[{"name":"wp","href":"https:\/\/api.w.org\/{rel}","templated":true}]}}