{"id":15530,"date":"2024-10-06T18:04:30","date_gmt":"2024-10-06T16:04:30","guid":{"rendered":"https:\/\/9play.de\/shop\/produkt\/city-team-3-fahrzeuge-mit-licht-und-geraeuschen\/"},"modified":"2024-10-06T18:05:12","modified_gmt":"2024-10-06T16:05:12","slug":"city-team-3-fahrzeuge-mit-licht-und-geraeuschen","status":"publish","type":"product","link":"https:\/\/9play.de\/shop\/produkt\/city-team-3-fahrzeuge-mit-licht-und-geraeuschen\/","title":{"rendered":"City Team 3 Fahrzeuge mit Licht und Ger\u00e4uschen"},"content":{"rendered":"<p>City Team Fahrzeuge, 3 Baustellenfahrzeuge.<br \/>Fahrzeuge mit Freilauf, Licht und Sound. Baustellenfahrzeuge bestehen aus M\u00fcllfahrzeug, Strassenbaufahrzeug und Containerfahrzeug.<\/p>\n<p>Marke: <span>Dickie Toys<br \/>Menge: 3 Fahrzeuge<\/span><br \/>Ma\u00dfe: 80\u00d7190\u00d7125mm<br \/>Inhalt: 3 Baustellenfahrzeuge<\/p>\n<p>Altersempfehlung: ab 3 Jahre<\/p>\n<p>Achtung: Nicht f\u00fcr Kinder unter 36 Monaten geeignet wegen verschluckbarer Kleinteile, Erstickungsgefahr.<\/p>\n","protected":false},"excerpt":{"rendered":"<p>Fahrzeuge mit Freilauf, Licht und Sound. Baustellenfahrzeuge bestehen aus M\u00fcllfahrzeug, Strassenbaufahrzeug und Containerfahrzeug<\/p>\n","protected":false},"featured_media":15531,"comment_status":"closed","ping_status":"open","template":"","meta":[],"product_brand":[],"product_cat":[466],"product_tag":[],"class_list":{"0":"post-15530","1":"product","2":"type-product","3":"status-publish","4":"has-post-thumbnail","6":"product_cat-dienstfahrzeuge","8":"first","9":"instock","10":"shipping-taxable","11":"purchasable","12":"product-type-simple"},"_links":{"self":[{"href":"https:\/\/9play.de\/shop\/wp-json\/wp\/v2\/product\/15530","targetHints":{"allow":["GET"]}}],"collection":[{"href":"https:\/\/9play.de\/shop\/wp-json\/wp\/v2\/product"}],"about":[{"href":"https:\/\/9play.de\/shop\/wp-json\/wp\/v2\/types\/product"}],"replies":[{"embeddable":true,"href":"https:\/\/9play.de\/shop\/wp-json\/wp\/v2\/comments?post=15530"}],"wp:featuredmedia":[{"embeddable":true,"href":"https:\/\/9play.de\/shop\/wp-json\/wp\/v2\/media\/15531"}],"wp:attachment":[{"href":"https:\/\/9play.de\/shop\/wp-json\/wp\/v2\/media?parent=15530"}],"wp:term":[{"taxonomy":"product_brand","embeddable":true,"href":"https:\/\/9play.de\/shop\/wp-json\/wp\/v2\/product_brand?post=15530"},{"taxonomy":"product_cat","embeddable":true,"href":"https:\/\/9play.de\/shop\/wp-json\/wp\/v2\/product_cat?post=15530"},{"taxonomy":"product_tag","embeddable":true,"href":"https:\/\/9play.de\/shop\/wp-json\/wp\/v2\/product_tag?post=15530"}],"curies":[{"name":"wp","href":"https:\/\/api.w.org\/{rel}","templated":true}]}}