{"id":15543,"date":"2024-10-06T18:05:20","date_gmt":"2024-10-06T16:05:20","guid":{"rendered":"https:\/\/9play.de\/shop\/produkt\/scania-feuerwehr\/"},"modified":"2024-10-06T18:05:24","modified_gmt":"2024-10-06T16:05:24","slug":"scania-feuerwehr","status":"publish","type":"product","link":"https:\/\/9play.de\/shop\/produkt\/scania-feuerwehr\/","title":{"rendered":"Scania Feuerwehr"},"content":{"rendered":"<p><span class=\"hgproduktdetail\" id=\"pddetail\" style=\"display:block;\">Mit Feuerwehrfahrzeug von Dickie Toys holst du dir die Abenteuer aus dem Rettungsalltag nach Hause.<br \/>Es erlaubt so einen Einblick in die Arbeit der Feuerwehrm\u00e4nner.<br \/>Mit Freilauf und einer originalgetreu gestalteten Scania Kabine ausgestattet. Licht und Sound sorgen f\u00fcr das stilechte Spielerlebnis.<\/span><\/p>\n<p>ACHTUNG! Der Artikel ist sortiert! Die Auswahl erfolgt in der Regel per Zufall.<br \/>&nbsp;<\/p>\n<p>Hersteller: <span>Dickie Toys<\/span><br \/>Alter: <span>3 Jahre<\/span><\/p>\n<p>Gr\u00f6\u00dfe: ca. 17 cm (L\u00e4nge)<\/p>\n<p>ACHTUNG! Der Artikel ist sortiert! Die Auswahl erfolgt in der Regel per Zufall.<\/p>\n<p>Achtung: Nicht f\u00fcr Kinder unter 36 Monaten geeignet wegen verschluckbarer Kleinteile, Erstickungsgefahr.<\/p>\n","protected":false},"excerpt":{"rendered":"<p>Mit Scania Feuerwehr holst du dir die Abenteuer aus dem Rettungsalltag nach Hause.<\/p>\n","protected":false},"featured_media":15544,"comment_status":"closed","ping_status":"open","template":"","meta":[],"product_brand":[],"product_cat":[466],"product_tag":[],"class_list":{"0":"post-15543","1":"product","2":"type-product","3":"status-publish","4":"has-post-thumbnail","6":"product_cat-dienstfahrzeuge","8":"first","9":"instock","10":"shipping-taxable","11":"purchasable","12":"product-type-simple"},"_links":{"self":[{"href":"https:\/\/9play.de\/shop\/wp-json\/wp\/v2\/product\/15543","targetHints":{"allow":["GET"]}}],"collection":[{"href":"https:\/\/9play.de\/shop\/wp-json\/wp\/v2\/product"}],"about":[{"href":"https:\/\/9play.de\/shop\/wp-json\/wp\/v2\/types\/product"}],"replies":[{"embeddable":true,"href":"https:\/\/9play.de\/shop\/wp-json\/wp\/v2\/comments?post=15543"}],"wp:featuredmedia":[{"embeddable":true,"href":"https:\/\/9play.de\/shop\/wp-json\/wp\/v2\/media\/15544"}],"wp:attachment":[{"href":"https:\/\/9play.de\/shop\/wp-json\/wp\/v2\/media?parent=15543"}],"wp:term":[{"taxonomy":"product_brand","embeddable":true,"href":"https:\/\/9play.de\/shop\/wp-json\/wp\/v2\/product_brand?post=15543"},{"taxonomy":"product_cat","embeddable":true,"href":"https:\/\/9play.de\/shop\/wp-json\/wp\/v2\/product_cat?post=15543"},{"taxonomy":"product_tag","embeddable":true,"href":"https:\/\/9play.de\/shop\/wp-json\/wp\/v2\/product_tag?post=15543"}],"curies":[{"name":"wp","href":"https:\/\/api.w.org\/{rel}","templated":true}]}}