{"id":15548,"date":"2024-10-06T18:05:20","date_gmt":"2024-10-06T16:05:20","guid":{"rendered":"https:\/\/9play.de\/shop\/produkt\/volvo-radlader-mit-freilauf-und-bewegliche-schaufel\/"},"modified":"2024-10-06T18:05:27","modified_gmt":"2024-10-06T16:05:27","slug":"volvo-radlader-mit-freilauf-und-bewegliche-schaufel","status":"publish","type":"product","link":"https:\/\/9play.de\/shop\/produkt\/volvo-radlader-mit-freilauf-und-bewegliche-schaufel\/","title":{"rendered":"Volvo Radlader mit Freilauf und bewegliche Schaufel"},"content":{"rendered":"<p class=\"description-title\">Ein Radlader, der extra f\u00fcr Kinder entwickelt wurde. Liefert zahlreiche Ideen f\u00fcr immer neue Szenarien und passt sich kleinen Kinderh\u00e4nden perfekt an.<br \/>Das Spielzeugfahrzeug mit Freilauf verf\u00fcgt \u00fcber eine manuell bewegliche Schaufel, die sich stilecht kippen l\u00e4sst.<br \/>Dank offener Kabine k\u00f6nnen junge Baustellenprofis ab drei Jahren das liebevoll gestaltete Innenleben entdecken.<br \/>&nbsp;<\/p>\n<p>Marke: <span class=\"value\">Simba-Dickie<\/span><br \/>Material: Kunststoff<br \/>Grundfarbe: grau, gelb<br \/><span class=\"value\">Gr\u00f6\u00dfe:&nbsp;<\/span>10 cm x 27.5 cm x 13 cm (LxBxH)<\/p>\n<p>&nbsp;<\/p>\n<p>Achtung: Nicht f\u00fcr Kinder unter 36 Monaten geeignet wegen verschluckbarer Kleinteile, Erstickungsgefahr.<\/p>\n","protected":false},"excerpt":{"rendered":"<p>Der Dickie Toys Volvo Radlader liefert zahlreiche Ideen f\u00fcr immer neue Szenarien und passt sich kleinen Kinderh\u00e4nden perfekt an.<\/p>\n","protected":false},"featured_media":15549,"comment_status":"closed","ping_status":"open","template":"","meta":[],"product_brand":[],"product_cat":[466],"product_tag":[],"class_list":{"0":"post-15548","1":"product","2":"type-product","3":"status-publish","4":"has-post-thumbnail","6":"product_cat-dienstfahrzeuge","8":"first","9":"instock","10":"shipping-taxable","11":"purchasable","12":"product-type-simple"},"_links":{"self":[{"href":"https:\/\/9play.de\/shop\/wp-json\/wp\/v2\/product\/15548","targetHints":{"allow":["GET"]}}],"collection":[{"href":"https:\/\/9play.de\/shop\/wp-json\/wp\/v2\/product"}],"about":[{"href":"https:\/\/9play.de\/shop\/wp-json\/wp\/v2\/types\/product"}],"replies":[{"embeddable":true,"href":"https:\/\/9play.de\/shop\/wp-json\/wp\/v2\/comments?post=15548"}],"wp:featuredmedia":[{"embeddable":true,"href":"https:\/\/9play.de\/shop\/wp-json\/wp\/v2\/media\/15549"}],"wp:attachment":[{"href":"https:\/\/9play.de\/shop\/wp-json\/wp\/v2\/media?parent=15548"}],"wp:term":[{"taxonomy":"product_brand","embeddable":true,"href":"https:\/\/9play.de\/shop\/wp-json\/wp\/v2\/product_brand?post=15548"},{"taxonomy":"product_cat","embeddable":true,"href":"https:\/\/9play.de\/shop\/wp-json\/wp\/v2\/product_cat?post=15548"},{"taxonomy":"product_tag","embeddable":true,"href":"https:\/\/9play.de\/shop\/wp-json\/wp\/v2\/product_tag?post=15548"}],"curies":[{"name":"wp","href":"https:\/\/api.w.org\/{rel}","templated":true}]}}