{"id":15558,"date":"2024-10-06T18:05:20","date_gmt":"2024-10-06T16:05:20","guid":{"rendered":"https:\/\/9play.de\/shop\/produkt\/volvo-schaufelbagger\/"},"modified":"2024-10-06T18:05:34","modified_gmt":"2024-10-06T16:05:34","slug":"volvo-schaufelbagger","status":"publish","type":"product","link":"https:\/\/9play.de\/shop\/produkt\/volvo-schaufelbagger\/","title":{"rendered":"Volvo &#8211; Schaufelbagger"},"content":{"rendered":"<p>Volvo Bagger- Spielspa\u00df f\u00fcr die Kleinen!<br \/>Mit diesem tollen Bagger von LENA k\u00f6nnen Kinder wunderbar spielen und die Gro\u00dfen nachahmen.<br \/>Dazu ist der Schaufelbagger mit einem klappbaren Fahrerhaus, einem 360\u00b0 drehbarem Baggeraufsatz, einem zweistufig verstellbaren Baggerarm und einer Baggerschaufel mit Griff f\u00fcr leichtes Bedienen ausgestattet.<br \/>Au\u00dferdem ist eine Spielfigur mit dabei, welche als Bauarbeiter und Fahrer zum Einsatz kommen kann.<br \/>Der Truckie ist ein tolles Geschenk f\u00fcr Kinder, von dem die begeistert werden! LENA ist eine Qualit\u00e4ts-Marke aus dem Hause SIMM Spielwaren.<br \/>&nbsp;<\/p>\n<p>Marke: <span class=\"value\">LENA<\/span><br \/>Material: <span class=\"value\">Kunststoff<\/span><br \/>Ma\u00dfe L\/B\/H: ca. 25 x 9 x 18 cm<br \/>MADE IN EUROPE<br \/>Optimal f\u00fcr Kinder ab 3 Jahren. Geeignet f\u00fcr drinnen und drau\u00dfen, besonders im Sandkasten<\/p>\n<p>&nbsp;<\/p>\n<p>Achtung: Nicht f\u00fcr Kinder unter 36 Monaten geeignet wegen verschluckbarer Kleinteile, Erstickungsgefahr.<\/p>\n","protected":false},"excerpt":{"rendered":"<p>Mit diesem tollen Truckie Bagger von LENA k\u00f6nnen Kinder wunderbar spielen und die Gro\u00dfen nachahmen.<\/p>\n","protected":false},"featured_media":15559,"comment_status":"closed","ping_status":"open","template":"","meta":[],"product_brand":[],"product_cat":[466],"product_tag":[],"class_list":{"0":"post-15558","1":"product","2":"type-product","3":"status-publish","4":"has-post-thumbnail","6":"product_cat-dienstfahrzeuge","8":"first","9":"instock","10":"shipping-taxable","11":"purchasable","12":"product-type-simple"},"_links":{"self":[{"href":"https:\/\/9play.de\/shop\/wp-json\/wp\/v2\/product\/15558","targetHints":{"allow":["GET"]}}],"collection":[{"href":"https:\/\/9play.de\/shop\/wp-json\/wp\/v2\/product"}],"about":[{"href":"https:\/\/9play.de\/shop\/wp-json\/wp\/v2\/types\/product"}],"replies":[{"embeddable":true,"href":"https:\/\/9play.de\/shop\/wp-json\/wp\/v2\/comments?post=15558"}],"wp:featuredmedia":[{"embeddable":true,"href":"https:\/\/9play.de\/shop\/wp-json\/wp\/v2\/media\/15559"}],"wp:attachment":[{"href":"https:\/\/9play.de\/shop\/wp-json\/wp\/v2\/media?parent=15558"}],"wp:term":[{"taxonomy":"product_brand","embeddable":true,"href":"https:\/\/9play.de\/shop\/wp-json\/wp\/v2\/product_brand?post=15558"},{"taxonomy":"product_cat","embeddable":true,"href":"https:\/\/9play.de\/shop\/wp-json\/wp\/v2\/product_cat?post=15558"},{"taxonomy":"product_tag","embeddable":true,"href":"https:\/\/9play.de\/shop\/wp-json\/wp\/v2\/product_tag?post=15558"}],"curies":[{"name":"wp","href":"https:\/\/api.w.org\/{rel}","templated":true}]}}