{"id":15562,"date":"2024-10-06T18:05:20","date_gmt":"2024-10-06T16:05:20","guid":{"rendered":"https:\/\/9play.de\/shop\/produkt\/abc-bade-nilpferd-22-cm-wasserraedern-schildkroete-sieben-und-schoepfen\/"},"modified":"2024-10-06T18:05:36","modified_gmt":"2024-10-06T16:05:36","slug":"abc-bade-nilpferd-22-cm-wasserraedern-schildkroete-sieben-und-schoepfen","status":"publish","type":"product","link":"https:\/\/9play.de\/shop\/produkt\/abc-bade-nilpferd-22-cm-wasserraedern-schildkroete-sieben-und-schoepfen\/","title":{"rendered":"ABC Bade Nilpferd 22 cm Wasserr\u00e4dern Schildkr\u00f6te Sieben und Sch\u00f6pfen"},"content":{"rendered":"<div class=\"content--title\">Mit Bade Nilpferd spielerisch die Welt entdecken!&nbsp;Bade Nilpferd weckt die Neugierde von Babys und Kleinkindern und unterst\u00fctzt dabei die Entwicklung in den ersten Lebensjahren. Spielerisch werden erste Lernziele erreicht, Formen und Strukturen entdeckt sowie Koordinationsmuster geschult und gefestigt. Das s\u00fc\u00dfen ABC Bade Nilpferd haftet mit einem Saugnapf an der Badewanne und sorgt f\u00fcr jede Menge Badespa\u00df. Sch\u00fcttet man Wasser in den Trichter am Kopf des Nilpferdes so flie\u00dft es durch die rote Zunge des s\u00fc\u00dfen Tieres nach unten und bringt die verschiedenen bunten Wasserr\u00e4der in Form von Seestern und Muscheln in Bewegung.<\/div>\n<p>Hersteller: SIMBA<br \/>L\u00e4nge: 10cm<br \/>Breite: 20cm<br \/>H\u00f6he: 23cm<br \/>Gewicht: 0,35 kg<br \/>Altersfreigabe: ab 12 Monate<\/p>\n<p>&nbsp;<\/p>\n<p>Achtung: Benutzung unter unmittelbarer Aufsicht von Erwachsenen.<\/p>\n","protected":false},"excerpt":{"rendered":"<p>ABC Bade Nilpferd mit lustigen Wasserr\u00e4dern und Schildkr\u00f6te zum Sieben und Sch\u00f6pfen, Saugnapf zum Befestigen.<\/p>\n","protected":false},"featured_media":15563,"comment_status":"closed","ping_status":"open","template":"","meta":[],"product_brand":[],"product_cat":[467],"product_tag":[],"class_list":{"0":"post-15562","1":"product","2":"type-product","3":"status-publish","4":"has-post-thumbnail","6":"product_cat-badespielzeug","8":"first","9":"instock","10":"shipping-taxable","11":"purchasable","12":"product-type-simple"},"_links":{"self":[{"href":"https:\/\/9play.de\/shop\/wp-json\/wp\/v2\/product\/15562","targetHints":{"allow":["GET"]}}],"collection":[{"href":"https:\/\/9play.de\/shop\/wp-json\/wp\/v2\/product"}],"about":[{"href":"https:\/\/9play.de\/shop\/wp-json\/wp\/v2\/types\/product"}],"replies":[{"embeddable":true,"href":"https:\/\/9play.de\/shop\/wp-json\/wp\/v2\/comments?post=15562"}],"wp:featuredmedia":[{"embeddable":true,"href":"https:\/\/9play.de\/shop\/wp-json\/wp\/v2\/media\/15563"}],"wp:attachment":[{"href":"https:\/\/9play.de\/shop\/wp-json\/wp\/v2\/media?parent=15562"}],"wp:term":[{"taxonomy":"product_brand","embeddable":true,"href":"https:\/\/9play.de\/shop\/wp-json\/wp\/v2\/product_brand?post=15562"},{"taxonomy":"product_cat","embeddable":true,"href":"https:\/\/9play.de\/shop\/wp-json\/wp\/v2\/product_cat?post=15562"},{"taxonomy":"product_tag","embeddable":true,"href":"https:\/\/9play.de\/shop\/wp-json\/wp\/v2\/product_tag?post=15562"}],"curies":[{"name":"wp","href":"https:\/\/api.w.org\/{rel}","templated":true}]}}