{"id":15570,"date":"2024-10-06T18:05:20","date_gmt":"2024-10-06T16:05:20","guid":{"rendered":"https:\/\/9play.de\/shop\/produkt\/abc-raupe-mit-multidrehfunktion\/"},"modified":"2024-10-06T18:05:41","modified_gmt":"2024-10-06T16:05:41","slug":"abc-raupe-mit-multidrehfunktion","status":"publish","type":"product","link":"https:\/\/9play.de\/shop\/produkt\/abc-raupe-mit-multidrehfunktion\/","title":{"rendered":"ABC Raupe mit Multidrehfunktion"},"content":{"rendered":"<p>Diese Raupe aus der ABC-Serie von Simba kann in alle m\u00f6glichen Positionen gedreht werden.<\/p>\n<p>Mit sch\u00f6nen Rasseln, einem Spiegel, Bei\u00dfringen und vielen anderen Extras.<\/p>\n<p>Alle 6 Glieder der ABC Raupe mit Multidrehfunktion k\u00f6nnen gedreht werden und machen dabei tolle Ger\u00e4usche.<\/p>\n<p>Die vielf\u00e4ltigen Funktionen je des einzelnen Elements wie Spiegel, Rassel, Gummiringe, Riffel und ein Schiebeelement bieten den Kindernoptische, akustische und haptische Reize und f\u00f6rdern die Motorik und Hand-Auge-Koordination. Die ABC Raup e mit Multidrehfunktion ist 35cm..<\/p>\n<p>Marke: Simba<\/p>\n<p>Alter: Ab 6 Monaten<\/p>\n<p>Dehnbare Elemente<br \/>Rassel Ger\u00e4usche<br \/>Gummiringe<br \/>Spiegel<br \/>L\u00e4nge ca. 35 cm<\/p>\n<p>&nbsp;<\/p>\n<p>Achtung: Benutzung unter unmittelbarer Aufsicht von Erwachsenen.<\/p>\n","protected":false},"excerpt":{"rendered":"<p>Diese Raupe aus der ABC-Serie von Simba kann in alle m\u00f6glichen Positionen gedreht werden. Mit sch\u00f6nen Rasseln, einem Spiegel, Bei\u00dfringen und vielen anderen Extras.<\/p>\n","protected":false},"featured_media":15571,"comment_status":"closed","ping_status":"open","template":"","meta":[],"product_brand":[],"product_cat":[446],"product_tag":[],"class_list":{"0":"post-15570","1":"product","2":"type-product","3":"status-publish","4":"has-post-thumbnail","6":"product_cat-babyspielzeug","8":"first","9":"instock","10":"shipping-taxable","11":"purchasable","12":"product-type-simple"},"_links":{"self":[{"href":"https:\/\/9play.de\/shop\/wp-json\/wp\/v2\/product\/15570","targetHints":{"allow":["GET"]}}],"collection":[{"href":"https:\/\/9play.de\/shop\/wp-json\/wp\/v2\/product"}],"about":[{"href":"https:\/\/9play.de\/shop\/wp-json\/wp\/v2\/types\/product"}],"replies":[{"embeddable":true,"href":"https:\/\/9play.de\/shop\/wp-json\/wp\/v2\/comments?post=15570"}],"wp:featuredmedia":[{"embeddable":true,"href":"https:\/\/9play.de\/shop\/wp-json\/wp\/v2\/media\/15571"}],"wp:attachment":[{"href":"https:\/\/9play.de\/shop\/wp-json\/wp\/v2\/media?parent=15570"}],"wp:term":[{"taxonomy":"product_brand","embeddable":true,"href":"https:\/\/9play.de\/shop\/wp-json\/wp\/v2\/product_brand?post=15570"},{"taxonomy":"product_cat","embeddable":true,"href":"https:\/\/9play.de\/shop\/wp-json\/wp\/v2\/product_cat?post=15570"},{"taxonomy":"product_tag","embeddable":true,"href":"https:\/\/9play.de\/shop\/wp-json\/wp\/v2\/product_tag?post=15570"}],"curies":[{"name":"wp","href":"https:\/\/api.w.org\/{rel}","templated":true}]}}