{"id":15579,"date":"2024-10-06T18:05:20","date_gmt":"2024-10-06T16:05:20","guid":{"rendered":"https:\/\/9play.de\/shop\/produkt\/artfun-softknete-4-dosen\/"},"modified":"2024-10-06T18:05:45","modified_gmt":"2024-10-06T16:05:45","slug":"artfun-softknete-4-dosen","status":"publish","type":"product","link":"https:\/\/9play.de\/shop\/produkt\/artfun-softknete-4-dosen\/","title":{"rendered":"Art&#038;Fun Softknete 4 Dosen"},"content":{"rendered":"<h4>SIMBA Art &amp; Fun, Softknete \/ 4 Dosen&nbsp;<\/h4>\n<p>Diese Softknete ist genau das Richtige f\u00fcr Ihre Kleinen. Sie k\u00f6nnen mit den bunten Farben Ihrer Kreativit\u00e4t freien Lauf lassen.<br \/>So sanft weich lassen sich die vier \u201eArt &amp; Fun Softknetdosen\u201c zu fantasievollen Motiven Formen und Kneten.<\/p>\n<p>Gesamtgewicht: 560 g<br \/>je Dose 140 g<br \/>Material: Softknete<br \/>Farbe: rot, blau, gr\u00fcn und&nbsp;gelb<br \/>Altersempfehlung laut Hersteller: ab 3Jahre<\/p>\n<p>&nbsp;<\/p>\n<p>Achtung: Nicht f\u00fcr Kinder unter 36 Monaten geeignet wegen verschluckbarer Kleinteile, Erstickungsgefahr.<\/p>\n","protected":false},"excerpt":{"rendered":"<p>Diese Softknete ist genau das Richtige f\u00fcr Ihre Kleinen. Sie k\u00f6nnen mit den bunten Farben Ihrer Kreativit\u00e4t freien Lauf lassen.<\/p>\n","protected":false},"featured_media":15580,"comment_status":"closed","ping_status":"open","template":"","meta":[],"product_brand":[],"product_cat":[469],"product_tag":[],"class_list":{"0":"post-15579","1":"product","2":"type-product","3":"status-publish","4":"has-post-thumbnail","6":"product_cat-knete","8":"first","9":"instock","10":"shipping-taxable","11":"purchasable","12":"product-type-simple"},"_links":{"self":[{"href":"https:\/\/9play.de\/shop\/wp-json\/wp\/v2\/product\/15579","targetHints":{"allow":["GET"]}}],"collection":[{"href":"https:\/\/9play.de\/shop\/wp-json\/wp\/v2\/product"}],"about":[{"href":"https:\/\/9play.de\/shop\/wp-json\/wp\/v2\/types\/product"}],"replies":[{"embeddable":true,"href":"https:\/\/9play.de\/shop\/wp-json\/wp\/v2\/comments?post=15579"}],"wp:featuredmedia":[{"embeddable":true,"href":"https:\/\/9play.de\/shop\/wp-json\/wp\/v2\/media\/15580"}],"wp:attachment":[{"href":"https:\/\/9play.de\/shop\/wp-json\/wp\/v2\/media?parent=15579"}],"wp:term":[{"taxonomy":"product_brand","embeddable":true,"href":"https:\/\/9play.de\/shop\/wp-json\/wp\/v2\/product_brand?post=15579"},{"taxonomy":"product_cat","embeddable":true,"href":"https:\/\/9play.de\/shop\/wp-json\/wp\/v2\/product_cat?post=15579"},{"taxonomy":"product_tag","embeddable":true,"href":"https:\/\/9play.de\/shop\/wp-json\/wp\/v2\/product_tag?post=15579"}],"curies":[{"name":"wp","href":"https:\/\/api.w.org\/{rel}","templated":true}]}}