{"id":15588,"date":"2024-10-06T18:05:20","date_gmt":"2024-10-06T16:05:20","guid":{"rendered":"https:\/\/9play.de\/shop\/produkt\/art-fun-perlenset-10000-perlen\/"},"modified":"2024-10-06T18:05:49","modified_gmt":"2024-10-06T16:05:49","slug":"art-fun-perlenset-10000-perlen","status":"publish","type":"product","link":"https:\/\/9play.de\/shop\/produkt\/art-fun-perlenset-10000-perlen\/","title":{"rendered":"Art &#038; Fun Perlenset 10000 Perlen"},"content":{"rendered":"<p>A&amp;F Perlen-Geschenkset: 10.000 Schmuckst\u00fccke mit allen erdenklichen Formen, Gr\u00f6\u00dfen und Farben kreieren.<br \/>Einfach die Perlen nach Wunsch und Vorstellung auff\u00e4deln und fertig ist dein sch\u00f6nstes Unikat!<br \/>Im Set enthalten sind neben den ca. 10.000 Perlen auch Schn\u00fcre, Verschl\u00fcsse und F\u00e4delgarn.<\/p>\n<p class=\"base-info--entry entry--supplier\"><strong class=\"entry--label\">Hersteller:<\/strong> <span class=\"entry--content\">Simba<\/span><br \/>Anzahl: 10.000 Perlen<br \/>Inhalt: Perlen, Schn\u00fcre, Verschl\u00fcsse, F\u00e4delgarn<br \/>Empfohlenes Alter: ab 5 Jahre<\/p>\n<p class=\"base-info--entry entry--supplier\">Achtung: Nicht f\u00fcr Kinder unter 36 Monaten geeignet wegen verschluckbarer Kleinteile, Erstickungsgefahr.<\/p>\n","protected":false},"excerpt":{"rendered":"<p>A&#038;F Perlen-Geschenkset: 10.000 Schmuckst\u00fccke mit allen erdenklichen Formen, Gr\u00f6\u00dfen und Farben kreieren.<\/p>\n","protected":false},"featured_media":15589,"comment_status":"closed","ping_status":"open","template":"","meta":[],"product_brand":[],"product_cat":[470],"product_tag":[],"class_list":{"0":"post-15588","1":"product","2":"type-product","3":"status-publish","4":"has-post-thumbnail","6":"product_cat-schmuck","8":"first","9":"instock","10":"shipping-taxable","11":"purchasable","12":"product-type-simple"},"_links":{"self":[{"href":"https:\/\/9play.de\/shop\/wp-json\/wp\/v2\/product\/15588","targetHints":{"allow":["GET"]}}],"collection":[{"href":"https:\/\/9play.de\/shop\/wp-json\/wp\/v2\/product"}],"about":[{"href":"https:\/\/9play.de\/shop\/wp-json\/wp\/v2\/types\/product"}],"replies":[{"embeddable":true,"href":"https:\/\/9play.de\/shop\/wp-json\/wp\/v2\/comments?post=15588"}],"wp:featuredmedia":[{"embeddable":true,"href":"https:\/\/9play.de\/shop\/wp-json\/wp\/v2\/media\/15589"}],"wp:attachment":[{"href":"https:\/\/9play.de\/shop\/wp-json\/wp\/v2\/media?parent=15588"}],"wp:term":[{"taxonomy":"product_brand","embeddable":true,"href":"https:\/\/9play.de\/shop\/wp-json\/wp\/v2\/product_brand?post=15588"},{"taxonomy":"product_cat","embeddable":true,"href":"https:\/\/9play.de\/shop\/wp-json\/wp\/v2\/product_cat?post=15588"},{"taxonomy":"product_tag","embeddable":true,"href":"https:\/\/9play.de\/shop\/wp-json\/wp\/v2\/product_tag?post=15588"}],"curies":[{"name":"wp","href":"https:\/\/api.w.org\/{rel}","templated":true}]}}