{"id":15591,"date":"2024-10-06T18:05:20","date_gmt":"2024-10-06T16:05:20","guid":{"rendered":"https:\/\/9play.de\/shop\/produkt\/strickliesel-strickgeraet-fuer-kinder\/"},"modified":"2024-10-06T18:05:50","modified_gmt":"2024-10-06T16:05:50","slug":"strickliesel-strickgeraet-fuer-kinder","status":"publish","type":"product","link":"https:\/\/9play.de\/shop\/produkt\/strickliesel-strickgeraet-fuer-kinder\/","title":{"rendered":"Strickliesel Strickger\u00e4t f\u00fcr Kinder"},"content":{"rendered":"<p>Strickliesel f\u00fcr Kinder und Anf\u00e4nger. Komplettset enth\u00e4lt eine Holz-Strickliesel mit Kunststoffnadel, einen hochwertigen Strickhaken,je 15m Wolle in 3 Farben. Geeignet f\u00fcr Kinder ab 6 Jahren.<br \/>Ausf\u00fchrlich bebilderte Anleitung enthalten.<br \/>Verpackt in Beutelschachtel mit ausf\u00fchrlichen Produktinformationen.<\/p>\n<p>Marke: Lena<br \/>Empfohlenes Mindestalter: 6 Jahre<br \/>Gewicht: 119 Gramm<br \/>Packma\u00df (L\u00e4nge x Breite x H\u00f6he): 18.5 x 3.8 x 0.2 CM<\/p>\n<p>ACHTUNG: Nicht geeignet f\u00fcr Kinder unter 36 Monaten geeignet!&nbsp;&nbsp;Erstickungsgefahr durch verschluckbare Kleinteile!<\/p>\n","protected":false},"excerpt":{"rendered":"<p>Strickliesel f\u00fcr Kinder und Anf\u00e4nger. Komplettset enth\u00e4lt eine Holz-Strickliesel mit Kunststoffnadel, einen hochwertigen Strickhaken,je 15m Wolle in 3 Farben.<\/p>\n","protected":false},"featured_media":15592,"comment_status":"closed","ping_status":"open","template":"","meta":[],"product_brand":[],"product_cat":[470],"product_tag":[],"class_list":{"0":"post-15591","1":"product","2":"type-product","3":"status-publish","4":"has-post-thumbnail","6":"product_cat-schmuck","8":"first","9":"instock","10":"shipping-taxable","11":"purchasable","12":"product-type-simple"},"_links":{"self":[{"href":"https:\/\/9play.de\/shop\/wp-json\/wp\/v2\/product\/15591","targetHints":{"allow":["GET"]}}],"collection":[{"href":"https:\/\/9play.de\/shop\/wp-json\/wp\/v2\/product"}],"about":[{"href":"https:\/\/9play.de\/shop\/wp-json\/wp\/v2\/types\/product"}],"replies":[{"embeddable":true,"href":"https:\/\/9play.de\/shop\/wp-json\/wp\/v2\/comments?post=15591"}],"wp:featuredmedia":[{"embeddable":true,"href":"https:\/\/9play.de\/shop\/wp-json\/wp\/v2\/media\/15592"}],"wp:attachment":[{"href":"https:\/\/9play.de\/shop\/wp-json\/wp\/v2\/media?parent=15591"}],"wp:term":[{"taxonomy":"product_brand","embeddable":true,"href":"https:\/\/9play.de\/shop\/wp-json\/wp\/v2\/product_brand?post=15591"},{"taxonomy":"product_cat","embeddable":true,"href":"https:\/\/9play.de\/shop\/wp-json\/wp\/v2\/product_cat?post=15591"},{"taxonomy":"product_tag","embeddable":true,"href":"https:\/\/9play.de\/shop\/wp-json\/wp\/v2\/product_tag?post=15591"}],"curies":[{"name":"wp","href":"https:\/\/api.w.org\/{rel}","templated":true}]}}