{"id":15598,"date":"2024-10-06T18:05:20","date_gmt":"2024-10-06T16:05:20","guid":{"rendered":"https:\/\/9play.de\/shop\/produkt\/doktorkoffer-mit-utensilien-fuer-kleine-doktoren\/"},"modified":"2024-10-06T18:05:54","modified_gmt":"2024-10-06T16:05:54","slug":"doktorkoffer-mit-utensilien-fuer-kleine-doktoren","status":"publish","type":"product","link":"https:\/\/9play.de\/shop\/produkt\/doktorkoffer-mit-utensilien-fuer-kleine-doktoren\/","title":{"rendered":"Doktorkoffer mit Utensilien f\u00fcr kleine Doktoren"},"content":{"rendered":"<p>Der Doktorkoffer von Simba Toys, mit einer Gr\u00f6\u00dfe von 18x16cm, enth\u00e4lt alle notwendigen Utensilien f\u00fcr kleine Doktoren.<br \/>Der transparente Deckel erm\u00f6glicht eine freie Sicht auf das 5-teilige Set mit Stethoskop, Spritze, Schere und vielem mehr.<\/p>\n<p>Material: Kunststoff<br \/>Gr\u00f6\u00dfe: ca 18x16cm<br \/>Tiefe: 0,48<br \/>Alter: ab&nbsp;3 Jahre<br \/>Gewicht: 0,198 kg<br \/>Marke: Simba<\/p>\n<p>&nbsp;<\/p>\n<p>Achtung: Nicht geeignet f\u00fcr Kinder unter 36 Monaten geeignet!&nbsp;&nbsp;Erstickungsgefahr durch verschluckbare Kleinteile!<\/p>\n<p>Achtung: Benutzung unter unmittelbarer Aufsicht von Erwachsenen.<\/p>\n","protected":false},"excerpt":{"rendered":"<p>Der Doktorkoffer von Simba Toys, mit einer Gr\u00f6\u00dfe von 18x16cm, enth\u00e4lt alle notwendigen Utensilien f\u00fcr kleine Doktoren.<\/p>\n","protected":false},"featured_media":15599,"comment_status":"closed","ping_status":"open","template":"","meta":[],"product_brand":[],"product_cat":[444],"product_tag":[],"class_list":{"0":"post-15598","1":"product","2":"type-product","3":"status-publish","4":"has-post-thumbnail","6":"product_cat-arzt","8":"first","9":"instock","10":"shipping-taxable","11":"purchasable","12":"product-type-simple"},"_links":{"self":[{"href":"https:\/\/9play.de\/shop\/wp-json\/wp\/v2\/product\/15598","targetHints":{"allow":["GET"]}}],"collection":[{"href":"https:\/\/9play.de\/shop\/wp-json\/wp\/v2\/product"}],"about":[{"href":"https:\/\/9play.de\/shop\/wp-json\/wp\/v2\/types\/product"}],"replies":[{"embeddable":true,"href":"https:\/\/9play.de\/shop\/wp-json\/wp\/v2\/comments?post=15598"}],"wp:featuredmedia":[{"embeddable":true,"href":"https:\/\/9play.de\/shop\/wp-json\/wp\/v2\/media\/15599"}],"wp:attachment":[{"href":"https:\/\/9play.de\/shop\/wp-json\/wp\/v2\/media?parent=15598"}],"wp:term":[{"taxonomy":"product_brand","embeddable":true,"href":"https:\/\/9play.de\/shop\/wp-json\/wp\/v2\/product_brand?post=15598"},{"taxonomy":"product_cat","embeddable":true,"href":"https:\/\/9play.de\/shop\/wp-json\/wp\/v2\/product_cat?post=15598"},{"taxonomy":"product_tag","embeddable":true,"href":"https:\/\/9play.de\/shop\/wp-json\/wp\/v2\/product_tag?post=15598"}],"curies":[{"name":"wp","href":"https:\/\/api.w.org\/{rel}","templated":true}]}}