{"id":15611,"date":"2024-10-06T18:05:20","date_gmt":"2024-10-06T16:05:20","guid":{"rendered":"https:\/\/9play.de\/shop\/produkt\/koala-baby-eimergarnitur-6-teilig-sandspielzeug\/"},"modified":"2024-10-06T18:06:03","modified_gmt":"2024-10-06T16:06:03","slug":"koala-baby-eimergarnitur-6-teilig-sandspielzeug","status":"publish","type":"product","link":"https:\/\/9play.de\/shop\/produkt\/koala-baby-eimergarnitur-6-teilig-sandspielzeug\/","title":{"rendered":"Koala Baby-Eimergarnitur 6 Teilig Sandspielzeug"},"content":{"rendered":"<p>Sandspielzeug sorgt f\u00fcr gro\u00dfe Freude bei den Kindern.<\/p>\n<p>Mit Koala Baby-Eimergarnitur k\u00f6nnen die Kinder Stunden damit verbringen im Sand zu buddeln, Burgen zu bauen oder Sandformen pressen.<\/p>\n<p>Inhalt: 6 Teile.&nbsp;Eimer, Sieb, Sandform, Schaufel, Rechen, Gie\u00dfer.<\/p>\n<p>Modell: Koala Baby Eimergarnitur<\/p>\n<p>Menge: 1 St\u00fcck<\/p>\n<p>Ma\u00dfe der Verpackung: 15 cm x 15 cm x 28 cm (LxBxH)<\/p>\n<p>Gewicht der Verpackung: 250 g<\/p>\n<p>Alter: ab 12&nbsp;Monaten<\/p>\n<p>Material: Kunststoff<\/p>\n<p>Sand &amp; Strand Koala Baby Eimergarnitur 6 Teile<br \/>1 Eimer, 1 Sieb, 1 Sandform, 1 Schaufel, 1 Rechen, 1 Gie\u00dfer<\/p>\n<p>&nbsp;<\/p>\n<p>Achtung: Benutzung unter unmittelbarer Aufsicht von Erwachsenen.<\/p>\n<p>Achtung: Mindestalter 12 Monate.<\/p>\n","protected":false},"excerpt":{"rendered":"<p>Sandspielzeug sorgt f\u00fcr gro\u00dfe Freude bei den Kindern. Mit Koala Baby-Eimergarnitur k\u00f6nnen die Kinder Stunden damit verbringen im Sand zu buddeln, Burgen zu bauen oder Sandformen pressen. Inhalt: 6 Teile.&nbsp;Eimer, Sieb, Sandform, Schaufel, Rechen, Gie\u00dfer. Modell: Koala Baby Eimergarnitur Menge: 1 St\u00fcck Ma\u00dfe der Verpackung: 15 cm x 15 cm x 28 cm (LxBxH) Gewicht [&hellip;]<\/p>\n","protected":false},"featured_media":15612,"comment_status":"closed","ping_status":"open","template":"","meta":[],"product_brand":[],"product_cat":[472],"product_tag":[],"class_list":{"0":"post-15611","1":"product","2":"type-product","3":"status-publish","4":"has-post-thumbnail","6":"product_cat-sandspielzeug","8":"first","9":"instock","10":"shipping-taxable","11":"purchasable","12":"product-type-simple"},"_links":{"self":[{"href":"https:\/\/9play.de\/shop\/wp-json\/wp\/v2\/product\/15611","targetHints":{"allow":["GET"]}}],"collection":[{"href":"https:\/\/9play.de\/shop\/wp-json\/wp\/v2\/product"}],"about":[{"href":"https:\/\/9play.de\/shop\/wp-json\/wp\/v2\/types\/product"}],"replies":[{"embeddable":true,"href":"https:\/\/9play.de\/shop\/wp-json\/wp\/v2\/comments?post=15611"}],"wp:featuredmedia":[{"embeddable":true,"href":"https:\/\/9play.de\/shop\/wp-json\/wp\/v2\/media\/15612"}],"wp:attachment":[{"href":"https:\/\/9play.de\/shop\/wp-json\/wp\/v2\/media?parent=15611"}],"wp:term":[{"taxonomy":"product_brand","embeddable":true,"href":"https:\/\/9play.de\/shop\/wp-json\/wp\/v2\/product_brand?post=15611"},{"taxonomy":"product_cat","embeddable":true,"href":"https:\/\/9play.de\/shop\/wp-json\/wp\/v2\/product_cat?post=15611"},{"taxonomy":"product_tag","embeddable":true,"href":"https:\/\/9play.de\/shop\/wp-json\/wp\/v2\/product_tag?post=15611"}],"curies":[{"name":"wp","href":"https:\/\/api.w.org\/{rel}","templated":true}]}}