{"id":15615,"date":"2024-10-06T18:05:20","date_gmt":"2024-10-06T16:05:20","guid":{"rendered":"https:\/\/9play.de\/shop\/produkt\/hello-kitty-baby-eimergarnitur\/"},"modified":"2024-10-06T18:06:05","modified_gmt":"2024-10-06T16:06:05","slug":"hello-kitty-baby-eimergarnitur","status":"publish","type":"product","link":"https:\/\/9play.de\/shop\/produkt\/hello-kitty-baby-eimergarnitur\/","title":{"rendered":"Hello Kitty Baby-Eimergarnitur"},"content":{"rendered":"<p>Hello Kitty Baby-Eimergarnitur<\/p>\n<p>Das Babyeimer-Set im beliebten Hello Kitty Design besteht aus sechs Teilen.<\/p>\n<p>Neben dem 11 cm hohen Eimer und der Gie\u00dfkanne enth\u00e4lt das Set eine Sandschaufel, ein Sandsieb, einen Rechen und eine Sandform mit s\u00fc\u00dfem Hello Kitty Motiv.<\/p>\n<p>Marke:&nbsp;ANDRONI<\/p>\n<p>6 Teile<br \/>Eimer, Sieb, Sandform, Schaufel, Rechen, Gie\u00dfe<br \/>Ma\u00dfe: H:16cm, D:17cm<br \/>Ab 12&nbsp;Monaten<\/p>\n<p>&nbsp;<\/p>\n<p>Achtung: Benutzung unter unmittelbarer Aufsicht von Erwachsenen.<\/p>\n<p>Achtung: Mindestalter 12 Monate.<\/p>\n","protected":false},"excerpt":{"rendered":"<p>Das Babyeimer-Set im beliebten Hello Kitty Design besteht aus sechs Teilen.<\/p>\n","protected":false},"featured_media":15616,"comment_status":"closed","ping_status":"open","template":"","meta":[],"product_brand":[],"product_cat":[472],"product_tag":[],"class_list":{"0":"post-15615","1":"product","2":"type-product","3":"status-publish","4":"has-post-thumbnail","6":"product_cat-sandspielzeug","8":"first","9":"instock","10":"shipping-taxable","11":"purchasable","12":"product-type-simple"},"_links":{"self":[{"href":"https:\/\/9play.de\/shop\/wp-json\/wp\/v2\/product\/15615","targetHints":{"allow":["GET"]}}],"collection":[{"href":"https:\/\/9play.de\/shop\/wp-json\/wp\/v2\/product"}],"about":[{"href":"https:\/\/9play.de\/shop\/wp-json\/wp\/v2\/types\/product"}],"replies":[{"embeddable":true,"href":"https:\/\/9play.de\/shop\/wp-json\/wp\/v2\/comments?post=15615"}],"wp:featuredmedia":[{"embeddable":true,"href":"https:\/\/9play.de\/shop\/wp-json\/wp\/v2\/media\/15616"}],"wp:attachment":[{"href":"https:\/\/9play.de\/shop\/wp-json\/wp\/v2\/media?parent=15615"}],"wp:term":[{"taxonomy":"product_brand","embeddable":true,"href":"https:\/\/9play.de\/shop\/wp-json\/wp\/v2\/product_brand?post=15615"},{"taxonomy":"product_cat","embeddable":true,"href":"https:\/\/9play.de\/shop\/wp-json\/wp\/v2\/product_cat?post=15615"},{"taxonomy":"product_tag","embeddable":true,"href":"https:\/\/9play.de\/shop\/wp-json\/wp\/v2\/product_tag?post=15615"}],"curies":[{"name":"wp","href":"https:\/\/api.w.org\/{rel}","templated":true}]}}