{"id":15619,"date":"2024-10-06T18:05:20","date_gmt":"2024-10-06T16:05:20","guid":{"rendered":"https:\/\/9play.de\/shop\/produkt\/flamingo-baby-eimergarnitur-6-teile-sandspielzeug\/"},"modified":"2024-10-06T18:06:08","modified_gmt":"2024-10-06T16:06:08","slug":"flamingo-baby-eimergarnitur-6-teile-sandspielzeug","status":"publish","type":"product","link":"https:\/\/9play.de\/shop\/produkt\/flamingo-baby-eimergarnitur-6-teile-sandspielzeug\/","title":{"rendered":"Flamingo Baby-Eimergarnitur 6 Teile Sandspielzeug"},"content":{"rendered":"<p>Das perfekte Sandspielzeug Set. Im Sand buddeln und lustige Flamingos in den Sandkasten zaubern &#8211; mit dem Flamingo Sandf\u00f6rmchen kein Problem. Wegen der Gr\u00f6\u00dfe auch ideal zum mitnehmen in den Urlaub.<\/p>\n<p>Sandeimerset Flamingo 6 teilig<\/p>\n<p>mit Sandeimer Durchmesser 13 cm, H\u00f6he 11 cm<\/p>\n<p>mit rosa Sieb als Deckel, Schaufel und Rechen sowie einer pinken Gieskanne<\/p>\n<p>1 Flamingo Sandform 13 cm<\/p>\n<p>ab 12&nbsp;Monate<\/p>\n<p>&nbsp;<\/p>\n<p>Achtung: Benutzung unter unmittelbarer Aufsicht von Erwachsenen.<\/p>\n<p>Achtung: Mindestalter 12 Monate.<\/p>\n","protected":false},"excerpt":{"rendered":"<p>Das perfekte Sandspielzeug Set. Im Sand buddeln und lustige Flamingos in den Sandkasten zaubern<\/p>\n","protected":false},"featured_media":15620,"comment_status":"closed","ping_status":"open","template":"","meta":[],"product_brand":[],"product_cat":[472],"product_tag":[],"class_list":{"0":"post-15619","1":"product","2":"type-product","3":"status-publish","4":"has-post-thumbnail","6":"product_cat-sandspielzeug","8":"first","9":"instock","10":"shipping-taxable","11":"purchasable","12":"product-type-simple"},"_links":{"self":[{"href":"https:\/\/9play.de\/shop\/wp-json\/wp\/v2\/product\/15619","targetHints":{"allow":["GET"]}}],"collection":[{"href":"https:\/\/9play.de\/shop\/wp-json\/wp\/v2\/product"}],"about":[{"href":"https:\/\/9play.de\/shop\/wp-json\/wp\/v2\/types\/product"}],"replies":[{"embeddable":true,"href":"https:\/\/9play.de\/shop\/wp-json\/wp\/v2\/comments?post=15619"}],"wp:featuredmedia":[{"embeddable":true,"href":"https:\/\/9play.de\/shop\/wp-json\/wp\/v2\/media\/15620"}],"wp:attachment":[{"href":"https:\/\/9play.de\/shop\/wp-json\/wp\/v2\/media?parent=15619"}],"wp:term":[{"taxonomy":"product_brand","embeddable":true,"href":"https:\/\/9play.de\/shop\/wp-json\/wp\/v2\/product_brand?post=15619"},{"taxonomy":"product_cat","embeddable":true,"href":"https:\/\/9play.de\/shop\/wp-json\/wp\/v2\/product_cat?post=15619"},{"taxonomy":"product_tag","embeddable":true,"href":"https:\/\/9play.de\/shop\/wp-json\/wp\/v2\/product_tag?post=15619"}],"curies":[{"name":"wp","href":"https:\/\/api.w.org\/{rel}","templated":true}]}}