{"id":15622,"date":"2024-10-06T18:06:12","date_gmt":"2024-10-06T16:06:12","guid":{"rendered":"https:\/\/9play.de\/shop\/produkt\/fun-science-schleim-galaxie\/"},"modified":"2024-10-06T18:06:12","modified_gmt":"2024-10-06T16:06:12","slug":"fun-science-schleim-galaxie","status":"publish","type":"product","link":"https:\/\/9play.de\/shop\/produkt\/fun-science-schleim-galaxie\/","title":{"rendered":"Fun Science Schleim-Galaxie"},"content":{"rendered":"<p>Nachtleuchtender Galaxie-Schleim, wandernde Schleimpilze oder Glitzerschleim \u2013 Glibber-Fans werden von diesem KOSMOS Experimentier-Set begeistert sein!<\/p>\n<p>6 spannende Experimente mit irdischem und au\u00dferirdischem Schleim warten auf Kinder ab 8&nbsp;Jahren. Schritt f\u00fcr Schritt werden alle Handgriffe erkl\u00e4rt und schon nach wenigen Minuten wabert z. B. ein nachtleuchtendes Schleim-Alien durch die Dunkelheit!<\/p>\n<p>Spannende Info-Texte und Fun-Facts \u00fcber glibberige Materialien warten auf alle Neugierigen \u2013 denn auch in der Natur findet sich viel Schleim, \u00fcber die es etwas zu berichten gibt!<\/p>\n<div class=\"productdetail-list-age\">Inhalt: Verschiedene Schleimpulver, Tiefziehteil Geode, Glitzer, Holzspatel, Tube, Wackelaugen, Glasmurmel, Kunststoffgranulat, Anleitung<\/div>\n<div class=\"productdetail-list-dimensions\">\n<div class=\"col-xs-12\" id=\"description\">\n<div class=\"warning\">\n<div class=\"text\">&nbsp;<\/div>\n<div class=\"text\">\n<div class=\"productdetail-list-age\">Altersempfehlung: ab 8 Jahre<\/div>\n<div class=\"productdetail-list-dimensions\">&nbsp;<\/div>\n<div class=\"productdetail-list-dimensions\">Verpackungsgr\u00f6\u00dfe: 29,3&#215;19,4&#215;6,4cm (LxBxH)<\/div>\n<\/div>\n<div class=\"text\">&nbsp;<\/div>\n<div class=\"text\">&nbsp;<\/div>\n<div class=\"text\">\n<p>Achtung: Nicht f\u00fcr Kinder unter 36 Monaten geeignet wegen verschluckbarer Kleinteile, Erstickungsgefahr.<\/p>\n<\/div>\n<\/div>\n<\/div>\n<div class=\"seperation-line\">&nbsp;<\/div>\n<\/div>\n","protected":false},"excerpt":{"rendered":"<p>Nachtleuchtender Galaxie-Schleim, wandernde Schleimpilze oder Glitzerschleim \u2013 Glibber-Fans werden begeistert sein! 6 tolle Experimente mit irdischem und au\u00dferirdischem Schleim werden Schritt f\u00fcr Schritt erkl\u00e4rt und es warten spannende Info-Texte und Fun-Facts \u00fcber Schleim.<\/p>\n","protected":false},"featured_media":15623,"comment_status":"closed","ping_status":"open","template":"","meta":[],"product_brand":[],"product_cat":[473],"product_tag":[],"class_list":{"0":"post-15622","1":"product","2":"type-product","3":"status-publish","4":"has-post-thumbnail","6":"product_cat-experiment","8":"first","9":"instock","10":"shipping-taxable","11":"purchasable","12":"product-type-simple"},"_links":{"self":[{"href":"https:\/\/9play.de\/shop\/wp-json\/wp\/v2\/product\/15622","targetHints":{"allow":["GET"]}}],"collection":[{"href":"https:\/\/9play.de\/shop\/wp-json\/wp\/v2\/product"}],"about":[{"href":"https:\/\/9play.de\/shop\/wp-json\/wp\/v2\/types\/product"}],"replies":[{"embeddable":true,"href":"https:\/\/9play.de\/shop\/wp-json\/wp\/v2\/comments?post=15622"}],"wp:featuredmedia":[{"embeddable":true,"href":"https:\/\/9play.de\/shop\/wp-json\/wp\/v2\/media\/15623"}],"wp:attachment":[{"href":"https:\/\/9play.de\/shop\/wp-json\/wp\/v2\/media?parent=15622"}],"wp:term":[{"taxonomy":"product_brand","embeddable":true,"href":"https:\/\/9play.de\/shop\/wp-json\/wp\/v2\/product_brand?post=15622"},{"taxonomy":"product_cat","embeddable":true,"href":"https:\/\/9play.de\/shop\/wp-json\/wp\/v2\/product_cat?post=15622"},{"taxonomy":"product_tag","embeddable":true,"href":"https:\/\/9play.de\/shop\/wp-json\/wp\/v2\/product_tag?post=15622"}],"curies":[{"name":"wp","href":"https:\/\/api.w.org\/{rel}","templated":true}]}}