{"id":15625,"date":"2024-10-06T18:06:12","date_gmt":"2024-10-06T16:06:12","guid":{"rendered":"https:\/\/9play.de\/shop\/produkt\/fun-science-3d-fingerabdruecke\/"},"modified":"2024-10-06T18:06:14","modified_gmt":"2024-10-06T16:06:14","slug":"fun-science-3d-fingerabdruecke","status":"publish","type":"product","link":"https:\/\/9play.de\/shop\/produkt\/fun-science-3d-fingerabdruecke\/","title":{"rendered":"Fun Science 3D-Fingerabdr\u00fccke"},"content":{"rendered":"<p>Finger klonen \u2013 das geht!<\/p>\n<p>In nur wenigen Minuten stellen Kinder ab&nbsp;8&nbsp;Jahren mit dem Abdruck-Set von KOSMOS eine detailreiche Kopie ihrer Finger her.<\/p>\n<p>Einfach das Klon-Pulver anr\u00fchren, Finger rein, und schon h\u00e4lt es jede Furche fest. Nun wird nur noch Gips in die entstandenen \u00d6ffnungen gegossen und nach kurzer Zeit k\u00f6nnen die eigenen Finger als dreidimensionaler Abdruck perfekt untersucht werden.<\/p>\n<p>Ein echter Blickfang auf dem Schreibtisch!<\/p>\n<p>Das ist aber noch nicht alles.<\/p>\n<p>Wie w\u00e4re es mit einem Fingerabdruck als sehr pers\u00f6nlicher Ketten-Anh\u00e4nger?<\/p>\n<p>Oder dem Einsatz dieser plastischen Abdr\u00fccke bei der detektivischen Arbeit?<\/p>\n<p>Neben dem Experimentieren und Gestalten mit Gips erfahren die Kinder in der Anleitung viele Fakten rund um die Themen Klonen und Fingerabdr\u00fccke \u2013 von der Medizin bis zu Kriminalf\u00e4llen.<\/p>\n<p>Inhalt: Klon-Abdruckmasse, Knete, Gips, Becher, Messbecher, Spatel, Petrischale, Dokumentationsbogen, Anleitung<\/p>\n<p>Altersempfehlung: ab 8 Jahre<br \/>Verpackungsgr\u00f6\u00dfe: 29,4&#215;19,8&#215;6,7cm (LxBxH)<\/p>\n<p>Achtung: Nicht geeignet f\u00fcr Kinder unter 8 Jahren. Benutzung unter Aufsicht von Erwachsenen.<\/p>\n<p>Achtung: Nicht f\u00fcr Kinder unter 36 Monaten geeignet wegen verschluckbarer Kleinteile, Erstickungsgefahr.<\/p>\n","protected":false},"excerpt":{"rendered":"<p>So individuell k\u00f6nnen Finger sein! Durch Klon-Pulver und Gips entstehen mit dem KOSMOS Experimentierset Skulpturen der eigenen Finger in 3D. So lassen sich Fingerabdr\u00fccke ganz einfach erforschen \u2013 oder direkt als Anh\u00e4nger an einer Halskette tragen.<\/p>\n","protected":false},"featured_media":15626,"comment_status":"closed","ping_status":"open","template":"","meta":[],"product_brand":[],"product_cat":[473],"product_tag":[],"class_list":{"0":"post-15625","1":"product","2":"type-product","3":"status-publish","4":"has-post-thumbnail","6":"product_cat-experiment","8":"first","9":"instock","10":"shipping-taxable","11":"purchasable","12":"product-type-simple"},"_links":{"self":[{"href":"https:\/\/9play.de\/shop\/wp-json\/wp\/v2\/product\/15625","targetHints":{"allow":["GET"]}}],"collection":[{"href":"https:\/\/9play.de\/shop\/wp-json\/wp\/v2\/product"}],"about":[{"href":"https:\/\/9play.de\/shop\/wp-json\/wp\/v2\/types\/product"}],"replies":[{"embeddable":true,"href":"https:\/\/9play.de\/shop\/wp-json\/wp\/v2\/comments?post=15625"}],"wp:featuredmedia":[{"embeddable":true,"href":"https:\/\/9play.de\/shop\/wp-json\/wp\/v2\/media\/15626"}],"wp:attachment":[{"href":"https:\/\/9play.de\/shop\/wp-json\/wp\/v2\/media?parent=15625"}],"wp:term":[{"taxonomy":"product_brand","embeddable":true,"href":"https:\/\/9play.de\/shop\/wp-json\/wp\/v2\/product_brand?post=15625"},{"taxonomy":"product_cat","embeddable":true,"href":"https:\/\/9play.de\/shop\/wp-json\/wp\/v2\/product_cat?post=15625"},{"taxonomy":"product_tag","embeddable":true,"href":"https:\/\/9play.de\/shop\/wp-json\/wp\/v2\/product_tag?post=15625"}],"curies":[{"name":"wp","href":"https:\/\/api.w.org\/{rel}","templated":true}]}}