{"id":15630,"date":"2024-10-06T18:06:12","date_gmt":"2024-10-06T16:06:12","guid":{"rendered":"https:\/\/9play.de\/shop\/produkt\/murder-mystery-puzzle-die-kunst-des-mordes\/"},"modified":"2024-10-06T18:06:18","modified_gmt":"2024-10-06T16:06:18","slug":"murder-mystery-puzzle-die-kunst-des-mordes","status":"publish","type":"product","link":"https:\/\/9play.de\/shop\/produkt\/murder-mystery-puzzle-die-kunst-des-mordes\/","title":{"rendered":"Murder Mystery Puzzle &#8211; Die Kunst des Mordes"},"content":{"rendered":"<p>Mord in der Bohemian Gallery in New York!<br \/>Noch vor der offiziellen Ausstellungser\u00f6ffnung wird der Besitzer der Galerie tot aufgefunden.<br \/>Die Ermittlerinnen und Ermittler stehen vor einem R\u00e4tsel: Sechs Verd\u00e4chtige und alle behaupten, den Mord begangen zu haben.<br \/>Um den Fall zu l\u00f6sen, muss das Ermittlerteam puzzeln und die Beweise sichten.<br \/>Das 750-Teile-Puzzle zeigt eine Pinnwand auf der alle Informationen zum Fall zusammengef\u00fchrt werden.<br \/>F\u00fcnf weitere Einzelpuzzles aus jeweils 50 Teilen liefern Detailansichten und zus\u00e4tzliche Beweisst\u00fccke.<br \/>Hinzu kommt eine Ermittlungsakte mit Zeugenaussagen, Zeitungsausschnitten und zahlreichen weiteren Unterlagen.<\/p>\n<p>Allein oder im Team \u2013 realistisches Material sorgt f\u00fcr eine besondere Krimi Atmosph\u00e4re und l\u00e4sst die Spielerinnen und Spieler mit diesem Erlebnispuzzle eintauchen in einen spannenden Kriminalfall.<\/p>\n<p>Inhalt: 1 Puzzle &#8222;Ermittlungspinnwand&#8220; (750 Teile), 5 Puzzle &#8222;Beweis-Fotos&#8220; (je 50 Teile), 1 Zeitungsartikel, 1 Zeugenaussage, 6 Verh\u00f6rprotokolle, 1 Ausstellungsbrosch\u00fcre, 1 Souvenir Magnet, 1 Anleitung, 1 Vorlage &#8222;Ermittlungsergebnisse&#8220;<\/p>\n<p>Altersempfehlung: ab 16 Jahre<\/p>\n<p>Verpackungsgr\u00f6\u00dfe: 29,5x27x5,4cm (LxBxH)<\/p>\n<p>&nbsp;<\/p>\n<p>Achtung: Nicht f\u00fcr Kinder unter 36 Monaten geeignet wegen verschluckbarer Kleinteile, Erstickungsgefahr.<\/p>\n","protected":false},"excerpt":{"rendered":"<p>1000 Puzzleteile voller Mystery! Puzzle f\u00fcr Puzzle treiben die Ermittlerinnen und Ermittler die Untersuchungen in dem Mord-Fall in einer New Yorker Galerie voran. Wer ist Zeuge? Wer T\u00e4ter? Alle sind verd\u00e4chtig! Eine spannende Story, sechs Puzzles, viele Informationen, Beweise, Aussagen und R\u00e4tsel \u2013 das sind die Zutaten f\u00fcr einen Puzzleabend, der Spannung pur garantiert.<\/p>\n","protected":false},"featured_media":15631,"comment_status":"closed","ping_status":"open","template":"","meta":[],"product_brand":[],"product_cat":[445],"product_tag":[],"class_list":{"0":"post-15630","1":"product","2":"type-product","3":"status-publish","4":"has-post-thumbnail","6":"product_cat-puzzle","8":"first","9":"instock","10":"shipping-taxable","11":"purchasable","12":"product-type-simple"},"_links":{"self":[{"href":"https:\/\/9play.de\/shop\/wp-json\/wp\/v2\/product\/15630","targetHints":{"allow":["GET"]}}],"collection":[{"href":"https:\/\/9play.de\/shop\/wp-json\/wp\/v2\/product"}],"about":[{"href":"https:\/\/9play.de\/shop\/wp-json\/wp\/v2\/types\/product"}],"replies":[{"embeddable":true,"href":"https:\/\/9play.de\/shop\/wp-json\/wp\/v2\/comments?post=15630"}],"wp:featuredmedia":[{"embeddable":true,"href":"https:\/\/9play.de\/shop\/wp-json\/wp\/v2\/media\/15631"}],"wp:attachment":[{"href":"https:\/\/9play.de\/shop\/wp-json\/wp\/v2\/media?parent=15630"}],"wp:term":[{"taxonomy":"product_brand","embeddable":true,"href":"https:\/\/9play.de\/shop\/wp-json\/wp\/v2\/product_brand?post=15630"},{"taxonomy":"product_cat","embeddable":true,"href":"https:\/\/9play.de\/shop\/wp-json\/wp\/v2\/product_cat?post=15630"},{"taxonomy":"product_tag","embeddable":true,"href":"https:\/\/9play.de\/shop\/wp-json\/wp\/v2\/product_tag?post=15630"}],"curies":[{"name":"wp","href":"https:\/\/api.w.org\/{rel}","templated":true}]}}