{"id":15634,"date":"2024-10-06T18:06:12","date_gmt":"2024-10-06T16:06:12","guid":{"rendered":"https:\/\/9play.de\/shop\/produkt\/exit-das-spiel-das-geheime-labor\/"},"modified":"2024-10-06T18:06:21","modified_gmt":"2024-10-06T16:06:21","slug":"exit-das-spiel-das-geheime-labor","status":"publish","type":"product","link":"https:\/\/9play.de\/shop\/produkt\/exit-das-spiel-das-geheime-labor\/","title":{"rendered":"EXIT &#8211; Das Spiel: Das geheime Labor"},"content":{"rendered":"<p>Als Probanden einer medizinischen Studie meldet ihr euch in einem Labor.<\/p>\n<p>Nat\u00fcrlich seid ihr p\u00fcnktlich vor Ort, doch es scheint niemand da zu sein. Irgendetwas stimmt hier nicht. Da steigt Dampf aus einen der Reagenzgl\u00e4ser hervor und allen im Raum wird schwindlig. Als die ihr wieder aufwacht, ist die T\u00fcr nach drau\u00dfen verschlossen. Auch kein anderer Weg scheint hinauszuf\u00fchren. Lediglich ein Notizbuch und eine r\u00e4tselhafte Drehscheibe geben seltsame Hinweise.<\/p>\n<p>Gelingt euch gemeinsam alle R\u00e4tsel zu l\u00f6sen, um aus dem Labor zu entkommen?<\/p>\n<p>Mit der Reihe \u201eEXIT\u00ae \u2013 Das Spiel\u201c bringt KOSMOS das Gef\u00fchl der Live-Escape-Rooms zu euch nach Hause.<\/p>\n<p>Jede Box bietet einer Gruppe von 1 bis 4 Personen ein au\u00dfergew\u00f6hnliches Spielerlebnis f\u00fcr einen einmaligen und absolut unvergesslichen Abend!<\/p>\n<p>Der Wettlauf gegen die Zeit und die cleveren R\u00e4tsel dieser innovativen Spielreihe sorgen f\u00fcr Spannung und geistige Herausforderung in den eigenen vier W\u00e4nden.<\/p>\n<p>Um die R\u00e4tsel zu l\u00f6sen und sich somit gemeinsam aus der misslichen Lage zu befreien ist Teamgeist gefragt!<\/p>\n<p>Also arbeitet gut zusammen, denn die Zeit l\u00e4uft\u2026 Live-Escape-Feeling im Fortgeschrittenen-Level.<\/p>\n<p>Inhalt: 1 Buch, 1 Decodier-Scheibe, 24 R\u00e4tsel-Karten, 30 L\u00f6sungs-Karten, 30 Hilfe-Karten, 2 seltsame Teile, 1 Spielanleitung<\/p>\n<p>Altersempfehlung: ab 12 Jahre<\/p>\n<p>Spieldauer: 45-90<\/p>\n<p>Anzahl der Spieler: 1-4<\/p>\n<p>Verpackungsgr\u00f6\u00dfe: 18x13x4,1cm (LxBxH)<\/p>\n<p>&nbsp;<\/p>\n<p>Achtung: Nicht f\u00fcr Kinder unter 36 Monaten geeignet wegen verschluckbarer Kleinteile, Erstickungsgefahr.<\/p>\n","protected":false},"excerpt":{"rendered":"<p>Als Probanden einer medizinischen Studie meldet ihr euch in einem Labor. Irgendetwas stimmt hier jedoch nicht. Pl\u00f6tzlich ist die T\u00fcr nach drau\u00dfen verschlossen. Gelingt es euch alle R\u00e4tsel gemeinsam zu l\u00f6sen, um aus dem Labor zu entkommen?<\/p>\n","protected":false},"featured_media":15635,"comment_status":"closed","ping_status":"open","template":"","meta":[],"product_brand":[],"product_cat":[468],"product_tag":[],"class_list":{"0":"post-15634","1":"product","2":"type-product","3":"status-publish","4":"has-post-thumbnail","6":"product_cat-kartenspiele","8":"first","9":"instock","10":"shipping-taxable","11":"purchasable","12":"product-type-simple"},"_links":{"self":[{"href":"https:\/\/9play.de\/shop\/wp-json\/wp\/v2\/product\/15634","targetHints":{"allow":["GET"]}}],"collection":[{"href":"https:\/\/9play.de\/shop\/wp-json\/wp\/v2\/product"}],"about":[{"href":"https:\/\/9play.de\/shop\/wp-json\/wp\/v2\/types\/product"}],"replies":[{"embeddable":true,"href":"https:\/\/9play.de\/shop\/wp-json\/wp\/v2\/comments?post=15634"}],"wp:featuredmedia":[{"embeddable":true,"href":"https:\/\/9play.de\/shop\/wp-json\/wp\/v2\/media\/15635"}],"wp:attachment":[{"href":"https:\/\/9play.de\/shop\/wp-json\/wp\/v2\/media?parent=15634"}],"wp:term":[{"taxonomy":"product_brand","embeddable":true,"href":"https:\/\/9play.de\/shop\/wp-json\/wp\/v2\/product_brand?post=15634"},{"taxonomy":"product_cat","embeddable":true,"href":"https:\/\/9play.de\/shop\/wp-json\/wp\/v2\/product_cat?post=15634"},{"taxonomy":"product_tag","embeddable":true,"href":"https:\/\/9play.de\/shop\/wp-json\/wp\/v2\/product_tag?post=15634"}],"curies":[{"name":"wp","href":"https:\/\/api.w.org\/{rel}","templated":true}]}}