{"id":15639,"date":"2024-10-06T18:06:12","date_gmt":"2024-10-06T16:06:12","guid":{"rendered":"https:\/\/9play.de\/shop\/produkt\/exit-das-spiel-die-station-im-ewigen-eis\/"},"modified":"2024-10-06T18:06:25","modified_gmt":"2024-10-06T16:06:25","slug":"exit-das-spiel-die-station-im-ewigen-eis","status":"publish","type":"product","link":"https:\/\/9play.de\/shop\/produkt\/exit-das-spiel-die-station-im-ewigen-eis\/","title":{"rendered":"EXIT\u00ae &#8211; Das Spiel: Die Station im ewigen Eis"},"content":{"rendered":"<p>Ihr sind Forscher in einer Polarstation.<br \/>Pl\u00f6tzlich geht der Alarm los und die gesamte Station wird evakuiert.<br \/>Leider hat man das euch dabei vergessen.<br \/>Ihr erhaltet die Information, dass die Station mit einem codierten Verriegelungs-Programm abgeschottet wurde.<br \/>Ihr habt nur wenig Zeit, um den Code f\u00fcr das Verriegelungsprogramm zu knacken &#8230;<\/p>\n<p>Mit der Reihe \u201eEXIT\u00ae \u2013 Das Spiel\u201c bringt KOSMOS das Gef\u00fchl der Live-Escape-Rooms zu euch nach Hause.<br \/>Jede Box bietet einer Gruppe von 1 bis 4 Personen ein au\u00dfergew\u00f6hnliches Spielerlebnis f\u00fcr einen einmaligen und absolut unvergesslichen Abend!<br \/>Der Wettlauf gegen die Zeit und die cleveren R\u00e4tsel dieser innovativen Spielreihe sorgen f\u00fcr Spannung und geistige Herausforderung in den eigenen vier W\u00e4nden.<br \/>Um die R\u00e4tsel zu l\u00f6sen und sich somit gemeinsam aus der misslichen Lage zu befreien ist Teamgeist gefragt!<br \/>Also arbeitet gut zusammen, denn die Zeit l\u00e4uft\u2026 Live-Escape-Feeling im Fortgeschrittenen-Level.<\/p>\n<p>Inhalt: 1 Buch, 1 Decodier-Scheibe, 24 R\u00e4tsel-Karten, 30 L\u00f6sungs-Karten, 30 Hilfe-Karten, 2 seltsame Teile, 1 Spielanleitung<\/p>\n<p>Altersempfehlung: ab 12 Jahren<br \/>Spieldauer: 45-90 Minuten<br \/>Anzahl der Spieler: 1-4<br \/>Verpackungsgr\u00f6\u00dfe: 18,2x13x4cm (LxBxH)<\/p>\n<p>Achtung: Nicht f\u00fcr Kinder unter 36 Monaten geeignet wegen verschluckbarer Kleinteile, Erstickungsgefahr.<\/p>\n","protected":false},"excerpt":{"rendered":"<p>Ihr sind Forscher in einer Polarstation. Pl\u00f6tzlich geht der Alarm los und die gesamte Station wird evakuiert. Leider hat man das euch dabei vergessen. Ihr erhaltet die Information, dass die Station mit einem codierten Verriegelungs-Programm abgeschottet wurde. Ihr habt nur wenig Zeit, um den Code f\u00fcr das Verriegelungsprogramm zu knacken &#8230;<\/p>\n","protected":false},"featured_media":15640,"comment_status":"closed","ping_status":"open","template":"","meta":[],"product_brand":[],"product_cat":[468],"product_tag":[],"class_list":{"0":"post-15639","1":"product","2":"type-product","3":"status-publish","4":"has-post-thumbnail","6":"product_cat-kartenspiele","8":"first","9":"instock","10":"shipping-taxable","11":"purchasable","12":"product-type-simple"},"_links":{"self":[{"href":"https:\/\/9play.de\/shop\/wp-json\/wp\/v2\/product\/15639","targetHints":{"allow":["GET"]}}],"collection":[{"href":"https:\/\/9play.de\/shop\/wp-json\/wp\/v2\/product"}],"about":[{"href":"https:\/\/9play.de\/shop\/wp-json\/wp\/v2\/types\/product"}],"replies":[{"embeddable":true,"href":"https:\/\/9play.de\/shop\/wp-json\/wp\/v2\/comments?post=15639"}],"wp:featuredmedia":[{"embeddable":true,"href":"https:\/\/9play.de\/shop\/wp-json\/wp\/v2\/media\/15640"}],"wp:attachment":[{"href":"https:\/\/9play.de\/shop\/wp-json\/wp\/v2\/media?parent=15639"}],"wp:term":[{"taxonomy":"product_brand","embeddable":true,"href":"https:\/\/9play.de\/shop\/wp-json\/wp\/v2\/product_brand?post=15639"},{"taxonomy":"product_cat","embeddable":true,"href":"https:\/\/9play.de\/shop\/wp-json\/wp\/v2\/product_cat?post=15639"},{"taxonomy":"product_tag","embeddable":true,"href":"https:\/\/9play.de\/shop\/wp-json\/wp\/v2\/product_tag?post=15639"}],"curies":[{"name":"wp","href":"https:\/\/api.w.org\/{rel}","templated":true}]}}