{"id":15643,"date":"2024-10-06T18:06:12","date_gmt":"2024-10-06T16:06:12","guid":{"rendered":"https:\/\/9play.de\/shop\/produkt\/escape-tales-the-awakening\/"},"modified":"2024-10-06T18:06:28","modified_gmt":"2024-10-06T16:06:28","slug":"escape-tales-the-awakening","status":"publish","type":"product","link":"https:\/\/9play.de\/shop\/produkt\/escape-tales-the-awakening\/","title":{"rendered":"Escape Tales &#8211; The Awakening"},"content":{"rendered":"<p>&#8222;Escape Tales \u2013 The Awakening\u201c basiert wie die erfolgreiche Reihe \u201eEXIT \u2013 Das Spiel\u201c auf dem Prinzip von Escape Rooms.<br \/>Anders als bei EXIT geht es beim Brettspiel \u201eThe Awakening\u201c jedoch nicht darum, das Spiel m\u00f6glichst schnell zu beenden.<br \/>Stattdessen wird der Fokus auf eine packende und d\u00fcstere Hintergrundgeschichte gelegt: Der alleinerziehende Vater Sam muss mit ansehen, wie seine 14-j\u00e4hrige Tochter Lizzy ins Koma f\u00e4llt. So beschlie\u00dft Sam in all seiner Verzweiflung, seine Tochter mit einem unheimlichen Ritual zu retten.<br \/>Die Spieler l\u00f6sen R\u00e4tsel, kombinieren verschiedene Gegenst\u00e4nde miteinander und treffen immer wieder Entscheidungen, die die Geschichte und den Ausgang des Spiels entscheidend ver\u00e4ndern. Sieben unterschiedliche Varianten, wie die Geschichte endet, sind m\u00f6glich.<br \/>Das Spiel wird von einer Webseite unterst\u00fctzt.<\/p>\n<p>Inhalt: 1 Spielplan, 18 Raum-Karten, 122 Entdeckungs-Karten, 9 Verzweiflungs-Karten, 18 Aktionsscheiben, 1 Story-Buch, 1 Spielanleitung<\/p>\n<p>Altersempfehlung: ab 16 Jahre<br \/>Spieldauer: 180-360 Minuten<br \/>Anzahl der Spieler: 1-4<br \/>27,5x19x7cm (LxBxH)<br \/>&nbsp;<\/p>\n<p>Achtung: Nicht f\u00fcr Kinder unter 36 Monaten geeignet wegen verschluckbarer Kleinteile, Erstickungsgefahr.<\/p>\n","protected":false},"excerpt":{"rendered":"<p>F\u00fcr die Aufl\u00f6sung dieses R\u00e4tselspieles sind Geduld und Teamwork n\u00f6tig. Warum liegt Lizzy ohne ersichtlichen Grund im Koma? Da die \u00c4rzte nicht mehr weiterwissen, macht sich Sam, ihr besorgter Vater, auf die Suche. R\u00e4tsel mit Tiefgang und eine packende Story locken in ein d\u00fcster spannendes Abenteuer.<\/p>\n","protected":false},"featured_media":15644,"comment_status":"closed","ping_status":"open","template":"","meta":[],"product_brand":[],"product_cat":[474],"product_tag":[],"class_list":{"0":"post-15643","1":"product","2":"type-product","3":"status-publish","4":"has-post-thumbnail","6":"product_cat-brettspiele","8":"first","9":"instock","10":"shipping-taxable","11":"purchasable","12":"product-type-simple"},"_links":{"self":[{"href":"https:\/\/9play.de\/shop\/wp-json\/wp\/v2\/product\/15643","targetHints":{"allow":["GET"]}}],"collection":[{"href":"https:\/\/9play.de\/shop\/wp-json\/wp\/v2\/product"}],"about":[{"href":"https:\/\/9play.de\/shop\/wp-json\/wp\/v2\/types\/product"}],"replies":[{"embeddable":true,"href":"https:\/\/9play.de\/shop\/wp-json\/wp\/v2\/comments?post=15643"}],"wp:featuredmedia":[{"embeddable":true,"href":"https:\/\/9play.de\/shop\/wp-json\/wp\/v2\/media\/15644"}],"wp:attachment":[{"href":"https:\/\/9play.de\/shop\/wp-json\/wp\/v2\/media?parent=15643"}],"wp:term":[{"taxonomy":"product_brand","embeddable":true,"href":"https:\/\/9play.de\/shop\/wp-json\/wp\/v2\/product_brand?post=15643"},{"taxonomy":"product_cat","embeddable":true,"href":"https:\/\/9play.de\/shop\/wp-json\/wp\/v2\/product_cat?post=15643"},{"taxonomy":"product_tag","embeddable":true,"href":"https:\/\/9play.de\/shop\/wp-json\/wp\/v2\/product_tag?post=15643"}],"curies":[{"name":"wp","href":"https:\/\/api.w.org\/{rel}","templated":true}]}}