{"id":15648,"date":"2024-10-06T18:06:12","date_gmt":"2024-10-06T16:06:12","guid":{"rendered":"https:\/\/9play.de\/shop\/produkt\/adventure-games-die-vulkaninsel\/"},"modified":"2024-10-06T18:06:32","modified_gmt":"2024-10-06T16:06:32","slug":"adventure-games-die-vulkaninsel","status":"publish","type":"product","link":"https:\/\/9play.de\/shop\/produkt\/adventure-games-die-vulkaninsel\/","title":{"rendered":"Adventure Games &#8211; Die Vulkaninsel"},"content":{"rendered":"<p>\u201eAdventure Games &#8211; Die Vulkaninsel\u201c ist ein kooperatives Erlebnisspiel.<br \/>Es funktioniert wie bei einem PC-Spiel \u2013 nur in analoger Form.<br \/>Einfache Regeln erlauben, dass das Gesellschaftsspiel schnell beginnen kann.<br \/>Die Spieler schl\u00fcpfen in die Rollen von vier Studierenden, die auf einer Vulkaninsel Schmugglern und mysteri\u00f6sen Geschehnissen auf der Spur sind.<br \/>Wie in einem Krimi m\u00fcssen sie R\u00e4tsel l\u00f6sen, Spuren verfolgen, Gegenst\u00e4nde untersuchen und benutzen sowie Entscheidungen treffen, die den Verlauf des Abenteuers beeinflussen.<br \/>Dabei erleben sie gemeinsam eine Geschichte.<br \/>Der Spielverlauf ist variabel und spielt sich in jeder Gruppe anders, auch durch die beiden unterschiedlichen Schlusskapitel.<br \/>Wer m\u00f6chte, l\u00e4sst sich die Texte per App vorlesen.<br \/>Ein weiteres spannendes Team-Erlebnis aus der Reihe der kooperativen Event-Spiele von KOSMOS!<\/p>\n<p>Inhalt: 1 Abenteuerbuch, 20 Ortstafeln, 120 Karten, 1 Anleitung, 4 Spielfiguren, 34 Pl\u00e4ttchen, 2 Zip-Beutel<\/p>\n<p>Altersempfehlung: ab 12 Jahre<br \/>Spieldauer: ca. 3 x 90 Minuten<br \/>Anzahl der Spieler: 1-4<br \/>Verpackungsgr\u00f6\u00dfe: 17,9&#215;12,9&#215;3,9cm (LxBxH)<br \/>&nbsp;<\/p>\n<p>Achtung: Nicht f\u00fcr Kinder unter 36 Monaten geeignet wegen verschluckbarer Kleinteile, Erstickungsgefahr.<\/p>\n","protected":false},"excerpt":{"rendered":"<p>Was geht hier vor sich? W\u00e4hrend die Polizei im Dunklen tappt, sind sich die Studierenden einig: Auf der Vulkaninsel geschehen mysteri\u00f6se Dinge, die sich nur mit K\u00f6pfchen und Teamgeist l\u00f6sen lassen.<\/p>\n","protected":false},"featured_media":15649,"comment_status":"closed","ping_status":"open","template":"","meta":[],"product_brand":[],"product_cat":[468],"product_tag":[],"class_list":{"0":"post-15648","1":"product","2":"type-product","3":"status-publish","4":"has-post-thumbnail","6":"product_cat-kartenspiele","8":"first","9":"instock","10":"shipping-taxable","11":"purchasable","12":"product-type-simple"},"_links":{"self":[{"href":"https:\/\/9play.de\/shop\/wp-json\/wp\/v2\/product\/15648","targetHints":{"allow":["GET"]}}],"collection":[{"href":"https:\/\/9play.de\/shop\/wp-json\/wp\/v2\/product"}],"about":[{"href":"https:\/\/9play.de\/shop\/wp-json\/wp\/v2\/types\/product"}],"replies":[{"embeddable":true,"href":"https:\/\/9play.de\/shop\/wp-json\/wp\/v2\/comments?post=15648"}],"wp:featuredmedia":[{"embeddable":true,"href":"https:\/\/9play.de\/shop\/wp-json\/wp\/v2\/media\/15649"}],"wp:attachment":[{"href":"https:\/\/9play.de\/shop\/wp-json\/wp\/v2\/media?parent=15648"}],"wp:term":[{"taxonomy":"product_brand","embeddable":true,"href":"https:\/\/9play.de\/shop\/wp-json\/wp\/v2\/product_brand?post=15648"},{"taxonomy":"product_cat","embeddable":true,"href":"https:\/\/9play.de\/shop\/wp-json\/wp\/v2\/product_cat?post=15648"},{"taxonomy":"product_tag","embeddable":true,"href":"https:\/\/9play.de\/shop\/wp-json\/wp\/v2\/product_tag?post=15648"}],"curies":[{"name":"wp","href":"https:\/\/api.w.org\/{rel}","templated":true}]}}