{"id":15653,"date":"2024-10-06T18:06:12","date_gmt":"2024-10-06T16:06:12","guid":{"rendered":"https:\/\/9play.de\/shop\/produkt\/adventure-games-grand-hotel-abaddon\/"},"modified":"2024-10-06T18:06:36","modified_gmt":"2024-10-06T16:06:36","slug":"adventure-games-grand-hotel-abaddon","status":"publish","type":"product","link":"https:\/\/9play.de\/shop\/produkt\/adventure-games-grand-hotel-abaddon\/","title":{"rendered":"Adventure Games &#8211; Grand Hotel Abaddon"},"content":{"rendered":"<p>Mutige aufgepasst!<br \/>Mit dem kooperativen Gesellschaftsspiel \u201eGrand Hotel Abaddon\u201c erleben Spieler ab 12 Jahren ein unheimliches Abenteuer.<br \/>Um zu erfahren, welche seltsamen Ereignisse sich in dem alten Geb\u00e4ude abspielen, m\u00fcssen sie Schritt f\u00fcr Schritt ihre Umgebung untersuchen und Gegenst\u00e4nde clever kombinieren \u2013 wie in einem Point and Click Adventure.<br \/>Erfolg im Abenteuerspiel hat nur, wer im Team arbeitet!<\/p>\n<p>Jeder der Spieler schl\u00fcpft in eine Rolle, verfolgt Spuren und trifft in Absprache mit den anderen Spielern Entscheidungen, die \u00fcber den weiteren Verlauf der Geschichte entscheiden.<br \/>Neben Anleitung und Abenteuerbuch helfen Karten, Gegenst\u00e4nde und Ortstafeln dabei, die Mystery-Geschichte zu entdecken und zu erleben.<br \/>Ein analoges PC Spiel, das vom ersten bis zum letzten Spielzug f\u00fcr Spannung sorgt!<\/p>\n<p>Inhalt: 1 Abenteuerbuch, 18 Ortstafeln, 110 Karten, 1 Anleitung, 4 Spielfiguren, 43 Pl\u00e4ttchen, 2 Zip-Beutel<\/p>\n<p>Altersempfehlung: ab 12 Jahre<br \/>Spieldauer: ca. 3 x 90 Minuten<br \/>Anzahl der Spieler: 1-4<br \/>Verpackungsgr\u00f6\u00dfe: 18x13x4cm (LxBxH)<\/p>\n<p>&nbsp;<\/p>\n<p>Achtung: Nicht f\u00fcr Kinder unter 36 Monaten geeignet wegen verschluckbarer Kleinteile, Erstickungsgefahr.<\/p>\n","protected":false},"excerpt":{"rendered":"<p>Spukt es hier wirklich? In drei Kapiteln gehen die 1\u20134 Spieler ab 12 Jahren in diesem Erlebnisspiel den seltsamen Vorkommnissen im Grand Hotel Abaddon auf den Grund. Dazu werden gefundene Gegenst\u00e4nde miteinander kombiniert und clever eingesetzt. Ein kooperatives Abenteuerspiel, das mit seinem umfangreichen Material f\u00fcr manch abenteuerlichen Spieleabend sorgt.<\/p>\n","protected":false},"featured_media":15654,"comment_status":"closed","ping_status":"open","template":"","meta":[],"product_brand":[],"product_cat":[468],"product_tag":[],"class_list":{"0":"post-15653","1":"product","2":"type-product","3":"status-publish","4":"has-post-thumbnail","6":"product_cat-kartenspiele","8":"first","9":"instock","10":"shipping-taxable","11":"purchasable","12":"product-type-simple"},"_links":{"self":[{"href":"https:\/\/9play.de\/shop\/wp-json\/wp\/v2\/product\/15653","targetHints":{"allow":["GET"]}}],"collection":[{"href":"https:\/\/9play.de\/shop\/wp-json\/wp\/v2\/product"}],"about":[{"href":"https:\/\/9play.de\/shop\/wp-json\/wp\/v2\/types\/product"}],"replies":[{"embeddable":true,"href":"https:\/\/9play.de\/shop\/wp-json\/wp\/v2\/comments?post=15653"}],"wp:featuredmedia":[{"embeddable":true,"href":"https:\/\/9play.de\/shop\/wp-json\/wp\/v2\/media\/15654"}],"wp:attachment":[{"href":"https:\/\/9play.de\/shop\/wp-json\/wp\/v2\/media?parent=15653"}],"wp:term":[{"taxonomy":"product_brand","embeddable":true,"href":"https:\/\/9play.de\/shop\/wp-json\/wp\/v2\/product_brand?post=15653"},{"taxonomy":"product_cat","embeddable":true,"href":"https:\/\/9play.de\/shop\/wp-json\/wp\/v2\/product_cat?post=15653"},{"taxonomy":"product_tag","embeddable":true,"href":"https:\/\/9play.de\/shop\/wp-json\/wp\/v2\/product_tag?post=15653"}],"curies":[{"name":"wp","href":"https:\/\/api.w.org\/{rel}","templated":true}]}}