{"id":15658,"date":"2024-10-06T18:06:12","date_gmt":"2024-10-06T16:06:12","guid":{"rendered":"https:\/\/9play.de\/shop\/produkt\/adventure-games-das-verlies\/"},"modified":"2024-10-06T18:06:40","modified_gmt":"2024-10-06T16:06:40","slug":"adventure-games-das-verlies","status":"publish","type":"product","link":"https:\/\/9play.de\/shop\/produkt\/adventure-games-das-verlies\/","title":{"rendered":"Adventure Games &#8211; Das Verlies"},"content":{"rendered":"<p>Spannendes Gesellschaftsspiel mit Abenteuer-Faktor!<br \/>Die Spieler erwachen in einem dunklen Kerker.<br \/>Der Weg nach drau\u00dfen scheint unm\u00f6glich, zumal sich niemand erinnern kann, was zuvor passiert ist.<\/p>\n<p>\u00c4hnlich wie in einem Adventure PC-Spiel m\u00fcssen die Spieler nun den Ort erkunden, sich mit Personen unterhalten, Hinweise finden, Gegenst\u00e4nde miteinander kombinieren und Geheimnisse l\u00fcften.<br \/>So kommen sie Schritt f\u00fcr Schritt der Geschichte auf die Spur und k\u00f6nnen (hoffentlich) fliehen.<br \/>Spannend bis zum letzten Zug.<br \/>Ein Brettspiel in drei Kapiteln ab zw\u00f6lf Jahren, mit einfachen Regeln \u2013 los geht\u2019s!<\/p>\n<p>Inhalt: 1 Abenteuerbuch, 109 Abenteuerkarten, 18 Raumkarten, 4 Spielfiguren, 2 Zip-Beutel, 1 Spielanleitung<\/p>\n<p>Altersempfehlung: ab 12 Jahre<br \/>Spieldauer: 3x 90 Minuten<br \/>Anzahl der Spieler: 1-4 Spieler<br \/>Verpackungsgr\u00f6\u00dfe: 17,8&#215;12,8x4cm (LxBxH)<br \/>&nbsp;<\/p>\n<p>Achtung: Nicht f\u00fcr Kinder unter 36 Monaten geeignet wegen verschluckbarer Kleinteile, Erstickungsgefahr.<\/p>\n","protected":false},"excerpt":{"rendered":"<p>Nervenkitzel pur! Die Spieler erwachen bei diesem Abenteuer-Brettspiel in einem Kerker. Der Weg nach drau\u00dfen scheint unm\u00f6glich. \u00c4hnlich wie in einem PC-Adventure m\u00fcssen die Spieler nun die R\u00e4ume erkunden, sich mit Personen unterhalten, Hinweise finden, Gegenst\u00e4nde miteinander kombinieren und Geheimnisse l\u00fcften \u2013 spannend!<\/p>\n","protected":false},"featured_media":15659,"comment_status":"closed","ping_status":"open","template":"","meta":[],"product_brand":[],"product_cat":[468],"product_tag":[],"class_list":{"0":"post-15658","1":"product","2":"type-product","3":"status-publish","4":"has-post-thumbnail","6":"product_cat-kartenspiele","8":"first","9":"instock","10":"shipping-taxable","11":"purchasable","12":"product-type-simple"},"_links":{"self":[{"href":"https:\/\/9play.de\/shop\/wp-json\/wp\/v2\/product\/15658","targetHints":{"allow":["GET"]}}],"collection":[{"href":"https:\/\/9play.de\/shop\/wp-json\/wp\/v2\/product"}],"about":[{"href":"https:\/\/9play.de\/shop\/wp-json\/wp\/v2\/types\/product"}],"replies":[{"embeddable":true,"href":"https:\/\/9play.de\/shop\/wp-json\/wp\/v2\/comments?post=15658"}],"wp:featuredmedia":[{"embeddable":true,"href":"https:\/\/9play.de\/shop\/wp-json\/wp\/v2\/media\/15659"}],"wp:attachment":[{"href":"https:\/\/9play.de\/shop\/wp-json\/wp\/v2\/media?parent=15658"}],"wp:term":[{"taxonomy":"product_brand","embeddable":true,"href":"https:\/\/9play.de\/shop\/wp-json\/wp\/v2\/product_brand?post=15658"},{"taxonomy":"product_cat","embeddable":true,"href":"https:\/\/9play.de\/shop\/wp-json\/wp\/v2\/product_cat?post=15658"},{"taxonomy":"product_tag","embeddable":true,"href":"https:\/\/9play.de\/shop\/wp-json\/wp\/v2\/product_tag?post=15658"}],"curies":[{"name":"wp","href":"https:\/\/api.w.org\/{rel}","templated":true}]}}