{"id":15663,"date":"2024-10-06T18:06:12","date_gmt":"2024-10-06T16:06:12","guid":{"rendered":"https:\/\/9play.de\/shop\/produkt\/adventure-games-die-monochrome-ag\/"},"modified":"2024-10-06T18:06:45","modified_gmt":"2024-10-06T16:06:45","slug":"adventure-games-die-monochrome-ag","status":"publish","type":"product","link":"https:\/\/9play.de\/shop\/produkt\/adventure-games-die-monochrome-ag\/","title":{"rendered":"Adventure Games &#8211; Die Monochrome AG"},"content":{"rendered":"<p>Das Abenteuer geht los!<br \/>Die Spieler brechen in diesem Thriller in ein Forschungsgeb\u00e4ude der Monochrome AG ein.<br \/>Dort angelangt sind sie auf sich allein gestellt.<br \/>\u00c4hnlich wie in einem PC-Spiel m\u00fcssen die Spieler nun Orte erkunden, Gegenst\u00e4nde miteinander kombinieren, Hinweise finden und sich mit Personen unterhalten.<br \/>Nur so kommen sie Schritt f\u00fcr Schritt den Zusammenh\u00e4ngen auf die Spur.<br \/>Ein kooperatives Gesellschaftsspiel in drei Kapiteln ab 16 Jahren, mit einfachen Regeln und spannend bis zum Schluss!<\/p>\n<p>Inhalt: 1 Abenteuerbuch, 19 Ebenentafeln, 110 Karten, 1 Anleitung, 4 Spielfiguren, 2 Zip-Beutel<\/p>\n<p>Altersempfehlung: ab 16 Jahre<br \/>Spieldauer: ca. 3 x 90 Minuten<br \/>Anzahl der Spieler: 1-4 Spieler<br \/>Verpackungsgr\u00f6\u00dfe: 17,8&#215;12,8x4cm (LxBxH)<br \/>&nbsp;<\/p>\n<p>Achtung: Nicht geeignet f\u00fcr Kinder unter 16 Jahren. Benutzung unter Aufsicht von Erwachsenen.<br \/>Achtung: Nicht f\u00fcr Kinder unter 36 Monaten geeignet wegen verschluckbarer Kleinteile, Erstickungsgefahr.<\/p>\n","protected":false},"excerpt":{"rendered":"<p>Hochspannung in drei Kapiteln: In diesem analogen PC-Adventure brechen die Spieler gemeinschaftlich in die Monochrome AG ein um einen Auftrag zu erf\u00fcllen. Doch was die Spieler dort entdecken, l\u00e4sst ihnen den Atem stocken.<\/p>\n","protected":false},"featured_media":15664,"comment_status":"closed","ping_status":"open","template":"","meta":[],"product_brand":[],"product_cat":[468],"product_tag":[],"class_list":{"0":"post-15663","1":"product","2":"type-product","3":"status-publish","4":"has-post-thumbnail","6":"product_cat-kartenspiele","8":"first","9":"instock","10":"shipping-taxable","11":"purchasable","12":"product-type-simple"},"_links":{"self":[{"href":"https:\/\/9play.de\/shop\/wp-json\/wp\/v2\/product\/15663","targetHints":{"allow":["GET"]}}],"collection":[{"href":"https:\/\/9play.de\/shop\/wp-json\/wp\/v2\/product"}],"about":[{"href":"https:\/\/9play.de\/shop\/wp-json\/wp\/v2\/types\/product"}],"replies":[{"embeddable":true,"href":"https:\/\/9play.de\/shop\/wp-json\/wp\/v2\/comments?post=15663"}],"wp:featuredmedia":[{"embeddable":true,"href":"https:\/\/9play.de\/shop\/wp-json\/wp\/v2\/media\/15664"}],"wp:attachment":[{"href":"https:\/\/9play.de\/shop\/wp-json\/wp\/v2\/media?parent=15663"}],"wp:term":[{"taxonomy":"product_brand","embeddable":true,"href":"https:\/\/9play.de\/shop\/wp-json\/wp\/v2\/product_brand?post=15663"},{"taxonomy":"product_cat","embeddable":true,"href":"https:\/\/9play.de\/shop\/wp-json\/wp\/v2\/product_cat?post=15663"},{"taxonomy":"product_tag","embeddable":true,"href":"https:\/\/9play.de\/shop\/wp-json\/wp\/v2\/product_tag?post=15663"}],"curies":[{"name":"wp","href":"https:\/\/api.w.org\/{rel}","templated":true}]}}