{"id":15678,"date":"2024-10-06T18:06:12","date_gmt":"2024-10-06T16:06:12","guid":{"rendered":"https:\/\/9play.de\/shop\/produkt\/adventure-games-die-akte-gloom-city\/"},"modified":"2024-10-06T18:06:58","modified_gmt":"2024-10-06T16:06:58","slug":"adventure-games-die-akte-gloom-city","status":"publish","type":"product","link":"https:\/\/9play.de\/shop\/produkt\/adventure-games-die-akte-gloom-city\/","title":{"rendered":"Adventure Games &#8211; Die Akte Gloom City"},"content":{"rendered":"<p>Unruhige Zeiten in Gloom City!<br \/>In drei Kapiteln bekommen es die Spieler mit einem komplizierten Fall zu tun, der sie selbst in gro\u00dfe Gefahr bringt.<br \/>Wer hat die Geiseln in die verlassene Nervenheilanstalt gebracht?<br \/>Nur im Team kann der T\u00e4ter gefunden werden.<br \/>Daf\u00fcr gehen die Spieler im kooperativen Erlebnisspiel auf Spurensuche, l\u00f6sen R\u00e4tsel, durchforsten mehrere Orte und treffen auf Bewohner von Gloom City.<br \/>Jeder Spieler \u00fcbernimmt im analogen PC-Spiel eine bestimmte Rolle.<br \/>Wie die Geschichte ausgeht? Das liegt an den Spielern.<br \/>Denn alle Entscheidungen werden gemeinsam getroffen.<\/p>\n<p>Mystery und Crime \u2013 ein unvergesslicher Spieleabend steht bevor!<\/p>\n<p>Inhalt: vorl\u00e4ufig: 1 Abenteuerbuch, 18 Ortstafeln, 120 Karten, 1 Anleitung, 4 Spielfiguren, 49 Pl\u00e4ttchen, 2 Zip-Beutel<\/p>\n<p>Altersempfehlung: ab 16 Jahre<br \/>Spieldauer: ca. 3&#215;90 Minuten<br \/>Anzahl der Spieler: 1-4<br \/>Verpackungsgr\u00f6\u00dfe: 18x13x4cm (LxBxH)<br \/>&nbsp;<\/p>\n<p>Achtung: Nicht f\u00fcr Kinder unter 36 Monaten geeignet wegen verschluckbarer Kleinteile, Erstickungsgefahr.<\/p>\n","protected":false},"excerpt":{"rendered":"<p>Lust auf Abenteuer? Mystery in drei Kapiteln! In diesem Adventure Games l\u00f6sen die Spieler gemeinsam R\u00e4tsel, die sie auf die Spur der vermissten Geiseln f\u00fchren. Dazu untersuchen sie unter anderem die verlassene und unheimliche Nervenheilanstalt und befragen Zeugen und Bewohner von Gloom City. Werden sie gemeinsam den Fall l\u00f6sen? Eine geniale Geschichte und ein analoges PC-Spiel f\u00fcr 1 \u2013 4 Spieler.<\/p>\n","protected":false},"featured_media":15679,"comment_status":"closed","ping_status":"open","template":"","meta":[],"product_brand":[],"product_cat":[468],"product_tag":[],"class_list":{"0":"post-15678","1":"product","2":"type-product","3":"status-publish","4":"has-post-thumbnail","6":"product_cat-kartenspiele","8":"first","9":"instock","10":"shipping-taxable","11":"purchasable","12":"product-type-simple"},"_links":{"self":[{"href":"https:\/\/9play.de\/shop\/wp-json\/wp\/v2\/product\/15678","targetHints":{"allow":["GET"]}}],"collection":[{"href":"https:\/\/9play.de\/shop\/wp-json\/wp\/v2\/product"}],"about":[{"href":"https:\/\/9play.de\/shop\/wp-json\/wp\/v2\/types\/product"}],"replies":[{"embeddable":true,"href":"https:\/\/9play.de\/shop\/wp-json\/wp\/v2\/comments?post=15678"}],"wp:featuredmedia":[{"embeddable":true,"href":"https:\/\/9play.de\/shop\/wp-json\/wp\/v2\/media\/15679"}],"wp:attachment":[{"href":"https:\/\/9play.de\/shop\/wp-json\/wp\/v2\/media?parent=15678"}],"wp:term":[{"taxonomy":"product_brand","embeddable":true,"href":"https:\/\/9play.de\/shop\/wp-json\/wp\/v2\/product_brand?post=15678"},{"taxonomy":"product_cat","embeddable":true,"href":"https:\/\/9play.de\/shop\/wp-json\/wp\/v2\/product_cat?post=15678"},{"taxonomy":"product_tag","embeddable":true,"href":"https:\/\/9play.de\/shop\/wp-json\/wp\/v2\/product_tag?post=15678"}],"curies":[{"name":"wp","href":"https:\/\/api.w.org\/{rel}","templated":true}]}}